{"id":46296,"date":"2024-02-12T16:19:21","date_gmt":"2024-02-12T16:19:21","guid":{"rendered":"https:\/\/sks.surf\/sklep\/?post_type=product&#038;p=46296"},"modified":"2024-10-07T14:02:36","modified_gmt":"2024-10-07T14:02:36","slug":"latawiec-ozone-edge-v12","status":"publish","type":"product","link":"https:\/\/sks.surf\/sklep\/produkt\/latawiec-ozone-edge-v12\/","title":{"rendered":"Latawiec Ozone Edge V12"},"content":{"rendered":"<p>Ozone Edge V12 pozostaje wierny swojemu pierwotnemu celowi dostarczania adrenaliny podczas sesji na wodzie dla rider\u00f3w, kt\u00f3rzy pragn\u0105 prawdziwej mocy, pr\u0119dko\u015bci i szalonego hang time!<\/p>\n<p>Pe\u0142na moc na wyci\u0105gni\u0119cie r\u0119ki. Od momentu powstania pierwszego Edka w 2007 roku, Edge zosta\u0142 zbudowany z my\u015bl\u0105 o zapewnieniu najlepszych wra\u017ce\u0144, osi\u0105gania osza\u0142amiaj\u0105cych pr\u0119dko\u015bci i \u0142amaniu praw grawitacji w powietrzu.<\/p>\n<p>Po 16 latach udoskonalania Edge, wersja V12 oferuje r\u00f3wnie\u017c najwy\u017csz\u0105 jako\u015b\u0107 prowadzenia, kt\u00f3ra do\u0142aduje sesje ka\u017cdego \u015brednio zaawansowanego ridera, a nie tylko super wysoko lataj\u0105cych wyjadaczy!<\/p>\n<ul>\n<li>Uniwersalna maszyna do swobodnego latania z szalon\u0105 wydajno\u015bci\u0105 p\u0142ywania pod wiatr,<\/li>\n<li>Ogromne moc przy wybiciu i d\u0142ugi hang time,<\/li>\n<li>Ultra napi\u0119ta czasza i wytrzyma\u0142a konstrukcja,<\/li>\n<li>Doskona\u0142a kontrola w ka\u017cdych warunkach,<\/li>\n<\/ul>\n<div class=\"spec-content\">\n<figure class=\"wind-range\">\n<div class=\"wind-range__row\">\n<div class=\"wind-range__row__graph\">\n<div class=\"sweetspot animated lateralFade__pending lateralFade\" data-ozone-scroll=\"lateralFade\" data-ozone-time-offset=\"800\">\n<h2 style=\"text-align: left;\">Wind Range<\/h2>\n<p style=\"text-align: left;\">Przy riderze wa\u017c\u0105cym 80 kg<\/p>\n<table class=\" alignleft\">\n<tbody>\n<tr>\n<th>Size<\/th>\n<th>Knots<\/th>\n<\/tr>\n<tr>\n<td>5<\/td>\n<td>20-35<\/td>\n<\/tr>\n<tr>\n<td>6<\/td>\n<td>19-34<\/td>\n<\/tr>\n<tr>\n<td>7<\/td>\n<td>18-30<\/td>\n<\/tr>\n<tr>\n<td>8<\/td>\n<td>17-29<\/td>\n<\/tr>\n<tr>\n<td>9<\/td>\n<td>16-27<\/td>\n<\/tr>\n<tr>\n<td>10<\/td>\n<td>13-25<\/td>\n<\/tr>\n<tr>\n<td>11<\/td>\n<td>12-24<\/td>\n<\/tr>\n<tr>\n<td>13<\/td>\n<td>10-20<\/td>\n<\/tr>\n<tr>\n<td>15<\/td>\n<td>7-18<\/td>\n<\/tr>\n<tr>\n<td>17<\/td>\n<td>6-15<\/td>\n<\/tr>\n<tr>\n<td>19<\/td>\n<td>5-14<\/td>\n<\/tr>\n<\/tbody>\n<\/table>\n<\/div>\n<\/div>\n<\/div>\n<\/figure>\n<\/div>\n","protected":false},"excerpt":{"rendered":"<p>Ozone Edge V12 pozostaje wierny swojemu pierwotnemu celowi dostarczania adrenaliny podczas sesji na wodzie dla rider\u00f3w, kt\u00f3rzy pragn\u0105 prawdziwej mocy, pr\u0119dko\u015bci i szalonego hang time! Pe\u0142na moc na wyci\u0105gni\u0119cie r\u0119ki. Od momentu powstania pierwszego Edka w 2007 roku, Edge zosta\u0142 zbudowany z my\u015bl\u0105 o zapewnieniu najlepszych wra\u017ce\u0144, osi\u0105gania osza\u0142amiaj\u0105cych pr\u0119dko\u015bci i \u0142amaniu praw grawitacji w [&hellip;]<\/p>\n","protected":false},"featured_media":46333,"template":"","meta":[],"product_cat":[216,217,245],"product_tag":[459,471,462,402,465,470,472],"yoast_head":"<!-- This site is optimized with the Yoast SEO Premium plugin v22.3 (Yoast SEO v22.6) - https:\/\/yoast.com\/wordpress\/plugins\/seo\/ -->\n<title>Latawiec Ozone Edge V12<\/title>\n<meta name=\"description\" content=\"Sklep Online KITE \u2022 WIND \u2022 SURF - dysponujemy szerokim wyborem asortymentu do Kitesurfingu, Windsurfingu i Surfing. Sprawd\u017a r\u00f3wnie\u017c nasze akcesoria. %\" \/>\n<meta name=\"robots\" content=\"index, follow, max-snippet:-1, max-image-preview:large, max-video-preview:-1\" \/>\n<link rel=\"canonical\" href=\"https:\/\/sks.surf\/sklep\/produkt\/latawiec-ozone-edge-v12\/\" \/>\n<meta property=\"og:locale\" content=\"pl_PL\" \/>\n<meta property=\"og:type\" content=\"article\" \/>\n<meta property=\"og:title\" content=\"Latawiec Ozone Edge V12\" \/>\n<meta property=\"og:description\" content=\"Sklep Online KITE \u2022 WIND \u2022 SURF - dysponujemy szerokim wyborem asortymentu do Kitesurfingu, Windsurfingu i Surfing. Sprawd\u017a r\u00f3wnie\u017c nasze akcesoria.\" \/>\n<meta property=\"og:url\" content=\"https:\/\/sks.surf\/sklep\/produkt\/latawiec-ozone-edge-v12\/\" \/>\n<meta property=\"og:site_name\" content=\"SKS\" \/>\n<meta property=\"article:publisher\" content=\"https:\/\/www.facebook.com\/SurfingowyKlubSportowy\" \/>\n<meta property=\"article:modified_time\" content=\"2024-10-07T14:02:36+00:00\" \/>\n<meta property=\"og:image\" content=\"https:\/\/sks.surf\/sklep\/wp-content\/uploads\/2024\/02\/edge-v12-zol.jpg\" \/>\n\t<meta property=\"og:image:width\" content=\"1389\" \/>\n\t<meta property=\"og:image:height\" content=\"1389\" \/>\n\t<meta property=\"og:image:type\" content=\"image\/jpeg\" \/>\n<meta name=\"twitter:card\" content=\"summary_large_image\" \/>\n<meta name=\"twitter:label1\" content=\"Szacowany czas czytania\" \/>\n\t<meta name=\"twitter:data1\" content=\"1 minuta\" \/>\n<script type=\"application\/ld+json\" class=\"yoast-schema-graph\">{\"@context\":\"https:\/\/schema.org\",\"@graph\":[{\"@type\":\"WebPage\",\"@id\":\"https:\/\/sks.surf\/sklep\/produkt\/latawiec-ozone-edge-v12\/\",\"url\":\"https:\/\/sks.surf\/sklep\/produkt\/latawiec-ozone-edge-v12\/\",\"name\":\"Latawiec Ozone Edge V12\",\"isPartOf\":{\"@id\":\"https:\/\/sks.surf\/sklep\/#website\"},\"primaryImageOfPage\":{\"@id\":\"https:\/\/sks.surf\/sklep\/produkt\/latawiec-ozone-edge-v12\/#primaryimage\"},\"image\":{\"@id\":\"https:\/\/sks.surf\/sklep\/produkt\/latawiec-ozone-edge-v12\/#primaryimage\"},\"thumbnailUrl\":\"https:\/\/sks.surf\/sklep\/wp-content\/uploads\/2024\/02\/edge-v12-zol.jpg\",\"datePublished\":\"2024-02-12T16:19:21+00:00\",\"dateModified\":\"2024-10-07T14:02:36+00:00\",\"description\":\"Sklep Online KITE \u2022 WIND \u2022 SURF - dysponujemy szerokim wyborem asortymentu do Kitesurfingu, Windsurfingu i Surfing. Sprawd\u017a r\u00f3wnie\u017c nasze akcesoria. %\",\"breadcrumb\":{\"@id\":\"https:\/\/sks.surf\/sklep\/produkt\/latawiec-ozone-edge-v12\/#breadcrumb\"},\"inLanguage\":\"pl-PL\",\"potentialAction\":[{\"@type\":\"ReadAction\",\"target\":[\"https:\/\/sks.surf\/sklep\/produkt\/latawiec-ozone-edge-v12\/\"]}]},{\"@type\":\"ImageObject\",\"inLanguage\":\"pl-PL\",\"@id\":\"https:\/\/sks.surf\/sklep\/produkt\/latawiec-ozone-edge-v12\/#primaryimage\",\"url\":\"https:\/\/sks.surf\/sklep\/wp-content\/uploads\/2024\/02\/edge-v12-zol.jpg\",\"contentUrl\":\"https:\/\/sks.surf\/sklep\/wp-content\/uploads\/2024\/02\/edge-v12-zol.jpg\",\"width\":1389,\"height\":1389},{\"@type\":\"BreadcrumbList\",\"@id\":\"https:\/\/sks.surf\/sklep\/produkt\/latawiec-ozone-edge-v12\/#breadcrumb\",\"itemListElement\":[{\"@type\":\"ListItem\",\"position\":1,\"name\":\"Strona g\u0142\u00f3wna\",\"item\":\"https:\/\/sks.surf\/sklep\/\"},{\"@type\":\"ListItem\",\"position\":2,\"name\":\"Shop\",\"item\":\"https:\/\/sks.surf\/sklep\/?page_id=44154\"},{\"@type\":\"ListItem\",\"position\":3,\"name\":\"Latawiec Ozone Edge V12\"}]},{\"@type\":\"WebSite\",\"@id\":\"https:\/\/sks.surf\/sklep\/#website\",\"url\":\"https:\/\/sks.surf\/sklep\/\",\"name\":\"SKS\",\"description\":\"Sklep Online\",\"publisher\":{\"@id\":\"https:\/\/sks.surf\/sklep\/#organization\"},\"potentialAction\":[{\"@type\":\"SearchAction\",\"target\":{\"@type\":\"EntryPoint\",\"urlTemplate\":\"https:\/\/sks.surf\/sklep\/?s={search_term_string}\"},\"query-input\":\"required name=search_term_string\"}],\"inLanguage\":\"pl-PL\"},{\"@type\":\"Organization\",\"@id\":\"https:\/\/sks.surf\/sklep\/#organization\",\"name\":\"SKS\",\"alternateName\":\"SKS - Sklep Online\",\"url\":\"https:\/\/sks.surf\/sklep\/\",\"logo\":{\"@type\":\"ImageObject\",\"inLanguage\":\"pl-PL\",\"@id\":\"https:\/\/sks.surf\/sklep\/#\/schema\/logo\/image\/\",\"url\":\"https:\/\/sks.surf\/sklep\/wp-content\/uploads\/2024\/04\/logo-sks-kwadrat.jpeg\",\"contentUrl\":\"https:\/\/sks.surf\/sklep\/wp-content\/uploads\/2024\/04\/logo-sks-kwadrat.jpeg\",\"width\":2000,\"height\":2000,\"caption\":\"SKS\"},\"image\":{\"@id\":\"https:\/\/sks.surf\/sklep\/#\/schema\/logo\/image\/\"},\"sameAs\":[\"https:\/\/www.facebook.com\/SurfingowyKlubSportowy\"]}]}<\/script>\n<!-- \/ Yoast SEO Premium plugin. -->","yoast_head_json":{"title":"Latawiec Ozone Edge V12","description":"Sklep Online KITE \u2022 WIND \u2022 SURF - dysponujemy szerokim wyborem asortymentu do Kitesurfingu, Windsurfingu i Surfing. Sprawd\u017a r\u00f3wnie\u017c nasze akcesoria. %","robots":{"index":"index","follow":"follow","max-snippet":"max-snippet:-1","max-image-preview":"max-image-preview:large","max-video-preview":"max-video-preview:-1"},"canonical":"https:\/\/sks.surf\/sklep\/produkt\/latawiec-ozone-edge-v12\/","og_locale":"pl_PL","og_type":"article","og_title":"Latawiec Ozone Edge V12","og_description":"Sklep Online KITE \u2022 WIND \u2022 SURF - dysponujemy szerokim wyborem asortymentu do Kitesurfingu, Windsurfingu i Surfing. Sprawd\u017a r\u00f3wnie\u017c nasze akcesoria.","og_url":"https:\/\/sks.surf\/sklep\/produkt\/latawiec-ozone-edge-v12\/","og_site_name":"SKS","article_publisher":"https:\/\/www.facebook.com\/SurfingowyKlubSportowy","article_modified_time":"2024-10-07T14:02:36+00:00","og_image":[{"width":1389,"height":1389,"url":"https:\/\/sks.surf\/sklep\/wp-content\/uploads\/2024\/02\/edge-v12-zol.jpg","type":"image\/jpeg"}],"twitter_card":"summary_large_image","twitter_misc":{"Szacowany czas czytania":"1 minuta"},"schema":{"@context":"https:\/\/schema.org","@graph":[{"@type":"WebPage","@id":"https:\/\/sks.surf\/sklep\/produkt\/latawiec-ozone-edge-v12\/","url":"https:\/\/sks.surf\/sklep\/produkt\/latawiec-ozone-edge-v12\/","name":"Latawiec Ozone Edge V12","isPartOf":{"@id":"https:\/\/sks.surf\/sklep\/#website"},"primaryImageOfPage":{"@id":"https:\/\/sks.surf\/sklep\/produkt\/latawiec-ozone-edge-v12\/#primaryimage"},"image":{"@id":"https:\/\/sks.surf\/sklep\/produkt\/latawiec-ozone-edge-v12\/#primaryimage"},"thumbnailUrl":"https:\/\/sks.surf\/sklep\/wp-content\/uploads\/2024\/02\/edge-v12-zol.jpg","datePublished":"2024-02-12T16:19:21+00:00","dateModified":"2024-10-07T14:02:36+00:00","description":"Sklep Online KITE \u2022 WIND \u2022 SURF - dysponujemy szerokim wyborem asortymentu do Kitesurfingu, Windsurfingu i Surfing. Sprawd\u017a r\u00f3wnie\u017c nasze akcesoria. %","breadcrumb":{"@id":"https:\/\/sks.surf\/sklep\/produkt\/latawiec-ozone-edge-v12\/#breadcrumb"},"inLanguage":"pl-PL","potentialAction":[{"@type":"ReadAction","target":["https:\/\/sks.surf\/sklep\/produkt\/latawiec-ozone-edge-v12\/"]}]},{"@type":"ImageObject","inLanguage":"pl-PL","@id":"https:\/\/sks.surf\/sklep\/produkt\/latawiec-ozone-edge-v12\/#primaryimage","url":"https:\/\/sks.surf\/sklep\/wp-content\/uploads\/2024\/02\/edge-v12-zol.jpg","contentUrl":"https:\/\/sks.surf\/sklep\/wp-content\/uploads\/2024\/02\/edge-v12-zol.jpg","width":1389,"height":1389},{"@type":"BreadcrumbList","@id":"https:\/\/sks.surf\/sklep\/produkt\/latawiec-ozone-edge-v12\/#breadcrumb","itemListElement":[{"@type":"ListItem","position":1,"name":"Strona g\u0142\u00f3wna","item":"https:\/\/sks.surf\/sklep\/"},{"@type":"ListItem","position":2,"name":"Shop","item":"https:\/\/sks.surf\/sklep\/?page_id=44154"},{"@type":"ListItem","position":3,"name":"Latawiec Ozone Edge V12"}]},{"@type":"WebSite","@id":"https:\/\/sks.surf\/sklep\/#website","url":"https:\/\/sks.surf\/sklep\/","name":"SKS","description":"Sklep Online","publisher":{"@id":"https:\/\/sks.surf\/sklep\/#organization"},"potentialAction":[{"@type":"SearchAction","target":{"@type":"EntryPoint","urlTemplate":"https:\/\/sks.surf\/sklep\/?s={search_term_string}"},"query-input":"required name=search_term_string"}],"inLanguage":"pl-PL"},{"@type":"Organization","@id":"https:\/\/sks.surf\/sklep\/#organization","name":"SKS","alternateName":"SKS - Sklep Online","url":"https:\/\/sks.surf\/sklep\/","logo":{"@type":"ImageObject","inLanguage":"pl-PL","@id":"https:\/\/sks.surf\/sklep\/#\/schema\/logo\/image\/","url":"https:\/\/sks.surf\/sklep\/wp-content\/uploads\/2024\/04\/logo-sks-kwadrat.jpeg","contentUrl":"https:\/\/sks.surf\/sklep\/wp-content\/uploads\/2024\/04\/logo-sks-kwadrat.jpeg","width":2000,"height":2000,"caption":"SKS"},"image":{"@id":"https:\/\/sks.surf\/sklep\/#\/schema\/logo\/image\/"},"sameAs":["https:\/\/www.facebook.com\/SurfingowyKlubSportowy"]}]}},"_links":{"self":[{"href":"https:\/\/sks.surf\/sklep\/wp-json\/wp\/v2\/product\/46296"}],"collection":[{"href":"https:\/\/sks.surf\/sklep\/wp-json\/wp\/v2\/product"}],"about":[{"href":"https:\/\/sks.surf\/sklep\/wp-json\/wp\/v2\/types\/product"}],"version-history":[{"count":3,"href":"https:\/\/sks.surf\/sklep\/wp-json\/wp\/v2\/product\/46296\/revisions"}],"predecessor-version":[{"id":49425,"href":"https:\/\/sks.surf\/sklep\/wp-json\/wp\/v2\/product\/46296\/revisions\/49425"}],"wp:featuredmedia":[{"embeddable":true,"href":"https:\/\/sks.surf\/sklep\/wp-json\/wp\/v2\/media\/46333"}],"wp:attachment":[{"href":"https:\/\/sks.surf\/sklep\/wp-json\/wp\/v2\/media?parent=46296"}],"wp:term":[{"taxonomy":"product_cat","embeddable":true,"href":"https:\/\/sks.surf\/sklep\/wp-json\/wp\/v2\/product_cat?post=46296"},{"taxonomy":"product_tag","embeddable":true,"href":"https:\/\/sks.surf\/sklep\/wp-json\/wp\/v2\/product_tag?post=46296"}],"curies":[{"name":"wp","href":"https:\/\/api.w.org\/{rel}","templated":true}]}}