{"id":46300,"date":"2024-02-12T16:19:21","date_gmt":"2024-02-12T16:19:21","guid":{"rendered":"https:\/\/sks.surf\/sklep\/?post_type=product&#038;p=46300"},"modified":"2024-10-07T19:35:09","modified_gmt":"2024-10-07T19:35:09","slug":"latawiec-ozone-zephyr-v8-ultra-x","status":"publish","type":"product","link":"https:\/\/sks.surf\/sklep\/produkt\/latawiec-ozone-zephyr-v8-ultra-x\/","title":{"rendered":"Latawiec Ozone Zephyr V8 Ultra X"},"content":{"rendered":"<p><strong>Zephyr V8:<\/strong><\/p>\n<ul>\n<li>latawiec stworzony do freeride, dostosowany do ka\u017cdej si\u0142y wiatru,<\/li>\n<li>ogromny zakres wiatrowy, 6-20 w\u0119z\u0142\u00f3w,<\/li>\n<li>o 17% l\u017cejsza konstrukcja i bardziej reaktywny, dzi\u0119ki materia\u0142wi Ultra-X,<\/li>\n<li>\u0142atwo\u015b\u0107 p\u0142ywania i ponownego startu nawet przy ultra s\u0142abym wietrze<\/li>\n<\/ul>\n<p>&nbsp;<\/p>\n<p>Zephyr V8 Ultra-X ma teraz wi\u0119cej detali, kt\u00f3re przyczyniaj\u0105 si\u0119 do czystszego og\u00f3lnego profilu latawca.<\/p>\n<p>Wprowadzenie lekkiego materia\u0142u &#8222;Ultra-X&#8221; sprawi\u0142o, \u017ce waga tego pot\u0119\u017cnego 17-metrowego latawca zosta\u0142a zredukowana o 17%, co ma kluczowe znaczenie dla \u0142atwo\u015bci p\u0142ywania na nim.<\/p>\n<p>V8 ma teraz wi\u0119kszy ci\u0105g i szybciej reaguje przy s\u0142abszym wiatrze, oferuj\u0105c jednocze\u015bnie wi\u0119kszy komfort i pewno\u015b\u0107 siebie w g\u00f3rnym zakresie wiatrowym.<\/p>\n","protected":false},"excerpt":{"rendered":"<p>Zephyr V8: latawiec stworzony do freeride, dostosowany do ka\u017cdej si\u0142y wiatru, ogromny zakres wiatrowy, 6-20 w\u0119z\u0142\u00f3w, o 17% l\u017cejsza konstrukcja i bardziej reaktywny, dzi\u0119ki materia\u0142wi Ultra-X, \u0142atwo\u015b\u0107 p\u0142ywania i ponownego startu nawet przy ultra s\u0142abym wietrze &nbsp; Zephyr V8 Ultra-X ma teraz wi\u0119cej detali, kt\u00f3re przyczyniaj\u0105 si\u0119 do czystszego og\u00f3lnego profilu latawca. Wprowadzenie lekkiego materia\u0142u [&hellip;]<\/p>\n","protected":false},"featured_media":46358,"template":"","meta":[],"product_cat":[216,217,245],"product_tag":[465,473,449,481,480],"yoast_head":"<!-- This site is optimized with the Yoast SEO Premium plugin v22.3 (Yoast SEO v22.6) - https:\/\/yoast.com\/wordpress\/plugins\/seo\/ -->\n<title>Latawiec Ozone Zephyr V8 Ultra X<\/title>\n<meta name=\"description\" content=\"Sklep Online KITE \u2022 WIND \u2022 SURF - dysponujemy szerokim wyborem asortymentu do Kitesurfingu, Windsurfingu i Surfing. Sprawd\u017a r\u00f3wnie\u017c nasze akcesoria. %\" \/>\n<meta name=\"robots\" content=\"index, follow, max-snippet:-1, max-image-preview:large, max-video-preview:-1\" \/>\n<link rel=\"canonical\" href=\"https:\/\/sks.surf\/sklep\/produkt\/latawiec-ozone-zephyr-v8-ultra-x\/\" \/>\n<meta property=\"og:locale\" content=\"pl_PL\" \/>\n<meta property=\"og:type\" content=\"article\" \/>\n<meta property=\"og:title\" content=\"Latawiec Ozone Zephyr V8 Ultra X\" \/>\n<meta property=\"og:description\" content=\"Sklep Online KITE \u2022 WIND \u2022 SURF - dysponujemy szerokim wyborem asortymentu do Kitesurfingu, Windsurfingu i Surfing. Sprawd\u017a r\u00f3wnie\u017c nasze akcesoria.\" \/>\n<meta property=\"og:url\" content=\"https:\/\/sks.surf\/sklep\/produkt\/latawiec-ozone-zephyr-v8-ultra-x\/\" \/>\n<meta property=\"og:site_name\" content=\"SKS\" \/>\n<meta property=\"article:publisher\" content=\"https:\/\/www.facebook.com\/SurfingowyKlubSportowy\" \/>\n<meta property=\"article:modified_time\" content=\"2024-10-07T19:35:09+00:00\" \/>\n<meta property=\"og:image\" content=\"https:\/\/sks.surf\/sklep\/wp-content\/uploads\/2024\/02\/zephyr-v7-szary.jpg\" \/>\n\t<meta property=\"og:image:width\" content=\"1389\" \/>\n\t<meta property=\"og:image:height\" content=\"1389\" \/>\n\t<meta property=\"og:image:type\" content=\"image\/jpeg\" \/>\n<meta name=\"twitter:card\" content=\"summary_large_image\" \/>\n<meta name=\"twitter:label1\" content=\"Szacowany czas czytania\" \/>\n\t<meta name=\"twitter:data1\" content=\"1 minuta\" \/>\n<script type=\"application\/ld+json\" class=\"yoast-schema-graph\">{\"@context\":\"https:\/\/schema.org\",\"@graph\":[{\"@type\":\"WebPage\",\"@id\":\"https:\/\/sks.surf\/sklep\/produkt\/latawiec-ozone-zephyr-v8-ultra-x\/\",\"url\":\"https:\/\/sks.surf\/sklep\/produkt\/latawiec-ozone-zephyr-v8-ultra-x\/\",\"name\":\"Latawiec Ozone Zephyr V8 Ultra X\",\"isPartOf\":{\"@id\":\"https:\/\/sks.surf\/sklep\/#website\"},\"primaryImageOfPage\":{\"@id\":\"https:\/\/sks.surf\/sklep\/produkt\/latawiec-ozone-zephyr-v8-ultra-x\/#primaryimage\"},\"image\":{\"@id\":\"https:\/\/sks.surf\/sklep\/produkt\/latawiec-ozone-zephyr-v8-ultra-x\/#primaryimage\"},\"thumbnailUrl\":\"https:\/\/sks.surf\/sklep\/wp-content\/uploads\/2024\/02\/zephyr-v7-szary.jpg\",\"datePublished\":\"2024-02-12T16:19:21+00:00\",\"dateModified\":\"2024-10-07T19:35:09+00:00\",\"description\":\"Sklep Online KITE \u2022 WIND \u2022 SURF - dysponujemy szerokim wyborem asortymentu do Kitesurfingu, Windsurfingu i Surfing. Sprawd\u017a r\u00f3wnie\u017c nasze akcesoria. %\",\"breadcrumb\":{\"@id\":\"https:\/\/sks.surf\/sklep\/produkt\/latawiec-ozone-zephyr-v8-ultra-x\/#breadcrumb\"},\"inLanguage\":\"pl-PL\",\"potentialAction\":[{\"@type\":\"ReadAction\",\"target\":[\"https:\/\/sks.surf\/sklep\/produkt\/latawiec-ozone-zephyr-v8-ultra-x\/\"]}]},{\"@type\":\"ImageObject\",\"inLanguage\":\"pl-PL\",\"@id\":\"https:\/\/sks.surf\/sklep\/produkt\/latawiec-ozone-zephyr-v8-ultra-x\/#primaryimage\",\"url\":\"https:\/\/sks.surf\/sklep\/wp-content\/uploads\/2024\/02\/zephyr-v7-szary.jpg\",\"contentUrl\":\"https:\/\/sks.surf\/sklep\/wp-content\/uploads\/2024\/02\/zephyr-v7-szary.jpg\",\"width\":1389,\"height\":1389},{\"@type\":\"BreadcrumbList\",\"@id\":\"https:\/\/sks.surf\/sklep\/produkt\/latawiec-ozone-zephyr-v8-ultra-x\/#breadcrumb\",\"itemListElement\":[{\"@type\":\"ListItem\",\"position\":1,\"name\":\"Strona g\u0142\u00f3wna\",\"item\":\"https:\/\/sks.surf\/sklep\/\"},{\"@type\":\"ListItem\",\"position\":2,\"name\":\"Shop\",\"item\":\"https:\/\/sks.surf\/sklep\/?page_id=44154\"},{\"@type\":\"ListItem\",\"position\":3,\"name\":\"Latawiec Ozone Zephyr V8 Ultra X\"}]},{\"@type\":\"WebSite\",\"@id\":\"https:\/\/sks.surf\/sklep\/#website\",\"url\":\"https:\/\/sks.surf\/sklep\/\",\"name\":\"SKS\",\"description\":\"Sklep Online\",\"publisher\":{\"@id\":\"https:\/\/sks.surf\/sklep\/#organization\"},\"potentialAction\":[{\"@type\":\"SearchAction\",\"target\":{\"@type\":\"EntryPoint\",\"urlTemplate\":\"https:\/\/sks.surf\/sklep\/?s={search_term_string}\"},\"query-input\":\"required name=search_term_string\"}],\"inLanguage\":\"pl-PL\"},{\"@type\":\"Organization\",\"@id\":\"https:\/\/sks.surf\/sklep\/#organization\",\"name\":\"SKS\",\"alternateName\":\"SKS - Sklep Online\",\"url\":\"https:\/\/sks.surf\/sklep\/\",\"logo\":{\"@type\":\"ImageObject\",\"inLanguage\":\"pl-PL\",\"@id\":\"https:\/\/sks.surf\/sklep\/#\/schema\/logo\/image\/\",\"url\":\"https:\/\/sks.surf\/sklep\/wp-content\/uploads\/2024\/04\/logo-sks-kwadrat.jpeg\",\"contentUrl\":\"https:\/\/sks.surf\/sklep\/wp-content\/uploads\/2024\/04\/logo-sks-kwadrat.jpeg\",\"width\":2000,\"height\":2000,\"caption\":\"SKS\"},\"image\":{\"@id\":\"https:\/\/sks.surf\/sklep\/#\/schema\/logo\/image\/\"},\"sameAs\":[\"https:\/\/www.facebook.com\/SurfingowyKlubSportowy\"]}]}<\/script>\n<!-- \/ Yoast SEO Premium plugin. -->","yoast_head_json":{"title":"Latawiec Ozone Zephyr V8 Ultra X","description":"Sklep Online KITE \u2022 WIND \u2022 SURF - dysponujemy szerokim wyborem asortymentu do Kitesurfingu, Windsurfingu i Surfing. Sprawd\u017a r\u00f3wnie\u017c nasze akcesoria. %","robots":{"index":"index","follow":"follow","max-snippet":"max-snippet:-1","max-image-preview":"max-image-preview:large","max-video-preview":"max-video-preview:-1"},"canonical":"https:\/\/sks.surf\/sklep\/produkt\/latawiec-ozone-zephyr-v8-ultra-x\/","og_locale":"pl_PL","og_type":"article","og_title":"Latawiec Ozone Zephyr V8 Ultra X","og_description":"Sklep Online KITE \u2022 WIND \u2022 SURF - dysponujemy szerokim wyborem asortymentu do Kitesurfingu, Windsurfingu i Surfing. Sprawd\u017a r\u00f3wnie\u017c nasze akcesoria.","og_url":"https:\/\/sks.surf\/sklep\/produkt\/latawiec-ozone-zephyr-v8-ultra-x\/","og_site_name":"SKS","article_publisher":"https:\/\/www.facebook.com\/SurfingowyKlubSportowy","article_modified_time":"2024-10-07T19:35:09+00:00","og_image":[{"width":1389,"height":1389,"url":"https:\/\/sks.surf\/sklep\/wp-content\/uploads\/2024\/02\/zephyr-v7-szary.jpg","type":"image\/jpeg"}],"twitter_card":"summary_large_image","twitter_misc":{"Szacowany czas czytania":"1 minuta"},"schema":{"@context":"https:\/\/schema.org","@graph":[{"@type":"WebPage","@id":"https:\/\/sks.surf\/sklep\/produkt\/latawiec-ozone-zephyr-v8-ultra-x\/","url":"https:\/\/sks.surf\/sklep\/produkt\/latawiec-ozone-zephyr-v8-ultra-x\/","name":"Latawiec Ozone Zephyr V8 Ultra X","isPartOf":{"@id":"https:\/\/sks.surf\/sklep\/#website"},"primaryImageOfPage":{"@id":"https:\/\/sks.surf\/sklep\/produkt\/latawiec-ozone-zephyr-v8-ultra-x\/#primaryimage"},"image":{"@id":"https:\/\/sks.surf\/sklep\/produkt\/latawiec-ozone-zephyr-v8-ultra-x\/#primaryimage"},"thumbnailUrl":"https:\/\/sks.surf\/sklep\/wp-content\/uploads\/2024\/02\/zephyr-v7-szary.jpg","datePublished":"2024-02-12T16:19:21+00:00","dateModified":"2024-10-07T19:35:09+00:00","description":"Sklep Online KITE \u2022 WIND \u2022 SURF - dysponujemy szerokim wyborem asortymentu do Kitesurfingu, Windsurfingu i Surfing. Sprawd\u017a r\u00f3wnie\u017c nasze akcesoria. %","breadcrumb":{"@id":"https:\/\/sks.surf\/sklep\/produkt\/latawiec-ozone-zephyr-v8-ultra-x\/#breadcrumb"},"inLanguage":"pl-PL","potentialAction":[{"@type":"ReadAction","target":["https:\/\/sks.surf\/sklep\/produkt\/latawiec-ozone-zephyr-v8-ultra-x\/"]}]},{"@type":"ImageObject","inLanguage":"pl-PL","@id":"https:\/\/sks.surf\/sklep\/produkt\/latawiec-ozone-zephyr-v8-ultra-x\/#primaryimage","url":"https:\/\/sks.surf\/sklep\/wp-content\/uploads\/2024\/02\/zephyr-v7-szary.jpg","contentUrl":"https:\/\/sks.surf\/sklep\/wp-content\/uploads\/2024\/02\/zephyr-v7-szary.jpg","width":1389,"height":1389},{"@type":"BreadcrumbList","@id":"https:\/\/sks.surf\/sklep\/produkt\/latawiec-ozone-zephyr-v8-ultra-x\/#breadcrumb","itemListElement":[{"@type":"ListItem","position":1,"name":"Strona g\u0142\u00f3wna","item":"https:\/\/sks.surf\/sklep\/"},{"@type":"ListItem","position":2,"name":"Shop","item":"https:\/\/sks.surf\/sklep\/?page_id=44154"},{"@type":"ListItem","position":3,"name":"Latawiec Ozone Zephyr V8 Ultra X"}]},{"@type":"WebSite","@id":"https:\/\/sks.surf\/sklep\/#website","url":"https:\/\/sks.surf\/sklep\/","name":"SKS","description":"Sklep Online","publisher":{"@id":"https:\/\/sks.surf\/sklep\/#organization"},"potentialAction":[{"@type":"SearchAction","target":{"@type":"EntryPoint","urlTemplate":"https:\/\/sks.surf\/sklep\/?s={search_term_string}"},"query-input":"required name=search_term_string"}],"inLanguage":"pl-PL"},{"@type":"Organization","@id":"https:\/\/sks.surf\/sklep\/#organization","name":"SKS","alternateName":"SKS - Sklep Online","url":"https:\/\/sks.surf\/sklep\/","logo":{"@type":"ImageObject","inLanguage":"pl-PL","@id":"https:\/\/sks.surf\/sklep\/#\/schema\/logo\/image\/","url":"https:\/\/sks.surf\/sklep\/wp-content\/uploads\/2024\/04\/logo-sks-kwadrat.jpeg","contentUrl":"https:\/\/sks.surf\/sklep\/wp-content\/uploads\/2024\/04\/logo-sks-kwadrat.jpeg","width":2000,"height":2000,"caption":"SKS"},"image":{"@id":"https:\/\/sks.surf\/sklep\/#\/schema\/logo\/image\/"},"sameAs":["https:\/\/www.facebook.com\/SurfingowyKlubSportowy"]}]}},"_links":{"self":[{"href":"https:\/\/sks.surf\/sklep\/wp-json\/wp\/v2\/product\/46300"}],"collection":[{"href":"https:\/\/sks.surf\/sklep\/wp-json\/wp\/v2\/product"}],"about":[{"href":"https:\/\/sks.surf\/sklep\/wp-json\/wp\/v2\/types\/product"}],"version-history":[{"count":1,"href":"https:\/\/sks.surf\/sklep\/wp-json\/wp\/v2\/product\/46300\/revisions"}],"predecessor-version":[{"id":46359,"href":"https:\/\/sks.surf\/sklep\/wp-json\/wp\/v2\/product\/46300\/revisions\/46359"}],"wp:featuredmedia":[{"embeddable":true,"href":"https:\/\/sks.surf\/sklep\/wp-json\/wp\/v2\/media\/46358"}],"wp:attachment":[{"href":"https:\/\/sks.surf\/sklep\/wp-json\/wp\/v2\/media?parent=46300"}],"wp:term":[{"taxonomy":"product_cat","embeddable":true,"href":"https:\/\/sks.surf\/sklep\/wp-json\/wp\/v2\/product_cat?post=46300"},{"taxonomy":"product_tag","embeddable":true,"href":"https:\/\/sks.surf\/sklep\/wp-json\/wp\/v2\/product_tag?post=46300"}],"curies":[{"name":"wp","href":"https:\/\/api.w.org\/{rel}","templated":true}]}}