{"id":46365,"date":"2024-02-12T16:20:28","date_gmt":"2024-02-12T16:20:28","guid":{"rendered":"https:\/\/sks.surf\/sklep\/?post_type=product&#038;p=46365"},"modified":"2024-04-24T08:44:58","modified_gmt":"2024-04-24T08:44:58","slug":"leash-do-deski-sup-wing-surf-logic-knee-coiled","status":"publish","type":"product","link":"https:\/\/sks.surf\/sklep\/produkt\/leash-do-deski-sup-wing-surf-logic-knee-coiled\/","title":{"rendered":"Leash do deski SUP\/Wing Surf Logic Knee Coiled"},"content":{"rendered":"<h3><strong>Leash do deski wing \/ SUPa marki Surf Logic zapinany pod kolanem. Wersja coiled (spr\u0119\u017cynka)<br \/>\n<\/strong><\/h3>\n<ul>\n<li>Wytrzyma\u0142y podw\u00f3jny kr\u0119tlik stalowy<\/li>\n<li>Wytrzyma\u0142e i komfortowe zapi\u0119cie na rzep o szeroko\u015bci 50mm (2\u2033)<\/li>\n<li>Wn\u0119trze paska wyko\u0144czone materia\u0142y antypo\u015blizgowym<\/li>\n<li>Uchwyt do szybkiego odpi\u0119cia rzepu<\/li>\n<li>10\u2032: Linka o grubo\u015bci 8mm (5\/16\u2033)<\/li>\n<\/ul>\n","protected":false},"excerpt":{"rendered":"<p>Leash do deski wing \/ SUPa marki Surf Logic zapinany pod kolanem. Wersja coiled (spr\u0119\u017cynka) Wytrzyma\u0142y podw\u00f3jny kr\u0119tlik stalowy Wytrzyma\u0142e i komfortowe zapi\u0119cie na rzep o szeroko\u015bci 50mm (2\u2033) Wn\u0119trze paska wyko\u0144czone materia\u0142y antypo\u015blizgowym Uchwyt do szybkiego odpi\u0119cia rzepu 10\u2032: Linka o grubo\u015bci 8mm (5\/16\u2033)<\/p>\n","protected":false},"featured_media":46531,"template":"","meta":[],"product_cat":[226,223],"product_tag":[403,445,404,442],"yoast_head":"<!-- This site is optimized with the Yoast SEO Premium plugin v22.3 (Yoast SEO v22.6) - https:\/\/yoast.com\/wordpress\/plugins\/seo\/ -->\n<title>Leash do deski SUP\/Wing Surf Logic Knee Coiled<\/title>\n<meta name=\"description\" content=\"Sklep Online KITE \u2022 WIND \u2022 SURF - dysponujemy szerokim wyborem asortymentu do Kitesurfingu, Windsurfingu i Surfing. Sprawd\u017a r\u00f3wnie\u017c nasze akcesoria. %\" \/>\n<meta name=\"robots\" content=\"index, follow, max-snippet:-1, max-image-preview:large, max-video-preview:-1\" \/>\n<link rel=\"canonical\" href=\"https:\/\/sks.surf\/sklep\/produkt\/leash-do-deski-sup-wing-surf-logic-knee-coiled\/\" \/>\n<meta property=\"og:locale\" content=\"pl_PL\" \/>\n<meta property=\"og:type\" content=\"article\" \/>\n<meta property=\"og:title\" content=\"Leash do deski SUP\/Wing Surf Logic Knee Coiled\" \/>\n<meta property=\"og:description\" content=\"Sklep Online KITE \u2022 WIND \u2022 SURF - dysponujemy szerokim wyborem asortymentu do Kitesurfingu, Windsurfingu i Surfing. Sprawd\u017a r\u00f3wnie\u017c nasze akcesoria.\" \/>\n<meta property=\"og:url\" content=\"https:\/\/sks.surf\/sklep\/produkt\/leash-do-deski-sup-wing-surf-logic-knee-coiled\/\" \/>\n<meta property=\"og:site_name\" content=\"SKS\" \/>\n<meta property=\"article:publisher\" content=\"https:\/\/www.facebook.com\/SurfingowyKlubSportowy\" \/>\n<meta property=\"article:modified_time\" content=\"2024-04-24T08:44:58+00:00\" \/>\n<meta property=\"og:image\" content=\"https:\/\/sks.surf\/sklep\/wp-content\/uploads\/2024\/02\/leash-coiled-knee-media-2.png\" \/>\n\t<meta property=\"og:image:width\" content=\"2291\" \/>\n\t<meta property=\"og:image:height\" content=\"2291\" \/>\n\t<meta property=\"og:image:type\" content=\"image\/png\" \/>\n<meta name=\"twitter:card\" content=\"summary_large_image\" \/>\n<script type=\"application\/ld+json\" class=\"yoast-schema-graph\">{\"@context\":\"https:\/\/schema.org\",\"@graph\":[{\"@type\":\"WebPage\",\"@id\":\"https:\/\/sks.surf\/sklep\/produkt\/leash-do-deski-sup-wing-surf-logic-knee-coiled\/\",\"url\":\"https:\/\/sks.surf\/sklep\/produkt\/leash-do-deski-sup-wing-surf-logic-knee-coiled\/\",\"name\":\"Leash do deski SUP\/Wing Surf Logic Knee Coiled\",\"isPartOf\":{\"@id\":\"https:\/\/sks.surf\/sklep\/#website\"},\"primaryImageOfPage\":{\"@id\":\"https:\/\/sks.surf\/sklep\/produkt\/leash-do-deski-sup-wing-surf-logic-knee-coiled\/#primaryimage\"},\"image\":{\"@id\":\"https:\/\/sks.surf\/sklep\/produkt\/leash-do-deski-sup-wing-surf-logic-knee-coiled\/#primaryimage\"},\"thumbnailUrl\":\"https:\/\/sks.surf\/sklep\/wp-content\/uploads\/2024\/02\/leash-coiled-knee-media-2.png\",\"datePublished\":\"2024-02-12T16:20:28+00:00\",\"dateModified\":\"2024-04-24T08:44:58+00:00\",\"description\":\"Sklep Online KITE \u2022 WIND \u2022 SURF - dysponujemy szerokim wyborem asortymentu do Kitesurfingu, Windsurfingu i Surfing. Sprawd\u017a r\u00f3wnie\u017c nasze akcesoria. %\",\"breadcrumb\":{\"@id\":\"https:\/\/sks.surf\/sklep\/produkt\/leash-do-deski-sup-wing-surf-logic-knee-coiled\/#breadcrumb\"},\"inLanguage\":\"pl-PL\",\"potentialAction\":[{\"@type\":\"ReadAction\",\"target\":[\"https:\/\/sks.surf\/sklep\/produkt\/leash-do-deski-sup-wing-surf-logic-knee-coiled\/\"]}]},{\"@type\":\"ImageObject\",\"inLanguage\":\"pl-PL\",\"@id\":\"https:\/\/sks.surf\/sklep\/produkt\/leash-do-deski-sup-wing-surf-logic-knee-coiled\/#primaryimage\",\"url\":\"https:\/\/sks.surf\/sklep\/wp-content\/uploads\/2024\/02\/leash-coiled-knee-media-2.png\",\"contentUrl\":\"https:\/\/sks.surf\/sklep\/wp-content\/uploads\/2024\/02\/leash-coiled-knee-media-2.png\",\"width\":2291,\"height\":2291},{\"@type\":\"BreadcrumbList\",\"@id\":\"https:\/\/sks.surf\/sklep\/produkt\/leash-do-deski-sup-wing-surf-logic-knee-coiled\/#breadcrumb\",\"itemListElement\":[{\"@type\":\"ListItem\",\"position\":1,\"name\":\"Strona g\u0142\u00f3wna\",\"item\":\"https:\/\/sks.surf\/sklep\/\"},{\"@type\":\"ListItem\",\"position\":2,\"name\":\"Shop\",\"item\":\"https:\/\/sks.surf\/sklep\/?page_id=44154\"},{\"@type\":\"ListItem\",\"position\":3,\"name\":\"Leash do deski SUP\/Wing Surf Logic Knee Coiled\"}]},{\"@type\":\"WebSite\",\"@id\":\"https:\/\/sks.surf\/sklep\/#website\",\"url\":\"https:\/\/sks.surf\/sklep\/\",\"name\":\"SKS\",\"description\":\"Sklep Online\",\"publisher\":{\"@id\":\"https:\/\/sks.surf\/sklep\/#organization\"},\"potentialAction\":[{\"@type\":\"SearchAction\",\"target\":{\"@type\":\"EntryPoint\",\"urlTemplate\":\"https:\/\/sks.surf\/sklep\/?s={search_term_string}\"},\"query-input\":\"required name=search_term_string\"}],\"inLanguage\":\"pl-PL\"},{\"@type\":\"Organization\",\"@id\":\"https:\/\/sks.surf\/sklep\/#organization\",\"name\":\"SKS\",\"alternateName\":\"SKS - Sklep Online\",\"url\":\"https:\/\/sks.surf\/sklep\/\",\"logo\":{\"@type\":\"ImageObject\",\"inLanguage\":\"pl-PL\",\"@id\":\"https:\/\/sks.surf\/sklep\/#\/schema\/logo\/image\/\",\"url\":\"https:\/\/sks.surf\/sklep\/wp-content\/uploads\/2024\/04\/logo-sks-kwadrat.jpeg\",\"contentUrl\":\"https:\/\/sks.surf\/sklep\/wp-content\/uploads\/2024\/04\/logo-sks-kwadrat.jpeg\",\"width\":2000,\"height\":2000,\"caption\":\"SKS\"},\"image\":{\"@id\":\"https:\/\/sks.surf\/sklep\/#\/schema\/logo\/image\/\"},\"sameAs\":[\"https:\/\/www.facebook.com\/SurfingowyKlubSportowy\"]}]}<\/script>\n<!-- \/ Yoast SEO Premium plugin. -->","yoast_head_json":{"title":"Leash do deski SUP\/Wing Surf Logic Knee Coiled","description":"Sklep Online KITE \u2022 WIND \u2022 SURF - dysponujemy szerokim wyborem asortymentu do Kitesurfingu, Windsurfingu i Surfing. Sprawd\u017a r\u00f3wnie\u017c nasze akcesoria. %","robots":{"index":"index","follow":"follow","max-snippet":"max-snippet:-1","max-image-preview":"max-image-preview:large","max-video-preview":"max-video-preview:-1"},"canonical":"https:\/\/sks.surf\/sklep\/produkt\/leash-do-deski-sup-wing-surf-logic-knee-coiled\/","og_locale":"pl_PL","og_type":"article","og_title":"Leash do deski SUP\/Wing Surf Logic Knee Coiled","og_description":"Sklep Online KITE \u2022 WIND \u2022 SURF - dysponujemy szerokim wyborem asortymentu do Kitesurfingu, Windsurfingu i Surfing. Sprawd\u017a r\u00f3wnie\u017c nasze akcesoria.","og_url":"https:\/\/sks.surf\/sklep\/produkt\/leash-do-deski-sup-wing-surf-logic-knee-coiled\/","og_site_name":"SKS","article_publisher":"https:\/\/www.facebook.com\/SurfingowyKlubSportowy","article_modified_time":"2024-04-24T08:44:58+00:00","og_image":[{"width":2291,"height":2291,"url":"https:\/\/sks.surf\/sklep\/wp-content\/uploads\/2024\/02\/leash-coiled-knee-media-2.png","type":"image\/png"}],"twitter_card":"summary_large_image","schema":{"@context":"https:\/\/schema.org","@graph":[{"@type":"WebPage","@id":"https:\/\/sks.surf\/sklep\/produkt\/leash-do-deski-sup-wing-surf-logic-knee-coiled\/","url":"https:\/\/sks.surf\/sklep\/produkt\/leash-do-deski-sup-wing-surf-logic-knee-coiled\/","name":"Leash do deski SUP\/Wing Surf Logic Knee Coiled","isPartOf":{"@id":"https:\/\/sks.surf\/sklep\/#website"},"primaryImageOfPage":{"@id":"https:\/\/sks.surf\/sklep\/produkt\/leash-do-deski-sup-wing-surf-logic-knee-coiled\/#primaryimage"},"image":{"@id":"https:\/\/sks.surf\/sklep\/produkt\/leash-do-deski-sup-wing-surf-logic-knee-coiled\/#primaryimage"},"thumbnailUrl":"https:\/\/sks.surf\/sklep\/wp-content\/uploads\/2024\/02\/leash-coiled-knee-media-2.png","datePublished":"2024-02-12T16:20:28+00:00","dateModified":"2024-04-24T08:44:58+00:00","description":"Sklep Online KITE \u2022 WIND \u2022 SURF - dysponujemy szerokim wyborem asortymentu do Kitesurfingu, Windsurfingu i Surfing. Sprawd\u017a r\u00f3wnie\u017c nasze akcesoria. %","breadcrumb":{"@id":"https:\/\/sks.surf\/sklep\/produkt\/leash-do-deski-sup-wing-surf-logic-knee-coiled\/#breadcrumb"},"inLanguage":"pl-PL","potentialAction":[{"@type":"ReadAction","target":["https:\/\/sks.surf\/sklep\/produkt\/leash-do-deski-sup-wing-surf-logic-knee-coiled\/"]}]},{"@type":"ImageObject","inLanguage":"pl-PL","@id":"https:\/\/sks.surf\/sklep\/produkt\/leash-do-deski-sup-wing-surf-logic-knee-coiled\/#primaryimage","url":"https:\/\/sks.surf\/sklep\/wp-content\/uploads\/2024\/02\/leash-coiled-knee-media-2.png","contentUrl":"https:\/\/sks.surf\/sklep\/wp-content\/uploads\/2024\/02\/leash-coiled-knee-media-2.png","width":2291,"height":2291},{"@type":"BreadcrumbList","@id":"https:\/\/sks.surf\/sklep\/produkt\/leash-do-deski-sup-wing-surf-logic-knee-coiled\/#breadcrumb","itemListElement":[{"@type":"ListItem","position":1,"name":"Strona g\u0142\u00f3wna","item":"https:\/\/sks.surf\/sklep\/"},{"@type":"ListItem","position":2,"name":"Shop","item":"https:\/\/sks.surf\/sklep\/?page_id=44154"},{"@type":"ListItem","position":3,"name":"Leash do deski SUP\/Wing Surf Logic Knee Coiled"}]},{"@type":"WebSite","@id":"https:\/\/sks.surf\/sklep\/#website","url":"https:\/\/sks.surf\/sklep\/","name":"SKS","description":"Sklep Online","publisher":{"@id":"https:\/\/sks.surf\/sklep\/#organization"},"potentialAction":[{"@type":"SearchAction","target":{"@type":"EntryPoint","urlTemplate":"https:\/\/sks.surf\/sklep\/?s={search_term_string}"},"query-input":"required name=search_term_string"}],"inLanguage":"pl-PL"},{"@type":"Organization","@id":"https:\/\/sks.surf\/sklep\/#organization","name":"SKS","alternateName":"SKS - Sklep Online","url":"https:\/\/sks.surf\/sklep\/","logo":{"@type":"ImageObject","inLanguage":"pl-PL","@id":"https:\/\/sks.surf\/sklep\/#\/schema\/logo\/image\/","url":"https:\/\/sks.surf\/sklep\/wp-content\/uploads\/2024\/04\/logo-sks-kwadrat.jpeg","contentUrl":"https:\/\/sks.surf\/sklep\/wp-content\/uploads\/2024\/04\/logo-sks-kwadrat.jpeg","width":2000,"height":2000,"caption":"SKS"},"image":{"@id":"https:\/\/sks.surf\/sklep\/#\/schema\/logo\/image\/"},"sameAs":["https:\/\/www.facebook.com\/SurfingowyKlubSportowy"]}]}},"_links":{"self":[{"href":"https:\/\/sks.surf\/sklep\/wp-json\/wp\/v2\/product\/46365"}],"collection":[{"href":"https:\/\/sks.surf\/sklep\/wp-json\/wp\/v2\/product"}],"about":[{"href":"https:\/\/sks.surf\/sklep\/wp-json\/wp\/v2\/types\/product"}],"version-history":[{"count":1,"href":"https:\/\/sks.surf\/sklep\/wp-json\/wp\/v2\/product\/46365\/revisions"}],"predecessor-version":[{"id":46532,"href":"https:\/\/sks.surf\/sklep\/wp-json\/wp\/v2\/product\/46365\/revisions\/46532"}],"wp:featuredmedia":[{"embeddable":true,"href":"https:\/\/sks.surf\/sklep\/wp-json\/wp\/v2\/media\/46531"}],"wp:attachment":[{"href":"https:\/\/sks.surf\/sklep\/wp-json\/wp\/v2\/media?parent=46365"}],"wp:term":[{"taxonomy":"product_cat","embeddable":true,"href":"https:\/\/sks.surf\/sklep\/wp-json\/wp\/v2\/product_cat?post=46365"},{"taxonomy":"product_tag","embeddable":true,"href":"https:\/\/sks.surf\/sklep\/wp-json\/wp\/v2\/product_tag?post=46365"}],"curies":[{"name":"wp","href":"https:\/\/api.w.org\/{rel}","templated":true}]}}