{"id":47171,"date":"2024-03-06T12:20:29","date_gmt":"2024-03-06T12:20:29","guid":{"rendered":"https:\/\/sks.surf\/sklep\/?post_type=product&#038;p=47171"},"modified":"2024-11-28T19:04:03","modified_gmt":"2024-11-28T19:04:03","slug":"deska-ozone-base-v2","status":"publish","type":"product","link":"https:\/\/sks.surf\/sklep\/produkt\/deska-ozone-base-v2\/","title":{"rendered":"Deska Ozone Base V2"},"content":{"rendered":"<p>Base to wyb\u00f3r dla pocz\u0105tkuj\u0105cych i \u015bredniozaawansowanych rider\u00f3w poszukuj\u0105cych deski twintip daj\u0105cej zabaw\u0119 i pewno\u015b\u0107 .<\/p>\n<ul>\n<li>Intuicyjna i wygodna w prowadzeniu<\/li>\n<li>\u0141atwa jazda pod wiatr<\/li>\n<li>\u015arednio-niski rocker i \u015brednio mi\u0119kki flex<\/li>\n<li>Progres dla rider\u00f3w na poziomie podstawowym i \u015bredniozaawansowanym<\/li>\n<\/ul>\n","protected":false},"excerpt":{"rendered":"<p>Base to wyb\u00f3r dla pocz\u0105tkuj\u0105cych i \u015bredniozaawansowanych rider\u00f3w poszukuj\u0105cych deski twintip daj\u0105cej zabaw\u0119 i pewno\u015b\u0107 . Intuicyjna i wygodna w prowadzeniu \u0141atwa jazda pod wiatr \u015arednio-niski rocker i \u015brednio mi\u0119kki flex Progres dla rider\u00f3w na poziomie podstawowym i \u015bredniozaawansowanym<\/p>\n","protected":false},"featured_media":48909,"template":"","meta":[],"product_cat":[219,216],"product_tag":[464,451,453,402,449],"yoast_head":"<!-- This site is optimized with the Yoast SEO Premium plugin v22.3 (Yoast SEO v22.6) - https:\/\/yoast.com\/wordpress\/plugins\/seo\/ -->\n<title>Deska Ozone Base V2<\/title>\n<meta name=\"description\" content=\"Sklep Online KITE \u2022 WIND \u2022 SURF - dysponujemy szerokim wyborem asortymentu do Kitesurfingu, Windsurfingu i Surfing. Sprawd\u017a r\u00f3wnie\u017c nasze akcesoria. %\" \/>\n<meta name=\"robots\" content=\"index, follow, max-snippet:-1, max-image-preview:large, max-video-preview:-1\" \/>\n<link rel=\"canonical\" href=\"https:\/\/sks.surf\/sklep\/produkt\/deska-ozone-base-v2\/\" \/>\n<meta property=\"og:locale\" content=\"pl_PL\" \/>\n<meta property=\"og:type\" content=\"article\" \/>\n<meta property=\"og:title\" content=\"Deska Ozone Base V2\" \/>\n<meta property=\"og:description\" content=\"Sklep Online KITE \u2022 WIND \u2022 SURF - dysponujemy szerokim wyborem asortymentu do Kitesurfingu, Windsurfingu i Surfing. Sprawd\u017a r\u00f3wnie\u017c nasze akcesoria.\" \/>\n<meta property=\"og:url\" content=\"https:\/\/sks.surf\/sklep\/produkt\/deska-ozone-base-v2\/\" \/>\n<meta property=\"og:site_name\" content=\"SKS\" \/>\n<meta property=\"article:publisher\" content=\"https:\/\/www.facebook.com\/SurfingowyKlubSportowy\" \/>\n<meta property=\"article:modified_time\" content=\"2024-11-28T19:04:03+00:00\" \/>\n<meta property=\"og:image\" content=\"https:\/\/sks.surf\/sklep\/wp-content\/uploads\/2024\/03\/base-v2-.jpg\" \/>\n\t<meta property=\"og:image:width\" content=\"704\" \/>\n\t<meta property=\"og:image:height\" content=\"704\" \/>\n\t<meta property=\"og:image:type\" content=\"image\/jpeg\" \/>\n<meta name=\"twitter:card\" content=\"summary_large_image\" \/>\n<meta name=\"twitter:label1\" content=\"Szacowany czas czytania\" \/>\n\t<meta name=\"twitter:data1\" content=\"1 minuta\" \/>\n<script type=\"application\/ld+json\" class=\"yoast-schema-graph\">{\"@context\":\"https:\/\/schema.org\",\"@graph\":[{\"@type\":\"WebPage\",\"@id\":\"https:\/\/sks.surf\/sklep\/produkt\/deska-ozone-base-v2\/\",\"url\":\"https:\/\/sks.surf\/sklep\/produkt\/deska-ozone-base-v2\/\",\"name\":\"Deska Ozone Base V2\",\"isPartOf\":{\"@id\":\"https:\/\/sks.surf\/sklep\/#website\"},\"primaryImageOfPage\":{\"@id\":\"https:\/\/sks.surf\/sklep\/produkt\/deska-ozone-base-v2\/#primaryimage\"},\"image\":{\"@id\":\"https:\/\/sks.surf\/sklep\/produkt\/deska-ozone-base-v2\/#primaryimage\"},\"thumbnailUrl\":\"https:\/\/sks.surf\/sklep\/wp-content\/uploads\/2024\/03\/base-v2-.jpg\",\"datePublished\":\"2024-03-06T12:20:29+00:00\",\"dateModified\":\"2024-11-28T19:04:03+00:00\",\"description\":\"Sklep Online KITE \u2022 WIND \u2022 SURF - dysponujemy szerokim wyborem asortymentu do Kitesurfingu, Windsurfingu i Surfing. Sprawd\u017a r\u00f3wnie\u017c nasze akcesoria. %\",\"breadcrumb\":{\"@id\":\"https:\/\/sks.surf\/sklep\/produkt\/deska-ozone-base-v2\/#breadcrumb\"},\"inLanguage\":\"pl-PL\",\"potentialAction\":[{\"@type\":\"ReadAction\",\"target\":[\"https:\/\/sks.surf\/sklep\/produkt\/deska-ozone-base-v2\/\"]}]},{\"@type\":\"ImageObject\",\"inLanguage\":\"pl-PL\",\"@id\":\"https:\/\/sks.surf\/sklep\/produkt\/deska-ozone-base-v2\/#primaryimage\",\"url\":\"https:\/\/sks.surf\/sklep\/wp-content\/uploads\/2024\/03\/base-v2-.jpg\",\"contentUrl\":\"https:\/\/sks.surf\/sklep\/wp-content\/uploads\/2024\/03\/base-v2-.jpg\",\"width\":704,\"height\":704},{\"@type\":\"BreadcrumbList\",\"@id\":\"https:\/\/sks.surf\/sklep\/produkt\/deska-ozone-base-v2\/#breadcrumb\",\"itemListElement\":[{\"@type\":\"ListItem\",\"position\":1,\"name\":\"Strona g\u0142\u00f3wna\",\"item\":\"https:\/\/sks.surf\/sklep\/\"},{\"@type\":\"ListItem\",\"position\":2,\"name\":\"Shop\",\"item\":\"https:\/\/sks.surf\/sklep\/?page_id=44154\"},{\"@type\":\"ListItem\",\"position\":3,\"name\":\"Deska Ozone Base V2\"}]},{\"@type\":\"WebSite\",\"@id\":\"https:\/\/sks.surf\/sklep\/#website\",\"url\":\"https:\/\/sks.surf\/sklep\/\",\"name\":\"SKS\",\"description\":\"Sklep Online\",\"publisher\":{\"@id\":\"https:\/\/sks.surf\/sklep\/#organization\"},\"potentialAction\":[{\"@type\":\"SearchAction\",\"target\":{\"@type\":\"EntryPoint\",\"urlTemplate\":\"https:\/\/sks.surf\/sklep\/?s={search_term_string}\"},\"query-input\":\"required name=search_term_string\"}],\"inLanguage\":\"pl-PL\"},{\"@type\":\"Organization\",\"@id\":\"https:\/\/sks.surf\/sklep\/#organization\",\"name\":\"SKS\",\"alternateName\":\"SKS - Sklep Online\",\"url\":\"https:\/\/sks.surf\/sklep\/\",\"logo\":{\"@type\":\"ImageObject\",\"inLanguage\":\"pl-PL\",\"@id\":\"https:\/\/sks.surf\/sklep\/#\/schema\/logo\/image\/\",\"url\":\"https:\/\/sks.surf\/sklep\/wp-content\/uploads\/2024\/04\/logo-sks-kwadrat.jpeg\",\"contentUrl\":\"https:\/\/sks.surf\/sklep\/wp-content\/uploads\/2024\/04\/logo-sks-kwadrat.jpeg\",\"width\":2000,\"height\":2000,\"caption\":\"SKS\"},\"image\":{\"@id\":\"https:\/\/sks.surf\/sklep\/#\/schema\/logo\/image\/\"},\"sameAs\":[\"https:\/\/www.facebook.com\/SurfingowyKlubSportowy\"]}]}<\/script>\n<!-- \/ Yoast SEO Premium plugin. -->","yoast_head_json":{"title":"Deska Ozone Base V2","description":"Sklep Online KITE \u2022 WIND \u2022 SURF - dysponujemy szerokim wyborem asortymentu do Kitesurfingu, Windsurfingu i Surfing. Sprawd\u017a r\u00f3wnie\u017c nasze akcesoria. %","robots":{"index":"index","follow":"follow","max-snippet":"max-snippet:-1","max-image-preview":"max-image-preview:large","max-video-preview":"max-video-preview:-1"},"canonical":"https:\/\/sks.surf\/sklep\/produkt\/deska-ozone-base-v2\/","og_locale":"pl_PL","og_type":"article","og_title":"Deska Ozone Base V2","og_description":"Sklep Online KITE \u2022 WIND \u2022 SURF - dysponujemy szerokim wyborem asortymentu do Kitesurfingu, Windsurfingu i Surfing. Sprawd\u017a r\u00f3wnie\u017c nasze akcesoria.","og_url":"https:\/\/sks.surf\/sklep\/produkt\/deska-ozone-base-v2\/","og_site_name":"SKS","article_publisher":"https:\/\/www.facebook.com\/SurfingowyKlubSportowy","article_modified_time":"2024-11-28T19:04:03+00:00","og_image":[{"width":704,"height":704,"url":"https:\/\/sks.surf\/sklep\/wp-content\/uploads\/2024\/03\/base-v2-.jpg","type":"image\/jpeg"}],"twitter_card":"summary_large_image","twitter_misc":{"Szacowany czas czytania":"1 minuta"},"schema":{"@context":"https:\/\/schema.org","@graph":[{"@type":"WebPage","@id":"https:\/\/sks.surf\/sklep\/produkt\/deska-ozone-base-v2\/","url":"https:\/\/sks.surf\/sklep\/produkt\/deska-ozone-base-v2\/","name":"Deska Ozone Base V2","isPartOf":{"@id":"https:\/\/sks.surf\/sklep\/#website"},"primaryImageOfPage":{"@id":"https:\/\/sks.surf\/sklep\/produkt\/deska-ozone-base-v2\/#primaryimage"},"image":{"@id":"https:\/\/sks.surf\/sklep\/produkt\/deska-ozone-base-v2\/#primaryimage"},"thumbnailUrl":"https:\/\/sks.surf\/sklep\/wp-content\/uploads\/2024\/03\/base-v2-.jpg","datePublished":"2024-03-06T12:20:29+00:00","dateModified":"2024-11-28T19:04:03+00:00","description":"Sklep Online KITE \u2022 WIND \u2022 SURF - dysponujemy szerokim wyborem asortymentu do Kitesurfingu, Windsurfingu i Surfing. Sprawd\u017a r\u00f3wnie\u017c nasze akcesoria. %","breadcrumb":{"@id":"https:\/\/sks.surf\/sklep\/produkt\/deska-ozone-base-v2\/#breadcrumb"},"inLanguage":"pl-PL","potentialAction":[{"@type":"ReadAction","target":["https:\/\/sks.surf\/sklep\/produkt\/deska-ozone-base-v2\/"]}]},{"@type":"ImageObject","inLanguage":"pl-PL","@id":"https:\/\/sks.surf\/sklep\/produkt\/deska-ozone-base-v2\/#primaryimage","url":"https:\/\/sks.surf\/sklep\/wp-content\/uploads\/2024\/03\/base-v2-.jpg","contentUrl":"https:\/\/sks.surf\/sklep\/wp-content\/uploads\/2024\/03\/base-v2-.jpg","width":704,"height":704},{"@type":"BreadcrumbList","@id":"https:\/\/sks.surf\/sklep\/produkt\/deska-ozone-base-v2\/#breadcrumb","itemListElement":[{"@type":"ListItem","position":1,"name":"Strona g\u0142\u00f3wna","item":"https:\/\/sks.surf\/sklep\/"},{"@type":"ListItem","position":2,"name":"Shop","item":"https:\/\/sks.surf\/sklep\/?page_id=44154"},{"@type":"ListItem","position":3,"name":"Deska Ozone Base V2"}]},{"@type":"WebSite","@id":"https:\/\/sks.surf\/sklep\/#website","url":"https:\/\/sks.surf\/sklep\/","name":"SKS","description":"Sklep Online","publisher":{"@id":"https:\/\/sks.surf\/sklep\/#organization"},"potentialAction":[{"@type":"SearchAction","target":{"@type":"EntryPoint","urlTemplate":"https:\/\/sks.surf\/sklep\/?s={search_term_string}"},"query-input":"required name=search_term_string"}],"inLanguage":"pl-PL"},{"@type":"Organization","@id":"https:\/\/sks.surf\/sklep\/#organization","name":"SKS","alternateName":"SKS - Sklep Online","url":"https:\/\/sks.surf\/sklep\/","logo":{"@type":"ImageObject","inLanguage":"pl-PL","@id":"https:\/\/sks.surf\/sklep\/#\/schema\/logo\/image\/","url":"https:\/\/sks.surf\/sklep\/wp-content\/uploads\/2024\/04\/logo-sks-kwadrat.jpeg","contentUrl":"https:\/\/sks.surf\/sklep\/wp-content\/uploads\/2024\/04\/logo-sks-kwadrat.jpeg","width":2000,"height":2000,"caption":"SKS"},"image":{"@id":"https:\/\/sks.surf\/sklep\/#\/schema\/logo\/image\/"},"sameAs":["https:\/\/www.facebook.com\/SurfingowyKlubSportowy"]}]}},"_links":{"self":[{"href":"https:\/\/sks.surf\/sklep\/wp-json\/wp\/v2\/product\/47171"}],"collection":[{"href":"https:\/\/sks.surf\/sklep\/wp-json\/wp\/v2\/product"}],"about":[{"href":"https:\/\/sks.surf\/sklep\/wp-json\/wp\/v2\/types\/product"}],"version-history":[{"count":1,"href":"https:\/\/sks.surf\/sklep\/wp-json\/wp\/v2\/product\/47171\/revisions"}],"predecessor-version":[{"id":47172,"href":"https:\/\/sks.surf\/sklep\/wp-json\/wp\/v2\/product\/47171\/revisions\/47172"}],"wp:featuredmedia":[{"embeddable":true,"href":"https:\/\/sks.surf\/sklep\/wp-json\/wp\/v2\/media\/48909"}],"wp:attachment":[{"href":"https:\/\/sks.surf\/sklep\/wp-json\/wp\/v2\/media?parent=47171"}],"wp:term":[{"taxonomy":"product_cat","embeddable":true,"href":"https:\/\/sks.surf\/sklep\/wp-json\/wp\/v2\/product_cat?post=47171"},{"taxonomy":"product_tag","embeddable":true,"href":"https:\/\/sks.surf\/sklep\/wp-json\/wp\/v2\/product_tag?post=47171"}],"curies":[{"name":"wp","href":"https:\/\/api.w.org\/{rel}","templated":true}]}}