{"id":49134,"date":"2024-05-22T08:22:36","date_gmt":"2024-05-22T08:22:36","guid":{"rendered":"https:\/\/sks.surf\/sklep\/?post_type=product&#038;p=49134"},"modified":"2024-05-25T07:47:49","modified_gmt":"2024-05-25T07:47:49","slug":"deska-softboards-kuma-fish-510-white-futures","status":"publish","type":"product","link":"https:\/\/sks.surf\/sklep\/produkt\/deska-softboards-kuma-fish-510-white-futures\/","title":{"rendered":"Deska Softboards Kuma Fish 5&#8217;10 White Futures"},"content":{"rendered":"<p><b><span data-contrast=\"none\">Kuma Fish<\/span><\/b><span data-contrast=\"none\">\u202f <\/span><span data-contrast=\"none\">to rewelacyjny \u0142apacz ma\u0142ych fal! P\u0142aski pok\u0142ad i powi\u0119kszona w przedniej cz\u0119\u015bci szeroko\u015b\u0107 pozwalaj\u0105 \u0142apa\u0107 wi\u0119cej fal i generowa\u0107 du\u017co wi\u0119cej pr\u0119dko\u015bci. Dosy\u0107 mocno wysuni\u0119ta na prz\u00f3d pojedyncza konkawa w po\u0142\u0105czeniu z podw\u00f3jn\u0105 w obszarze rufy oraz podnosz\u0105cym rocker vee na wyj\u015bciu, powoduj\u0105, \u017ce Kuma jest niebywale szybka i skr\u0119tna.<\/span><span data-ccp-props=\"{}\">\u00a0<\/span><\/p>\n<p><b><span data-contrast=\"none\">Mitsunori Kumagai<\/span><\/b><span data-contrast=\"none\">, tw\u00f3rca tego modelu urodzi\u0142 si\u0119 i dorasta\u0142 w Japonii. W 2005 roku postanowi\u0142 przeprowadzi\u0107 si\u0119 do Australii, aby rozwija\u0107 swoj\u0105 pasj\u0119 do surfingu i szejpowa\u0107 deski. Sw\u00f3j pierwszy blat stworzy\u0142 w gara\u017cu wynaj\u0119tego domu. Od tamtej pory wci\u0105\u017c tworzy deski surfingowe, a jego nazwisko na sta\u0142e zapisa\u0142o si\u0119 na mapie australijskiej sceny surfingowej.<\/span><span data-ccp-props=\"{}\">\u00a0<\/span><\/p>\n<p><b><span data-contrast=\"none\">SHAPE<\/span><\/b><span data-ccp-props=\"{}\">\u00a0<\/span><\/p>\n<p><span data-contrast=\"none\">Rocker: Low<\/span><br \/>\n<span data-ccp-props=\"{}\">\u00a0<\/span><\/p>\n<p><span data-contrast=\"none\">Kszta\u0142t dna: Single to double concave<\/span><span data-ccp-props=\"{}\">\u00a0<\/span><\/p>\n<p><span data-contrast=\"none\">Kszta\u0142t rufy: Deep Swallow tail<\/span><span data-ccp-props=\"{}\">\u00a0<\/span><\/p>\n<p><span data-contrast=\"none\">Konstrukcja: Hybrid Carbon Spine<\/span><span data-ccp-props=\"{}\">\u00a0<\/span><\/p>\n<p><span data-contrast=\"none\">Kolor: White<\/span><\/p>\n","protected":false},"excerpt":{"rendered":"<p>Kuma Fish\u202f to rewelacyjny \u0142apacz ma\u0142ych fal! P\u0142aski pok\u0142ad i powi\u0119kszona w przedniej cz\u0119\u015bci szeroko\u015b\u0107 pozwalaj\u0105 \u0142apa\u0107 wi\u0119cej fal i generowa\u0107 du\u017co wi\u0119cej pr\u0119dko\u015bci. Dosy\u0107 mocno wysuni\u0119ta na prz\u00f3d pojedyncza konkawa w po\u0142\u0105czeniu z podw\u00f3jn\u0105 w obszarze rufy oraz podnosz\u0105cym rocker vee na wyj\u015bciu, powoduj\u0105, \u017ce Kuma jest niebywale szybka i skr\u0119tna.\u00a0 Mitsunori Kumagai, tw\u00f3rca [&hellip;]<\/p>\n","protected":false},"featured_media":49198,"template":"","meta":[],"product_cat":[225,223],"product_tag":[605,601,604,415],"yoast_head":"<!-- This site is optimized with the Yoast SEO Premium plugin v22.3 (Yoast SEO v22.6) - https:\/\/yoast.com\/wordpress\/plugins\/seo\/ -->\n<title>Deska Softboards Kuma Fish 5&#039;10 White Futures<\/title>\n<meta name=\"description\" content=\"Sklep Online KITE \u2022 WIND \u2022 SURF - dysponujemy szerokim wyborem asortymentu do Kitesurfingu, Windsurfingu i Surfing. Sprawd\u017a r\u00f3wnie\u017c nasze akcesoria. %\" \/>\n<meta name=\"robots\" content=\"index, follow, max-snippet:-1, max-image-preview:large, max-video-preview:-1\" \/>\n<link rel=\"canonical\" href=\"https:\/\/sks.surf\/sklep\/produkt\/deska-softboards-kuma-fish-510-white-futures\/\" \/>\n<meta property=\"og:locale\" content=\"pl_PL\" \/>\n<meta property=\"og:type\" content=\"article\" \/>\n<meta property=\"og:title\" content=\"Deska Softboards Kuma Fish 5&#039;10 White Futures\" \/>\n<meta property=\"og:description\" content=\"Sklep Online KITE \u2022 WIND \u2022 SURF - dysponujemy szerokim wyborem asortymentu do Kitesurfingu, Windsurfingu i Surfing. Sprawd\u017a r\u00f3wnie\u017c nasze akcesoria.\" \/>\n<meta property=\"og:url\" content=\"https:\/\/sks.surf\/sklep\/produkt\/deska-softboards-kuma-fish-510-white-futures\/\" \/>\n<meta property=\"og:site_name\" content=\"SKS\" \/>\n<meta property=\"article:publisher\" content=\"https:\/\/www.facebook.com\/SurfingowyKlubSportowy\" \/>\n<meta property=\"article:modified_time\" content=\"2024-05-25T07:47:49+00:00\" \/>\n<meta property=\"og:image\" content=\"https:\/\/sks.surf\/sklep\/wp-content\/uploads\/2024\/05\/2-1.png\" \/>\n\t<meta property=\"og:image:width\" content=\"1080\" \/>\n\t<meta property=\"og:image:height\" content=\"1080\" \/>\n\t<meta property=\"og:image:type\" content=\"image\/png\" \/>\n<meta name=\"twitter:card\" content=\"summary_large_image\" \/>\n<meta name=\"twitter:label1\" content=\"Szacowany czas czytania\" \/>\n\t<meta name=\"twitter:data1\" content=\"1 minuta\" \/>\n<script type=\"application\/ld+json\" class=\"yoast-schema-graph\">{\"@context\":\"https:\/\/schema.org\",\"@graph\":[{\"@type\":\"WebPage\",\"@id\":\"https:\/\/sks.surf\/sklep\/produkt\/deska-softboards-kuma-fish-510-white-futures\/\",\"url\":\"https:\/\/sks.surf\/sklep\/produkt\/deska-softboards-kuma-fish-510-white-futures\/\",\"name\":\"Deska Softboards Kuma Fish 5'10 White Futures\",\"isPartOf\":{\"@id\":\"https:\/\/sks.surf\/sklep\/#website\"},\"primaryImageOfPage\":{\"@id\":\"https:\/\/sks.surf\/sklep\/produkt\/deska-softboards-kuma-fish-510-white-futures\/#primaryimage\"},\"image\":{\"@id\":\"https:\/\/sks.surf\/sklep\/produkt\/deska-softboards-kuma-fish-510-white-futures\/#primaryimage\"},\"thumbnailUrl\":\"https:\/\/sks.surf\/sklep\/wp-content\/uploads\/2024\/05\/2-1.png\",\"datePublished\":\"2024-05-22T08:22:36+00:00\",\"dateModified\":\"2024-05-25T07:47:49+00:00\",\"description\":\"Sklep Online KITE \u2022 WIND \u2022 SURF - dysponujemy szerokim wyborem asortymentu do Kitesurfingu, Windsurfingu i Surfing. Sprawd\u017a r\u00f3wnie\u017c nasze akcesoria. %\",\"breadcrumb\":{\"@id\":\"https:\/\/sks.surf\/sklep\/produkt\/deska-softboards-kuma-fish-510-white-futures\/#breadcrumb\"},\"inLanguage\":\"pl-PL\",\"potentialAction\":[{\"@type\":\"ReadAction\",\"target\":[\"https:\/\/sks.surf\/sklep\/produkt\/deska-softboards-kuma-fish-510-white-futures\/\"]}]},{\"@type\":\"ImageObject\",\"inLanguage\":\"pl-PL\",\"@id\":\"https:\/\/sks.surf\/sklep\/produkt\/deska-softboards-kuma-fish-510-white-futures\/#primaryimage\",\"url\":\"https:\/\/sks.surf\/sklep\/wp-content\/uploads\/2024\/05\/2-1.png\",\"contentUrl\":\"https:\/\/sks.surf\/sklep\/wp-content\/uploads\/2024\/05\/2-1.png\",\"width\":1080,\"height\":1080},{\"@type\":\"BreadcrumbList\",\"@id\":\"https:\/\/sks.surf\/sklep\/produkt\/deska-softboards-kuma-fish-510-white-futures\/#breadcrumb\",\"itemListElement\":[{\"@type\":\"ListItem\",\"position\":1,\"name\":\"Strona g\u0142\u00f3wna\",\"item\":\"https:\/\/sks.surf\/sklep\/\"},{\"@type\":\"ListItem\",\"position\":2,\"name\":\"Shop\",\"item\":\"https:\/\/sks.surf\/sklep\/?page_id=44154\"},{\"@type\":\"ListItem\",\"position\":3,\"name\":\"Deska Softboards Kuma Fish 5&#8217;10 White Futures\"}]},{\"@type\":\"WebSite\",\"@id\":\"https:\/\/sks.surf\/sklep\/#website\",\"url\":\"https:\/\/sks.surf\/sklep\/\",\"name\":\"SKS\",\"description\":\"Sklep Online\",\"publisher\":{\"@id\":\"https:\/\/sks.surf\/sklep\/#organization\"},\"potentialAction\":[{\"@type\":\"SearchAction\",\"target\":{\"@type\":\"EntryPoint\",\"urlTemplate\":\"https:\/\/sks.surf\/sklep\/?s={search_term_string}\"},\"query-input\":\"required name=search_term_string\"}],\"inLanguage\":\"pl-PL\"},{\"@type\":\"Organization\",\"@id\":\"https:\/\/sks.surf\/sklep\/#organization\",\"name\":\"SKS\",\"alternateName\":\"SKS - Sklep Online\",\"url\":\"https:\/\/sks.surf\/sklep\/\",\"logo\":{\"@type\":\"ImageObject\",\"inLanguage\":\"pl-PL\",\"@id\":\"https:\/\/sks.surf\/sklep\/#\/schema\/logo\/image\/\",\"url\":\"https:\/\/sks.surf\/sklep\/wp-content\/uploads\/2024\/04\/logo-sks-kwadrat.jpeg\",\"contentUrl\":\"https:\/\/sks.surf\/sklep\/wp-content\/uploads\/2024\/04\/logo-sks-kwadrat.jpeg\",\"width\":2000,\"height\":2000,\"caption\":\"SKS\"},\"image\":{\"@id\":\"https:\/\/sks.surf\/sklep\/#\/schema\/logo\/image\/\"},\"sameAs\":[\"https:\/\/www.facebook.com\/SurfingowyKlubSportowy\"]}]}<\/script>\n<!-- \/ Yoast SEO Premium plugin. -->","yoast_head_json":{"title":"Deska Softboards Kuma Fish 5'10 White Futures","description":"Sklep Online KITE \u2022 WIND \u2022 SURF - dysponujemy szerokim wyborem asortymentu do Kitesurfingu, Windsurfingu i Surfing. Sprawd\u017a r\u00f3wnie\u017c nasze akcesoria. %","robots":{"index":"index","follow":"follow","max-snippet":"max-snippet:-1","max-image-preview":"max-image-preview:large","max-video-preview":"max-video-preview:-1"},"canonical":"https:\/\/sks.surf\/sklep\/produkt\/deska-softboards-kuma-fish-510-white-futures\/","og_locale":"pl_PL","og_type":"article","og_title":"Deska Softboards Kuma Fish 5'10 White Futures","og_description":"Sklep Online KITE \u2022 WIND \u2022 SURF - dysponujemy szerokim wyborem asortymentu do Kitesurfingu, Windsurfingu i Surfing. Sprawd\u017a r\u00f3wnie\u017c nasze akcesoria.","og_url":"https:\/\/sks.surf\/sklep\/produkt\/deska-softboards-kuma-fish-510-white-futures\/","og_site_name":"SKS","article_publisher":"https:\/\/www.facebook.com\/SurfingowyKlubSportowy","article_modified_time":"2024-05-25T07:47:49+00:00","og_image":[{"width":1080,"height":1080,"url":"https:\/\/sks.surf\/sklep\/wp-content\/uploads\/2024\/05\/2-1.png","type":"image\/png"}],"twitter_card":"summary_large_image","twitter_misc":{"Szacowany czas czytania":"1 minuta"},"schema":{"@context":"https:\/\/schema.org","@graph":[{"@type":"WebPage","@id":"https:\/\/sks.surf\/sklep\/produkt\/deska-softboards-kuma-fish-510-white-futures\/","url":"https:\/\/sks.surf\/sklep\/produkt\/deska-softboards-kuma-fish-510-white-futures\/","name":"Deska Softboards Kuma Fish 5'10 White Futures","isPartOf":{"@id":"https:\/\/sks.surf\/sklep\/#website"},"primaryImageOfPage":{"@id":"https:\/\/sks.surf\/sklep\/produkt\/deska-softboards-kuma-fish-510-white-futures\/#primaryimage"},"image":{"@id":"https:\/\/sks.surf\/sklep\/produkt\/deska-softboards-kuma-fish-510-white-futures\/#primaryimage"},"thumbnailUrl":"https:\/\/sks.surf\/sklep\/wp-content\/uploads\/2024\/05\/2-1.png","datePublished":"2024-05-22T08:22:36+00:00","dateModified":"2024-05-25T07:47:49+00:00","description":"Sklep Online KITE \u2022 WIND \u2022 SURF - dysponujemy szerokim wyborem asortymentu do Kitesurfingu, Windsurfingu i Surfing. Sprawd\u017a r\u00f3wnie\u017c nasze akcesoria. %","breadcrumb":{"@id":"https:\/\/sks.surf\/sklep\/produkt\/deska-softboards-kuma-fish-510-white-futures\/#breadcrumb"},"inLanguage":"pl-PL","potentialAction":[{"@type":"ReadAction","target":["https:\/\/sks.surf\/sklep\/produkt\/deska-softboards-kuma-fish-510-white-futures\/"]}]},{"@type":"ImageObject","inLanguage":"pl-PL","@id":"https:\/\/sks.surf\/sklep\/produkt\/deska-softboards-kuma-fish-510-white-futures\/#primaryimage","url":"https:\/\/sks.surf\/sklep\/wp-content\/uploads\/2024\/05\/2-1.png","contentUrl":"https:\/\/sks.surf\/sklep\/wp-content\/uploads\/2024\/05\/2-1.png","width":1080,"height":1080},{"@type":"BreadcrumbList","@id":"https:\/\/sks.surf\/sklep\/produkt\/deska-softboards-kuma-fish-510-white-futures\/#breadcrumb","itemListElement":[{"@type":"ListItem","position":1,"name":"Strona g\u0142\u00f3wna","item":"https:\/\/sks.surf\/sklep\/"},{"@type":"ListItem","position":2,"name":"Shop","item":"https:\/\/sks.surf\/sklep\/?page_id=44154"},{"@type":"ListItem","position":3,"name":"Deska Softboards Kuma Fish 5&#8217;10 White Futures"}]},{"@type":"WebSite","@id":"https:\/\/sks.surf\/sklep\/#website","url":"https:\/\/sks.surf\/sklep\/","name":"SKS","description":"Sklep Online","publisher":{"@id":"https:\/\/sks.surf\/sklep\/#organization"},"potentialAction":[{"@type":"SearchAction","target":{"@type":"EntryPoint","urlTemplate":"https:\/\/sks.surf\/sklep\/?s={search_term_string}"},"query-input":"required name=search_term_string"}],"inLanguage":"pl-PL"},{"@type":"Organization","@id":"https:\/\/sks.surf\/sklep\/#organization","name":"SKS","alternateName":"SKS - Sklep Online","url":"https:\/\/sks.surf\/sklep\/","logo":{"@type":"ImageObject","inLanguage":"pl-PL","@id":"https:\/\/sks.surf\/sklep\/#\/schema\/logo\/image\/","url":"https:\/\/sks.surf\/sklep\/wp-content\/uploads\/2024\/04\/logo-sks-kwadrat.jpeg","contentUrl":"https:\/\/sks.surf\/sklep\/wp-content\/uploads\/2024\/04\/logo-sks-kwadrat.jpeg","width":2000,"height":2000,"caption":"SKS"},"image":{"@id":"https:\/\/sks.surf\/sklep\/#\/schema\/logo\/image\/"},"sameAs":["https:\/\/www.facebook.com\/SurfingowyKlubSportowy"]}]}},"_links":{"self":[{"href":"https:\/\/sks.surf\/sklep\/wp-json\/wp\/v2\/product\/49134"}],"collection":[{"href":"https:\/\/sks.surf\/sklep\/wp-json\/wp\/v2\/product"}],"about":[{"href":"https:\/\/sks.surf\/sklep\/wp-json\/wp\/v2\/types\/product"}],"version-history":[{"count":3,"href":"https:\/\/sks.surf\/sklep\/wp-json\/wp\/v2\/product\/49134\/revisions"}],"predecessor-version":[{"id":49172,"href":"https:\/\/sks.surf\/sklep\/wp-json\/wp\/v2\/product\/49134\/revisions\/49172"}],"wp:featuredmedia":[{"embeddable":true,"href":"https:\/\/sks.surf\/sklep\/wp-json\/wp\/v2\/media\/49198"}],"wp:attachment":[{"href":"https:\/\/sks.surf\/sklep\/wp-json\/wp\/v2\/media?parent=49134"}],"wp:term":[{"taxonomy":"product_cat","embeddable":true,"href":"https:\/\/sks.surf\/sklep\/wp-json\/wp\/v2\/product_cat?post=49134"},{"taxonomy":"product_tag","embeddable":true,"href":"https:\/\/sks.surf\/sklep\/wp-json\/wp\/v2\/product_tag?post=49134"}],"curies":[{"name":"wp","href":"https:\/\/api.w.org\/{rel}","templated":true}]}}