{"id":49146,"date":"2024-05-22T08:36:33","date_gmt":"2024-05-22T08:36:33","guid":{"rendered":"https:\/\/sks.surf\/sklep\/?post_type=product&#038;p=49146"},"modified":"2024-05-25T08:01:58","modified_gmt":"2024-05-25T08:01:58","slug":"deska-mf-softboards-sugar-glider-merlot-us-box","status":"publish","type":"product","link":"https:\/\/sks.surf\/sklep\/produkt\/deska-mf-softboards-sugar-glider-merlot-us-box\/","title":{"rendered":"Deska MF Softboards Sugar Glider Merlot US Box"},"content":{"rendered":"<p><b><span data-contrast=\"auto\">SUGAR GLIDER<\/span><\/b><span data-ccp-props=\"{&quot;134233117&quot;:true,&quot;134233118&quot;:true}\">\u00a0<\/span><\/p>\n<p><span data-contrast=\"auto\">Chcesz odkrywa\u0107 modele mid-length? Lubisz pr\u0119dko\u015b\u0107? Pasjonuje Ci\u0119 retro, single finy, stylowy glide i g\u0142adkie linie wycinane na czole fali? <\/span><b><span data-contrast=\"auto\">Sugar Glider<\/span><\/b><span data-contrast=\"auto\"> jest zdecydowanie modelem stworzonym z my\u015bl\u0105 o Tobie!<\/span><\/p>\n<p><span data-ccp-props=\"{&quot;134233117&quot;:true,&quot;134233118&quot;:true}\">\u00a0<\/span><\/p>\n<p><b><span data-contrast=\"auto\">SHAPE<\/span><\/b><span data-ccp-props=\"{&quot;134233117&quot;:true,&quot;134233118&quot;:true}\">\u00a0<\/span><\/p>\n<p><span data-contrast=\"auto\">Rocker: Medium<\/span><span data-ccp-props=\"{&quot;134233117&quot;:true,&quot;134233118&quot;:true}\">\u00a0<\/span><\/p>\n<p><span data-contrast=\"auto\">Stateczniki: US Box<\/span><span data-ccp-props=\"{&quot;134233117&quot;:true,&quot;134233118&quot;:true}\">\u00a0<\/span><\/p>\n<p><span data-contrast=\"auto\">Finy w komplecie: FCS US Box Flex<\/span><span data-ccp-props=\"{&quot;134233117&quot;:true,&quot;134233118&quot;:true}\">\u00a0<\/span><\/p>\n<p><span data-contrast=\"auto\">Kszta\u0142t dna: Single to double concave<\/span><span data-ccp-props=\"{&quot;134233117&quot;:true,&quot;134233118&quot;:true}\">\u00a0<\/span><\/p>\n<p><span data-contrast=\"auto\">Kszta\u0142t rufy: Pin tail<\/span><span data-ccp-props=\"{&quot;134233117&quot;:true,&quot;134233118&quot;:true}\">\u00a0<\/span><\/p>\n<p><span data-contrast=\"auto\">Konstrukcja: Heat Lamination<\/span><span data-ccp-props=\"{&quot;134233117&quot;:true,&quot;134233118&quot;:true}\">\u00a0<\/span><\/p>\n<p><span data-contrast=\"auto\">Kolor: Merlot<\/span><\/p>\n","protected":false},"excerpt":{"rendered":"<p>SUGAR GLIDER\u00a0 Chcesz odkrywa\u0107 modele mid-length? Lubisz pr\u0119dko\u015b\u0107? Pasjonuje Ci\u0119 retro, single finy, stylowy glide i g\u0142adkie linie wycinane na czole fali? Sugar Glider jest zdecydowanie modelem stworzonym z my\u015bl\u0105 o Tobie! \u00a0 SHAPE\u00a0 Rocker: Medium\u00a0 Stateczniki: US Box\u00a0 Finy w komplecie: FCS US Box Flex\u00a0 Kszta\u0142t dna: Single to double concave\u00a0 Kszta\u0142t rufy: Pin [&hellip;]<\/p>\n","protected":false},"featured_media":49213,"template":"","meta":[],"product_cat":[225,223],"product_tag":[546,601,604,415,607],"yoast_head":"<!-- This site is optimized with the Yoast SEO Premium plugin v22.3 (Yoast SEO v22.6) - https:\/\/yoast.com\/wordpress\/plugins\/seo\/ -->\n<title>Deska MF Softboards Sugar Glider Merlot US Box<\/title>\n<meta name=\"description\" content=\"Sklep Online KITE \u2022 WIND \u2022 SURF - dysponujemy szerokim wyborem asortymentu do Kitesurfingu, Windsurfingu i Surfing. Sprawd\u017a r\u00f3wnie\u017c nasze akcesoria. %\" \/>\n<meta name=\"robots\" content=\"index, follow, max-snippet:-1, max-image-preview:large, max-video-preview:-1\" \/>\n<link rel=\"canonical\" href=\"https:\/\/sks.surf\/sklep\/produkt\/deska-mf-softboards-sugar-glider-merlot-us-box\/\" \/>\n<meta property=\"og:locale\" content=\"pl_PL\" \/>\n<meta property=\"og:type\" content=\"article\" \/>\n<meta property=\"og:title\" content=\"Deska MF Softboards Sugar Glider Merlot US Box\" \/>\n<meta property=\"og:description\" content=\"Sklep Online KITE \u2022 WIND \u2022 SURF - dysponujemy szerokim wyborem asortymentu do Kitesurfingu, Windsurfingu i Surfing. Sprawd\u017a r\u00f3wnie\u017c nasze akcesoria.\" \/>\n<meta property=\"og:url\" content=\"https:\/\/sks.surf\/sklep\/produkt\/deska-mf-softboards-sugar-glider-merlot-us-box\/\" \/>\n<meta property=\"og:site_name\" content=\"SKS\" \/>\n<meta property=\"article:publisher\" content=\"https:\/\/www.facebook.com\/SurfingowyKlubSportowy\" \/>\n<meta property=\"article:modified_time\" content=\"2024-05-25T08:01:58+00:00\" \/>\n<meta property=\"og:image\" content=\"https:\/\/sks.surf\/sklep\/wp-content\/uploads\/2024\/05\/2-5.png\" \/>\n\t<meta property=\"og:image:width\" content=\"1080\" \/>\n\t<meta property=\"og:image:height\" content=\"1080\" \/>\n\t<meta property=\"og:image:type\" content=\"image\/png\" \/>\n<meta name=\"twitter:card\" content=\"summary_large_image\" \/>\n<script type=\"application\/ld+json\" class=\"yoast-schema-graph\">{\"@context\":\"https:\/\/schema.org\",\"@graph\":[{\"@type\":\"WebPage\",\"@id\":\"https:\/\/sks.surf\/sklep\/produkt\/deska-mf-softboards-sugar-glider-merlot-us-box\/\",\"url\":\"https:\/\/sks.surf\/sklep\/produkt\/deska-mf-softboards-sugar-glider-merlot-us-box\/\",\"name\":\"Deska MF Softboards Sugar Glider Merlot US Box\",\"isPartOf\":{\"@id\":\"https:\/\/sks.surf\/sklep\/#website\"},\"primaryImageOfPage\":{\"@id\":\"https:\/\/sks.surf\/sklep\/produkt\/deska-mf-softboards-sugar-glider-merlot-us-box\/#primaryimage\"},\"image\":{\"@id\":\"https:\/\/sks.surf\/sklep\/produkt\/deska-mf-softboards-sugar-glider-merlot-us-box\/#primaryimage\"},\"thumbnailUrl\":\"https:\/\/sks.surf\/sklep\/wp-content\/uploads\/2024\/05\/2-5.png\",\"datePublished\":\"2024-05-22T08:36:33+00:00\",\"dateModified\":\"2024-05-25T08:01:58+00:00\",\"description\":\"Sklep Online KITE \u2022 WIND \u2022 SURF - dysponujemy szerokim wyborem asortymentu do Kitesurfingu, Windsurfingu i Surfing. Sprawd\u017a r\u00f3wnie\u017c nasze akcesoria. %\",\"breadcrumb\":{\"@id\":\"https:\/\/sks.surf\/sklep\/produkt\/deska-mf-softboards-sugar-glider-merlot-us-box\/#breadcrumb\"},\"inLanguage\":\"pl-PL\",\"potentialAction\":[{\"@type\":\"ReadAction\",\"target\":[\"https:\/\/sks.surf\/sklep\/produkt\/deska-mf-softboards-sugar-glider-merlot-us-box\/\"]}]},{\"@type\":\"ImageObject\",\"inLanguage\":\"pl-PL\",\"@id\":\"https:\/\/sks.surf\/sklep\/produkt\/deska-mf-softboards-sugar-glider-merlot-us-box\/#primaryimage\",\"url\":\"https:\/\/sks.surf\/sklep\/wp-content\/uploads\/2024\/05\/2-5.png\",\"contentUrl\":\"https:\/\/sks.surf\/sklep\/wp-content\/uploads\/2024\/05\/2-5.png\",\"width\":1080,\"height\":1080},{\"@type\":\"BreadcrumbList\",\"@id\":\"https:\/\/sks.surf\/sklep\/produkt\/deska-mf-softboards-sugar-glider-merlot-us-box\/#breadcrumb\",\"itemListElement\":[{\"@type\":\"ListItem\",\"position\":1,\"name\":\"Strona g\u0142\u00f3wna\",\"item\":\"https:\/\/sks.surf\/sklep\/\"},{\"@type\":\"ListItem\",\"position\":2,\"name\":\"Shop\",\"item\":\"https:\/\/sks.surf\/sklep\/?page_id=44154\"},{\"@type\":\"ListItem\",\"position\":3,\"name\":\"Deska MF Softboards Sugar Glider Merlot US Box\"}]},{\"@type\":\"WebSite\",\"@id\":\"https:\/\/sks.surf\/sklep\/#website\",\"url\":\"https:\/\/sks.surf\/sklep\/\",\"name\":\"SKS\",\"description\":\"Sklep Online\",\"publisher\":{\"@id\":\"https:\/\/sks.surf\/sklep\/#organization\"},\"potentialAction\":[{\"@type\":\"SearchAction\",\"target\":{\"@type\":\"EntryPoint\",\"urlTemplate\":\"https:\/\/sks.surf\/sklep\/?s={search_term_string}\"},\"query-input\":\"required name=search_term_string\"}],\"inLanguage\":\"pl-PL\"},{\"@type\":\"Organization\",\"@id\":\"https:\/\/sks.surf\/sklep\/#organization\",\"name\":\"SKS\",\"alternateName\":\"SKS - Sklep Online\",\"url\":\"https:\/\/sks.surf\/sklep\/\",\"logo\":{\"@type\":\"ImageObject\",\"inLanguage\":\"pl-PL\",\"@id\":\"https:\/\/sks.surf\/sklep\/#\/schema\/logo\/image\/\",\"url\":\"https:\/\/sks.surf\/sklep\/wp-content\/uploads\/2024\/04\/logo-sks-kwadrat.jpeg\",\"contentUrl\":\"https:\/\/sks.surf\/sklep\/wp-content\/uploads\/2024\/04\/logo-sks-kwadrat.jpeg\",\"width\":2000,\"height\":2000,\"caption\":\"SKS\"},\"image\":{\"@id\":\"https:\/\/sks.surf\/sklep\/#\/schema\/logo\/image\/\"},\"sameAs\":[\"https:\/\/www.facebook.com\/SurfingowyKlubSportowy\"]}]}<\/script>\n<!-- \/ Yoast SEO Premium plugin. -->","yoast_head_json":{"title":"Deska MF Softboards Sugar Glider Merlot US Box","description":"Sklep Online KITE \u2022 WIND \u2022 SURF - dysponujemy szerokim wyborem asortymentu do Kitesurfingu, Windsurfingu i Surfing. Sprawd\u017a r\u00f3wnie\u017c nasze akcesoria. %","robots":{"index":"index","follow":"follow","max-snippet":"max-snippet:-1","max-image-preview":"max-image-preview:large","max-video-preview":"max-video-preview:-1"},"canonical":"https:\/\/sks.surf\/sklep\/produkt\/deska-mf-softboards-sugar-glider-merlot-us-box\/","og_locale":"pl_PL","og_type":"article","og_title":"Deska MF Softboards Sugar Glider Merlot US Box","og_description":"Sklep Online KITE \u2022 WIND \u2022 SURF - dysponujemy szerokim wyborem asortymentu do Kitesurfingu, Windsurfingu i Surfing. Sprawd\u017a r\u00f3wnie\u017c nasze akcesoria.","og_url":"https:\/\/sks.surf\/sklep\/produkt\/deska-mf-softboards-sugar-glider-merlot-us-box\/","og_site_name":"SKS","article_publisher":"https:\/\/www.facebook.com\/SurfingowyKlubSportowy","article_modified_time":"2024-05-25T08:01:58+00:00","og_image":[{"width":1080,"height":1080,"url":"https:\/\/sks.surf\/sklep\/wp-content\/uploads\/2024\/05\/2-5.png","type":"image\/png"}],"twitter_card":"summary_large_image","schema":{"@context":"https:\/\/schema.org","@graph":[{"@type":"WebPage","@id":"https:\/\/sks.surf\/sklep\/produkt\/deska-mf-softboards-sugar-glider-merlot-us-box\/","url":"https:\/\/sks.surf\/sklep\/produkt\/deska-mf-softboards-sugar-glider-merlot-us-box\/","name":"Deska MF Softboards Sugar Glider Merlot US Box","isPartOf":{"@id":"https:\/\/sks.surf\/sklep\/#website"},"primaryImageOfPage":{"@id":"https:\/\/sks.surf\/sklep\/produkt\/deska-mf-softboards-sugar-glider-merlot-us-box\/#primaryimage"},"image":{"@id":"https:\/\/sks.surf\/sklep\/produkt\/deska-mf-softboards-sugar-glider-merlot-us-box\/#primaryimage"},"thumbnailUrl":"https:\/\/sks.surf\/sklep\/wp-content\/uploads\/2024\/05\/2-5.png","datePublished":"2024-05-22T08:36:33+00:00","dateModified":"2024-05-25T08:01:58+00:00","description":"Sklep Online KITE \u2022 WIND \u2022 SURF - dysponujemy szerokim wyborem asortymentu do Kitesurfingu, Windsurfingu i Surfing. Sprawd\u017a r\u00f3wnie\u017c nasze akcesoria. %","breadcrumb":{"@id":"https:\/\/sks.surf\/sklep\/produkt\/deska-mf-softboards-sugar-glider-merlot-us-box\/#breadcrumb"},"inLanguage":"pl-PL","potentialAction":[{"@type":"ReadAction","target":["https:\/\/sks.surf\/sklep\/produkt\/deska-mf-softboards-sugar-glider-merlot-us-box\/"]}]},{"@type":"ImageObject","inLanguage":"pl-PL","@id":"https:\/\/sks.surf\/sklep\/produkt\/deska-mf-softboards-sugar-glider-merlot-us-box\/#primaryimage","url":"https:\/\/sks.surf\/sklep\/wp-content\/uploads\/2024\/05\/2-5.png","contentUrl":"https:\/\/sks.surf\/sklep\/wp-content\/uploads\/2024\/05\/2-5.png","width":1080,"height":1080},{"@type":"BreadcrumbList","@id":"https:\/\/sks.surf\/sklep\/produkt\/deska-mf-softboards-sugar-glider-merlot-us-box\/#breadcrumb","itemListElement":[{"@type":"ListItem","position":1,"name":"Strona g\u0142\u00f3wna","item":"https:\/\/sks.surf\/sklep\/"},{"@type":"ListItem","position":2,"name":"Shop","item":"https:\/\/sks.surf\/sklep\/?page_id=44154"},{"@type":"ListItem","position":3,"name":"Deska MF Softboards Sugar Glider Merlot US Box"}]},{"@type":"WebSite","@id":"https:\/\/sks.surf\/sklep\/#website","url":"https:\/\/sks.surf\/sklep\/","name":"SKS","description":"Sklep Online","publisher":{"@id":"https:\/\/sks.surf\/sklep\/#organization"},"potentialAction":[{"@type":"SearchAction","target":{"@type":"EntryPoint","urlTemplate":"https:\/\/sks.surf\/sklep\/?s={search_term_string}"},"query-input":"required name=search_term_string"}],"inLanguage":"pl-PL"},{"@type":"Organization","@id":"https:\/\/sks.surf\/sklep\/#organization","name":"SKS","alternateName":"SKS - Sklep Online","url":"https:\/\/sks.surf\/sklep\/","logo":{"@type":"ImageObject","inLanguage":"pl-PL","@id":"https:\/\/sks.surf\/sklep\/#\/schema\/logo\/image\/","url":"https:\/\/sks.surf\/sklep\/wp-content\/uploads\/2024\/04\/logo-sks-kwadrat.jpeg","contentUrl":"https:\/\/sks.surf\/sklep\/wp-content\/uploads\/2024\/04\/logo-sks-kwadrat.jpeg","width":2000,"height":2000,"caption":"SKS"},"image":{"@id":"https:\/\/sks.surf\/sklep\/#\/schema\/logo\/image\/"},"sameAs":["https:\/\/www.facebook.com\/SurfingowyKlubSportowy"]}]}},"_links":{"self":[{"href":"https:\/\/sks.surf\/sklep\/wp-json\/wp\/v2\/product\/49146"}],"collection":[{"href":"https:\/\/sks.surf\/sklep\/wp-json\/wp\/v2\/product"}],"about":[{"href":"https:\/\/sks.surf\/sklep\/wp-json\/wp\/v2\/types\/product"}],"version-history":[{"count":2,"href":"https:\/\/sks.surf\/sklep\/wp-json\/wp\/v2\/product\/49146\/revisions"}],"predecessor-version":[{"id":49173,"href":"https:\/\/sks.surf\/sklep\/wp-json\/wp\/v2\/product\/49146\/revisions\/49173"}],"wp:featuredmedia":[{"embeddable":true,"href":"https:\/\/sks.surf\/sklep\/wp-json\/wp\/v2\/media\/49213"}],"wp:attachment":[{"href":"https:\/\/sks.surf\/sklep\/wp-json\/wp\/v2\/media?parent=49146"}],"wp:term":[{"taxonomy":"product_cat","embeddable":true,"href":"https:\/\/sks.surf\/sklep\/wp-json\/wp\/v2\/product_cat?post=49146"},{"taxonomy":"product_tag","embeddable":true,"href":"https:\/\/sks.surf\/sklep\/wp-json\/wp\/v2\/product_tag?post=49146"}],"curies":[{"name":"wp","href":"https:\/\/api.w.org\/{rel}","templated":true}]}}