{"id":49274,"date":"2024-05-28T09:22:02","date_gmt":"2024-05-28T09:22:02","guid":{"rendered":"https:\/\/sks.surf\/sklep\/?post_type=product&#038;p=49274"},"modified":"2024-05-28T10:50:58","modified_gmt":"2024-05-28T10:50:58","slug":"deska-loco-shapes-topnik","status":"publish","type":"product","link":"https:\/\/sks.surf\/sklep\/produkt\/deska-loco-shapes-topnik\/","title":{"rendered":"Deska Loco Shapes Topnik"},"content":{"rendered":"<div class=\"page\" title=\"Page 9\">\n<div class=\"section\">\n<div class=\"layoutArea\">\n<div class=\"column\">\n<p>Loco Shapes to kolektyw tworzony przez trzech shaper\u00f3w z Tr\u00f3jmiasta. Za\u0142o\u017cony z pasji i zajawy do surfingu w celu u\u0142atwienia dost\u0119pu do wysokiej jako\u015bci sprz\u0119tu surfingowego. Warsztat zlokalizowany w podziemiach starego zak\u0142adu produkcyjnego w Gda\u0144sku Oliwie, dzia\u0142a od 2022 roku. Shaping to delikatne rzemios\u0142o, kt\u00f3re opr\u00f3cz wprawnych r\u0105k wymaga te\u017c du\u017cej wiedzy z zakresu Hydrodynamiki. Dlatego modele desek, kt\u00f3re powstaj\u0105 w naszym warsztacie po dok\u0142adnym procesie projektowania w przy u\u017cyciu specjalistycznego oprogramowania, trafiaj\u0105 na d\u0142ugotrwa\u0142e testy na wodzie. Zar\u00f3wno w zimnych i ma\u0142o zasolonych wodach Ba\u0142tyku jak i na cieplejszych akwenach na r\u00f3\u017cnych kontynentach. Gdzie trafiaj\u0105 pod stopy nie tylko nasze ale te\u017c lokalnych rajder\u00f3w. Dzi\u0119ki tym zabiegom i pozyskanej wiedzy, ci\u0105gle podwy\u017cszamy swoje do\u015bwiadczenie, co z kolei pozwala nam na dok\u0142adne dobranie deski do predyspozycji i oczekiwa\u0144 surfera. Shorty, midy czy longi, wierzymy, \u017ce sufing nie jest spisany na bycie czarno bia\u0142ym, w tonacji czarnych pianek i bia\u0142ych desek. Tylko ka\u017cdy kto ma ochot\u0119 powinien mie\u0107 mo\u017cliwo\u015b\u0107 spersonalizowania grafiki na w\u0142asnej desce. Niech tw\u00f3j \u015bwiat b\u0119dzie kolorowy, a zajawa kipi przez ko\u0142nierz zasolonej pianki.<\/p>\n<p>Fun Board fishie<\/p>\n<ul>\n<li>Topnik, to op\u0142ywany na oceanie i Ba\u0142tuniu model z\u00a0carbonowymi stringerem. Low rocker, bardzo szybki foil i delikatny flip na nosie. To lata samo po naszych wymagaj\u0105cych, pokr\u0119conych falkach.<\/li>\n<li>Szeroki blat, dodatkowy pop przy pompie z carbonowego stringera sprawiaj\u0105, \u017ce Topnik to funboard kt\u00f3rego pokochasz.<\/li>\n<li>Polecamy w konfiguracji Twin fin Keel, co daje desce niespotykany flow. Utrzyma mocne zakety ale wystarczy, \u017ce mocniej doci\u015bniesz taila i poczujesz jak ucieka w zakr\u0119cie.<\/li>\n<li>Dla lubi\u0105cych pr\u0119dko\u015b\u0107. Quad fins w po\u0142\u0105czeniu z ostrymi, niskimi kraw\u0119dziami oraz fish tailem, trzymaj\u0105 mocno w zakr\u0119tach po szybkich sekcjach.<\/li>\n<\/ul>\n<div>Podana cena dotyczy czystej deski, inne opcje kolorystyczne:<\/div>\n<ul>\n<li>350-550 z\u0142 resin art<\/li>\n<li>350+ spray paint<\/li>\n<li>350-550 cloth inlay<\/li>\n<\/ul>\n<div class=\"page\" title=\"Page 2\">Napisz do nas w celu uzgodnienia indywidualnego projektu deski.<\/div>\n<p><img decoding=\"async\" src=\"data:image\/png;base64,iVBORw0KGgoAAAANSUhEUgAAAYcAAAEOCAYAAABiodtuAAAAAXNSR0IArs4c6QAAAAlwSFlzAAALGwAACxsBJBCUfQAAB0lJREFUeAHt0AENAAAAwqD3T20PBxEoDBgwYMCAAQMGDBgwYMCAAQMGDBgwYMCAAQMGDBgwYMCAAQMGDBgwYMCAAQMGDBgwYMCAAQMGDBgwYMCAAQMGDBgwYMCAAQMGDBgwYMCAAQMGDBgwYMCAAQMGDBgwYMCAAQMGDBgwYMCAAQMGDBgwYMCAAQMGDBgwYMCAAQMGDBgwYMCAAQMGDBgwYMCAAQMGDBgwYMCAAQMGDBgwYMCAAQMGDBgwYMCAAQMGDBgwYMCAAQMGDBgwYMCAAQMGDBgwYMCAAQMGDBgwYMCAAQMGDBgwYMCAAQMGDBgwYMCAAQMGDBgwYMCAAQMGDBgwYMCAAQMGDBgwYMCAAQMGDBgwYMCAAQMGDBgwYMCAAQMGDBgwYMCAAQMGDBgwYMCAAQMGDBgwYMCAAQMGDBgwYMCAAQMGDBgwYMCAAQMGDBgwYMCAAQMGDBgwYMCAAQMGDBgwYMCAAQMGDBgwYMCAAQMGDBgwYMCAAQMGDBgwYMCAAQMGDBgwYMCAAQMGDBgwYMCAAQMGDBgwYMCAAQMGDBgwYMCAAQMGDBgwYMCAAQMGDBgwYMCAAQMGDBgwYMCAAQMGDBgwYMCAAQMGDBgwYMCAAQMGDBgwYMCAAQMGDBgwYMCAAQMGDBgwYMCAAQMGDBgwYMCAAQMGDBgwYMCAAQMGDBgwYMCAAQMGDBgwYMCAAQMGDBgwYMCAAQMGDBgwYMCAAQMGDBgwYMCAAQMGDBgwYMCAAQMGDBgwYMCAAQMGDBgwYMCAAQMGDBgwYMCAAQMGDBgwYMCAAQMGDBgwYMCAAQMGDBgwYMCAAQMGDBgwYMCAAQMGDBgwYMCAAQMGDBgwYMCAAQMGDBgwYMCAAQMGDBgwYMCAAQMGDBgwYMCAAQMGDBgwYMCAAQMGDBgwYMCAAQMGDBgwYMCAAQMGDBgwYMCAAQMGDBgwYMCAAQMGDBgwYMCAAQMGDBgwYMCAAQMGDBgwYMCAAQMGDBgwYMCAAQMGDBgwYMCAAQMGDBgwYMCAAQMGDBgwYMCAAQMGDBgwYMCAAQMGDBgwYMCAAQMGDBgwYMCAAQMGDBgwYMCAAQMGDBgwYMCAAQMGDBgwYMCAAQMGDBgwYMCAAQMGDBgwYMCAAQMGDBgwYMCAAQMGDBgwYMCAAQMGDBgwYMCAAQMGDBgwYMCAAQMGDBgwYMCAAQMGDBgwYMCAAQMGDBgwYMCAAQMGDBgwYMCAAQMGDBgwYMCAAQMGDBgwYMCAAQMGDBgwYMCAAQMGDBgwYMCAAQMGDBgwYMCAAQMGDBgwYMCAAQMGDBgwYMCAAQMGDBgwYMCAAQMGDBgwYMCAAQMGDBgwYMCAAQMGDBgwYMCAAQMGDBgwYMCAAQMGDBgwYMCAAQMGDBgwYMCAAQMGDBgwYMCAAQMGDBgwYMCAAQMGDBgwYMCAAQMGDBgwYMCAAQMGDBgwYMCAAQMGDBgwYMCAAQMGDBgwYMCAAQMGDBgwYMCAAQMGDBgwYMCAAQMGDBgwYMCAAQMGDBgwYMCAAQMGDBgwYMCAAQMGDBgwYMCAAQMGDBgwYMCAAQMGDBgwYMCAAQMGDBgwYMCAAQMGDBgwYMCAAQMGDBgwYMCAAQMGDBgwYMCAAQMGDBgwYMCAAQMGDBgwYMCAAQMGDBgwYMCAAQMGDBgwYMCAAQMGDBgwYMCAAQMGDBgwYMCAAQMGDBgwYMCAAQMGDBgwYMCAAQMGDBgwYMCAAQMGDBgwYMCAAQMGDBgwYMCAAQMGDBgwYMCAAQMGDBgwYMCAAQMGDBgwYMCAAQMGDBgwYMCAAQMGDBgwYMCAAQMGDBgwYMCAAQMGDBgwYMCAAQMGDBgwYMCAAQMGDBgwYMCAAQMGDBgwYMCAAQMGDBgwYMCAAQMGDBgwYMCAAQMGDBgwYMCAAQMGDBgwYMCAAQMGDBgwYMCAAQMGDBgwYMCAAQMGDBgwYMCAAQMGDBgwYMCAAQMGDBgwYMCAAQMGDBgwYMCAAQMGDBgwYMCAAQMGDBgwYMCAAQMGDBgwYMCAAQMGDBgwYMCAAQMGDBgwYMCAAQMGDBgwYMCAAQMGDBgwYMCAAQMGDBgwYMCAAQMGDBgwYMCAAQMGDBgwYMCAAQMGDBgwYMCAAQMGDBgwYMCAAQMGDBgwYMCAAQMGDBgwYMCAAQMGDBgwYMCAAQMGDBgwYMCAAQMGDBgwYMCAAQMGDBgwYMCAAQMGDBgwYMCAAQMGDBgwYMCAAQMGDBgwYMCAAQMGDBgwYMCAAQMGDBgwYMCAAQMGDBgwYMCAAQMGDBgwYMCAAQMGDBgwYMCAAQMGDBgwYMCAAQMGDBgwYMCAAQMGDBgwYMCAAQMGDBgwYMCAAQMGDBgwYMCAAQMGDBgwYMCAAQMGDBgwYMCAAQMGDBgwYMCAAQMGDBgwYMCAAQMGDBgwYMCAAQMGDBgwYMCAAQMGDBgwYMCAAQMGDBgwYMCAAQMGDBgwYOBnYHLwAAFKzjWgAAAAAElFTkSuQmCC\" alt=\"page9image3567304352\" width=\"390.259855\" height=\"269.007883\" \/><\/p>\n<\/div>\n<\/div>\n<\/div>\n<\/div>\n","protected":false},"excerpt":{"rendered":"<p>Loco Shapes to kolektyw tworzony przez trzech shaper\u00f3w z Tr\u00f3jmiasta. Za\u0142o\u017cony z pasji i zajawy do surfingu w celu u\u0142atwienia dost\u0119pu do wysokiej jako\u015bci sprz\u0119tu surfingowego. Warsztat zlokalizowany w podziemiach starego zak\u0142adu produkcyjnego w Gda\u0144sku Oliwie, dzia\u0142a od 2022 roku. Shaping to delikatne rzemios\u0142o, kt\u00f3re opr\u00f3cz wprawnych r\u0105k wymaga te\u017c du\u017cej wiedzy z zakresu Hydrodynamiki. [&hellip;]<\/p>\n","protected":false},"featured_media":49280,"template":"","meta":[],"product_cat":[225,223],"product_tag":[546,614,610,415],"yoast_head":"<!-- This site is optimized with the Yoast SEO Premium plugin v22.3 (Yoast SEO v22.6) - https:\/\/yoast.com\/wordpress\/plugins\/seo\/ -->\n<title>Deska Loco Shapes Topnik<\/title>\n<meta name=\"description\" content=\"Sklep Online KITE \u2022 WIND \u2022 SURF - dysponujemy szerokim wyborem asortymentu do Kitesurfingu, Windsurfingu i Surfing. Sprawd\u017a r\u00f3wnie\u017c nasze akcesoria. %\" \/>\n<meta name=\"robots\" content=\"index, follow, max-snippet:-1, max-image-preview:large, max-video-preview:-1\" \/>\n<link rel=\"canonical\" href=\"https:\/\/sks.surf\/sklep\/produkt\/deska-loco-shapes-topnik\/\" \/>\n<meta property=\"og:locale\" content=\"pl_PL\" \/>\n<meta property=\"og:type\" content=\"article\" \/>\n<meta property=\"og:title\" content=\"Deska Loco Shapes Topnik\" \/>\n<meta property=\"og:description\" content=\"Sklep Online KITE \u2022 WIND \u2022 SURF - dysponujemy szerokim wyborem asortymentu do Kitesurfingu, Windsurfingu i Surfing. Sprawd\u017a r\u00f3wnie\u017c nasze akcesoria.\" \/>\n<meta property=\"og:url\" content=\"https:\/\/sks.surf\/sklep\/produkt\/deska-loco-shapes-topnik\/\" \/>\n<meta property=\"og:site_name\" content=\"SKS\" \/>\n<meta property=\"article:publisher\" content=\"https:\/\/www.facebook.com\/SurfingowyKlubSportowy\" \/>\n<meta property=\"article:modified_time\" content=\"2024-05-28T10:50:58+00:00\" \/>\n<meta property=\"og:image\" content=\"https:\/\/sks.surf\/sklep\/wp-content\/uploads\/2024\/05\/topnik-front-2.png\" \/>\n\t<meta property=\"og:image:width\" content=\"1080\" \/>\n\t<meta property=\"og:image:height\" content=\"1080\" \/>\n\t<meta property=\"og:image:type\" content=\"image\/png\" \/>\n<meta name=\"twitter:card\" content=\"summary_large_image\" \/>\n<meta name=\"twitter:label1\" content=\"Szacowany czas czytania\" \/>\n\t<meta name=\"twitter:data1\" content=\"2 minuty\" \/>\n<script type=\"application\/ld+json\" class=\"yoast-schema-graph\">{\"@context\":\"https:\/\/schema.org\",\"@graph\":[{\"@type\":\"WebPage\",\"@id\":\"https:\/\/sks.surf\/sklep\/produkt\/deska-loco-shapes-topnik\/\",\"url\":\"https:\/\/sks.surf\/sklep\/produkt\/deska-loco-shapes-topnik\/\",\"name\":\"Deska Loco Shapes Topnik\",\"isPartOf\":{\"@id\":\"https:\/\/sks.surf\/sklep\/#website\"},\"primaryImageOfPage\":{\"@id\":\"https:\/\/sks.surf\/sklep\/produkt\/deska-loco-shapes-topnik\/#primaryimage\"},\"image\":{\"@id\":\"https:\/\/sks.surf\/sklep\/produkt\/deska-loco-shapes-topnik\/#primaryimage\"},\"thumbnailUrl\":\"https:\/\/sks.surf\/sklep\/wp-content\/uploads\/2024\/05\/topnik-front-2.png\",\"datePublished\":\"2024-05-28T09:22:02+00:00\",\"dateModified\":\"2024-05-28T10:50:58+00:00\",\"description\":\"Sklep Online KITE \u2022 WIND \u2022 SURF - dysponujemy szerokim wyborem asortymentu do Kitesurfingu, Windsurfingu i Surfing. Sprawd\u017a r\u00f3wnie\u017c nasze akcesoria. %\",\"breadcrumb\":{\"@id\":\"https:\/\/sks.surf\/sklep\/produkt\/deska-loco-shapes-topnik\/#breadcrumb\"},\"inLanguage\":\"pl-PL\",\"potentialAction\":[{\"@type\":\"ReadAction\",\"target\":[\"https:\/\/sks.surf\/sklep\/produkt\/deska-loco-shapes-topnik\/\"]}]},{\"@type\":\"ImageObject\",\"inLanguage\":\"pl-PL\",\"@id\":\"https:\/\/sks.surf\/sklep\/produkt\/deska-loco-shapes-topnik\/#primaryimage\",\"url\":\"https:\/\/sks.surf\/sklep\/wp-content\/uploads\/2024\/05\/topnik-front-2.png\",\"contentUrl\":\"https:\/\/sks.surf\/sklep\/wp-content\/uploads\/2024\/05\/topnik-front-2.png\",\"width\":1080,\"height\":1080},{\"@type\":\"BreadcrumbList\",\"@id\":\"https:\/\/sks.surf\/sklep\/produkt\/deska-loco-shapes-topnik\/#breadcrumb\",\"itemListElement\":[{\"@type\":\"ListItem\",\"position\":1,\"name\":\"Strona g\u0142\u00f3wna\",\"item\":\"https:\/\/sks.surf\/sklep\/\"},{\"@type\":\"ListItem\",\"position\":2,\"name\":\"Shop\",\"item\":\"https:\/\/sks.surf\/sklep\/?page_id=44154\"},{\"@type\":\"ListItem\",\"position\":3,\"name\":\"Deska Loco Shapes Topnik\"}]},{\"@type\":\"WebSite\",\"@id\":\"https:\/\/sks.surf\/sklep\/#website\",\"url\":\"https:\/\/sks.surf\/sklep\/\",\"name\":\"SKS\",\"description\":\"Sklep Online\",\"publisher\":{\"@id\":\"https:\/\/sks.surf\/sklep\/#organization\"},\"potentialAction\":[{\"@type\":\"SearchAction\",\"target\":{\"@type\":\"EntryPoint\",\"urlTemplate\":\"https:\/\/sks.surf\/sklep\/?s={search_term_string}\"},\"query-input\":\"required name=search_term_string\"}],\"inLanguage\":\"pl-PL\"},{\"@type\":\"Organization\",\"@id\":\"https:\/\/sks.surf\/sklep\/#organization\",\"name\":\"SKS\",\"alternateName\":\"SKS - Sklep Online\",\"url\":\"https:\/\/sks.surf\/sklep\/\",\"logo\":{\"@type\":\"ImageObject\",\"inLanguage\":\"pl-PL\",\"@id\":\"https:\/\/sks.surf\/sklep\/#\/schema\/logo\/image\/\",\"url\":\"https:\/\/sks.surf\/sklep\/wp-content\/uploads\/2024\/04\/logo-sks-kwadrat.jpeg\",\"contentUrl\":\"https:\/\/sks.surf\/sklep\/wp-content\/uploads\/2024\/04\/logo-sks-kwadrat.jpeg\",\"width\":2000,\"height\":2000,\"caption\":\"SKS\"},\"image\":{\"@id\":\"https:\/\/sks.surf\/sklep\/#\/schema\/logo\/image\/\"},\"sameAs\":[\"https:\/\/www.facebook.com\/SurfingowyKlubSportowy\"]}]}<\/script>\n<!-- \/ Yoast SEO Premium plugin. -->","yoast_head_json":{"title":"Deska Loco Shapes Topnik","description":"Sklep Online KITE \u2022 WIND \u2022 SURF - dysponujemy szerokim wyborem asortymentu do Kitesurfingu, Windsurfingu i Surfing. Sprawd\u017a r\u00f3wnie\u017c nasze akcesoria. %","robots":{"index":"index","follow":"follow","max-snippet":"max-snippet:-1","max-image-preview":"max-image-preview:large","max-video-preview":"max-video-preview:-1"},"canonical":"https:\/\/sks.surf\/sklep\/produkt\/deska-loco-shapes-topnik\/","og_locale":"pl_PL","og_type":"article","og_title":"Deska Loco Shapes Topnik","og_description":"Sklep Online KITE \u2022 WIND \u2022 SURF - dysponujemy szerokim wyborem asortymentu do Kitesurfingu, Windsurfingu i Surfing. Sprawd\u017a r\u00f3wnie\u017c nasze akcesoria.","og_url":"https:\/\/sks.surf\/sklep\/produkt\/deska-loco-shapes-topnik\/","og_site_name":"SKS","article_publisher":"https:\/\/www.facebook.com\/SurfingowyKlubSportowy","article_modified_time":"2024-05-28T10:50:58+00:00","og_image":[{"width":1080,"height":1080,"url":"https:\/\/sks.surf\/sklep\/wp-content\/uploads\/2024\/05\/topnik-front-2.png","type":"image\/png"}],"twitter_card":"summary_large_image","twitter_misc":{"Szacowany czas czytania":"2 minuty"},"schema":{"@context":"https:\/\/schema.org","@graph":[{"@type":"WebPage","@id":"https:\/\/sks.surf\/sklep\/produkt\/deska-loco-shapes-topnik\/","url":"https:\/\/sks.surf\/sklep\/produkt\/deska-loco-shapes-topnik\/","name":"Deska Loco Shapes Topnik","isPartOf":{"@id":"https:\/\/sks.surf\/sklep\/#website"},"primaryImageOfPage":{"@id":"https:\/\/sks.surf\/sklep\/produkt\/deska-loco-shapes-topnik\/#primaryimage"},"image":{"@id":"https:\/\/sks.surf\/sklep\/produkt\/deska-loco-shapes-topnik\/#primaryimage"},"thumbnailUrl":"https:\/\/sks.surf\/sklep\/wp-content\/uploads\/2024\/05\/topnik-front-2.png","datePublished":"2024-05-28T09:22:02+00:00","dateModified":"2024-05-28T10:50:58+00:00","description":"Sklep Online KITE \u2022 WIND \u2022 SURF - dysponujemy szerokim wyborem asortymentu do Kitesurfingu, Windsurfingu i Surfing. Sprawd\u017a r\u00f3wnie\u017c nasze akcesoria. %","breadcrumb":{"@id":"https:\/\/sks.surf\/sklep\/produkt\/deska-loco-shapes-topnik\/#breadcrumb"},"inLanguage":"pl-PL","potentialAction":[{"@type":"ReadAction","target":["https:\/\/sks.surf\/sklep\/produkt\/deska-loco-shapes-topnik\/"]}]},{"@type":"ImageObject","inLanguage":"pl-PL","@id":"https:\/\/sks.surf\/sklep\/produkt\/deska-loco-shapes-topnik\/#primaryimage","url":"https:\/\/sks.surf\/sklep\/wp-content\/uploads\/2024\/05\/topnik-front-2.png","contentUrl":"https:\/\/sks.surf\/sklep\/wp-content\/uploads\/2024\/05\/topnik-front-2.png","width":1080,"height":1080},{"@type":"BreadcrumbList","@id":"https:\/\/sks.surf\/sklep\/produkt\/deska-loco-shapes-topnik\/#breadcrumb","itemListElement":[{"@type":"ListItem","position":1,"name":"Strona g\u0142\u00f3wna","item":"https:\/\/sks.surf\/sklep\/"},{"@type":"ListItem","position":2,"name":"Shop","item":"https:\/\/sks.surf\/sklep\/?page_id=44154"},{"@type":"ListItem","position":3,"name":"Deska Loco Shapes Topnik"}]},{"@type":"WebSite","@id":"https:\/\/sks.surf\/sklep\/#website","url":"https:\/\/sks.surf\/sklep\/","name":"SKS","description":"Sklep Online","publisher":{"@id":"https:\/\/sks.surf\/sklep\/#organization"},"potentialAction":[{"@type":"SearchAction","target":{"@type":"EntryPoint","urlTemplate":"https:\/\/sks.surf\/sklep\/?s={search_term_string}"},"query-input":"required name=search_term_string"}],"inLanguage":"pl-PL"},{"@type":"Organization","@id":"https:\/\/sks.surf\/sklep\/#organization","name":"SKS","alternateName":"SKS - Sklep Online","url":"https:\/\/sks.surf\/sklep\/","logo":{"@type":"ImageObject","inLanguage":"pl-PL","@id":"https:\/\/sks.surf\/sklep\/#\/schema\/logo\/image\/","url":"https:\/\/sks.surf\/sklep\/wp-content\/uploads\/2024\/04\/logo-sks-kwadrat.jpeg","contentUrl":"https:\/\/sks.surf\/sklep\/wp-content\/uploads\/2024\/04\/logo-sks-kwadrat.jpeg","width":2000,"height":2000,"caption":"SKS"},"image":{"@id":"https:\/\/sks.surf\/sklep\/#\/schema\/logo\/image\/"},"sameAs":["https:\/\/www.facebook.com\/SurfingowyKlubSportowy"]}]}},"_links":{"self":[{"href":"https:\/\/sks.surf\/sklep\/wp-json\/wp\/v2\/product\/49274"}],"collection":[{"href":"https:\/\/sks.surf\/sklep\/wp-json\/wp\/v2\/product"}],"about":[{"href":"https:\/\/sks.surf\/sklep\/wp-json\/wp\/v2\/types\/product"}],"version-history":[{"count":4,"href":"https:\/\/sks.surf\/sklep\/wp-json\/wp\/v2\/product\/49274\/revisions"}],"predecessor-version":[{"id":49297,"href":"https:\/\/sks.surf\/sklep\/wp-json\/wp\/v2\/product\/49274\/revisions\/49297"}],"wp:featuredmedia":[{"embeddable":true,"href":"https:\/\/sks.surf\/sklep\/wp-json\/wp\/v2\/media\/49280"}],"wp:attachment":[{"href":"https:\/\/sks.surf\/sklep\/wp-json\/wp\/v2\/media?parent=49274"}],"wp:term":[{"taxonomy":"product_cat","embeddable":true,"href":"https:\/\/sks.surf\/sklep\/wp-json\/wp\/v2\/product_cat?post=49274"},{"taxonomy":"product_tag","embeddable":true,"href":"https:\/\/sks.surf\/sklep\/wp-json\/wp\/v2\/product_tag?post=49274"}],"curies":[{"name":"wp","href":"https:\/\/api.w.org\/{rel}","templated":true}]}}