{"id":49480,"date":"2024-06-06T10:50:18","date_gmt":"2024-06-06T10:50:18","guid":{"rendered":"https:\/\/sks.surf\/sklep\/?post_type=product&#038;p=49480"},"modified":"2024-06-20T09:09:51","modified_gmt":"2024-06-20T09:09:51","slug":"latawiec-core-xr8","status":"publish","type":"product","link":"https:\/\/sks.surf\/sklep\/produkt\/latawiec-core-xr8\/","title":{"rendered":"Latawiec Core XR8"},"content":{"rendered":"<p><em>Najwy\u017cszy poziom w\u015br\u00f3d latawc\u00f3w Big-Air<\/em><\/p>\n<h3>NAJLEPSZE MATERIA\u0141Y DLA NIEZR\u00d3WNANEJ WYDAJNO\u015aCI.<\/h3>\n<p>Dzi\u0119ki wyj\u0105tkowo sztywnej pi\u0119ciotubowej konstrukcji Deltabow, nowy XR umo\u017cliwia wykonywanie niesamowitych skok\u00f3w i d\u0142ugotrwa\u0142ego unoszenia w powietrzu. Zapewnia niezr\u00f3wnany komfort jazdy i kontrol\u0119 dzi\u0119ki \u0142atwej w obs\u0142udze konstrukcji XR8, kt\u00f3ra wybacza b\u0142\u0119dy.<\/p>\n<p>Gwarantuje dynamiczne wybicie i doskona\u0142e osi\u0105gi podczas p\u0142ywania pod wiatr. Dzi\u0119ki zastosowaniu znacznie sztywniejszego materia\u0142u ExoTex 2, ca\u0142y latawiec zosta\u0142 zoptymalizowany, umo\u017cliwiaj\u0105c u\u017cycie mniejszych tub g\u0142\u00f3wnych i poprzecznych, co zwi\u0119ksza jego zwrotno\u015b\u0107 i reakcj\u0119 na sterowanie.<\/p>\n<p>Kiedy m\u00f3wimy o osi\u0105ganiu nowych wysoko\u015bci, mamy na my\u015bli, \u017ce XR8 pomo\u017ce Ci zrobi\u0107 niezwyk\u0142y post\u0119p. Loopy staj\u0105 si\u0119 p\u0142ynniejsze i bezpieczniejsze, poniewa\u017c latawiec szybciej \u0142apie wiatr. Materia\u0142 CoreTex 2 charakteryzuje si\u0119 wysok\u0105 wytrzyma\u0142o\u015bci\u0105 i minimaln\u0105 rozci\u0105gliwo\u015bci\u0105, co zapewnia niezr\u00f3wnan\u0105 stabilno\u015b\u0107 lotu, moc i kontrol\u0119.<\/p>\n<p>Zaprojektowany z my\u015bl\u0105 o wydajno\u015bci i trwa\u0142o\u015bci, XR8 przewy\u017csza standardy rynkowe dzi\u0119ki materia\u0142om ExoTex 2, kt\u00f3ry zwi\u0119ksza odporno\u015b\u0107 na rozdarcia o 80%, oraz CoreTex 2, kt\u00f3ry zapewnia a\u017c 300% wzrost wytrzyma\u0142o\u015bci. Dzi\u0119ki temu XR8 oferuje najwy\u017csze osi\u0105gi podczas ka\u017cdej sesji.<\/p>\n<p>Poczuj ekscytacj\u0119 BIG AIR z nowym XR8!<\/p>\n<p>&nbsp;<\/p>\n","protected":false},"excerpt":{"rendered":"<p>Najwy\u017cszy poziom w\u015br\u00f3d latawc\u00f3w Big-Air NAJLEPSZE MATERIA\u0141Y DLA NIEZR\u00d3WNANEJ WYDAJNO\u015aCI. Dzi\u0119ki wyj\u0105tkowo sztywnej pi\u0119ciotubowej konstrukcji Deltabow, nowy XR umo\u017cliwia wykonywanie niesamowitych skok\u00f3w i d\u0142ugotrwa\u0142ego unoszenia w powietrzu. Zapewnia niezr\u00f3wnany komfort jazdy i kontrol\u0119 dzi\u0119ki \u0142atwej w obs\u0142udze konstrukcji XR8, kt\u00f3ra wybacza b\u0142\u0119dy. Gwarantuje dynamiczne wybicie i doskona\u0142e osi\u0105gi podczas p\u0142ywania pod wiatr. Dzi\u0119ki zastosowaniu znacznie [&hellip;]<\/p>\n","protected":false},"featured_media":49481,"template":"","meta":[],"product_cat":[216,217],"product_tag":[627,402,465,470,630,631],"yoast_head":"<!-- This site is optimized with the Yoast SEO Premium plugin v22.3 (Yoast SEO v22.6) - https:\/\/yoast.com\/wordpress\/plugins\/seo\/ -->\n<title>Latawiec Core XR8<\/title>\n<meta name=\"description\" content=\"Sklep Online KITE \u2022 WIND \u2022 SURF - dysponujemy szerokim wyborem asortymentu do Kitesurfingu, Windsurfingu i Surfing. Sprawd\u017a r\u00f3wnie\u017c nasze akcesoria. %\" \/>\n<meta name=\"robots\" content=\"index, follow, max-snippet:-1, max-image-preview:large, max-video-preview:-1\" \/>\n<link rel=\"canonical\" href=\"https:\/\/sks.surf\/sklep\/produkt\/latawiec-core-xr8\/\" \/>\n<meta property=\"og:locale\" content=\"pl_PL\" \/>\n<meta property=\"og:type\" content=\"article\" \/>\n<meta property=\"og:title\" content=\"Latawiec Core XR8\" \/>\n<meta property=\"og:description\" content=\"Sklep Online KITE \u2022 WIND \u2022 SURF - dysponujemy szerokim wyborem asortymentu do Kitesurfingu, Windsurfingu i Surfing. Sprawd\u017a r\u00f3wnie\u017c nasze akcesoria.\" \/>\n<meta property=\"og:url\" content=\"https:\/\/sks.surf\/sklep\/produkt\/latawiec-core-xr8\/\" \/>\n<meta property=\"og:site_name\" content=\"SKS\" \/>\n<meta property=\"article:publisher\" content=\"https:\/\/www.facebook.com\/SurfingowyKlubSportowy\" \/>\n<meta property=\"article:modified_time\" content=\"2024-06-20T09:09:51+00:00\" \/>\n<meta property=\"og:image\" content=\"https:\/\/sks.surf\/sklep\/wp-content\/uploads\/2024\/06\/xr-media-1.png\" \/>\n\t<meta property=\"og:image:width\" content=\"715\" \/>\n\t<meta property=\"og:image:height\" content=\"715\" \/>\n\t<meta property=\"og:image:type\" content=\"image\/png\" \/>\n<meta name=\"twitter:card\" content=\"summary_large_image\" \/>\n<meta name=\"twitter:label1\" content=\"Szacowany czas czytania\" \/>\n\t<meta name=\"twitter:data1\" content=\"1 minuta\" \/>\n<script type=\"application\/ld+json\" class=\"yoast-schema-graph\">{\"@context\":\"https:\/\/schema.org\",\"@graph\":[{\"@type\":\"WebPage\",\"@id\":\"https:\/\/sks.surf\/sklep\/produkt\/latawiec-core-xr8\/\",\"url\":\"https:\/\/sks.surf\/sklep\/produkt\/latawiec-core-xr8\/\",\"name\":\"Latawiec Core XR8\",\"isPartOf\":{\"@id\":\"https:\/\/sks.surf\/sklep\/#website\"},\"primaryImageOfPage\":{\"@id\":\"https:\/\/sks.surf\/sklep\/produkt\/latawiec-core-xr8\/#primaryimage\"},\"image\":{\"@id\":\"https:\/\/sks.surf\/sklep\/produkt\/latawiec-core-xr8\/#primaryimage\"},\"thumbnailUrl\":\"https:\/\/sks.surf\/sklep\/wp-content\/uploads\/2024\/06\/xr-media-1.png\",\"datePublished\":\"2024-06-06T10:50:18+00:00\",\"dateModified\":\"2024-06-20T09:09:51+00:00\",\"description\":\"Sklep Online KITE \u2022 WIND \u2022 SURF - dysponujemy szerokim wyborem asortymentu do Kitesurfingu, Windsurfingu i Surfing. Sprawd\u017a r\u00f3wnie\u017c nasze akcesoria. %\",\"breadcrumb\":{\"@id\":\"https:\/\/sks.surf\/sklep\/produkt\/latawiec-core-xr8\/#breadcrumb\"},\"inLanguage\":\"pl-PL\",\"potentialAction\":[{\"@type\":\"ReadAction\",\"target\":[\"https:\/\/sks.surf\/sklep\/produkt\/latawiec-core-xr8\/\"]}]},{\"@type\":\"ImageObject\",\"inLanguage\":\"pl-PL\",\"@id\":\"https:\/\/sks.surf\/sklep\/produkt\/latawiec-core-xr8\/#primaryimage\",\"url\":\"https:\/\/sks.surf\/sklep\/wp-content\/uploads\/2024\/06\/xr-media-1.png\",\"contentUrl\":\"https:\/\/sks.surf\/sklep\/wp-content\/uploads\/2024\/06\/xr-media-1.png\",\"width\":715,\"height\":715},{\"@type\":\"BreadcrumbList\",\"@id\":\"https:\/\/sks.surf\/sklep\/produkt\/latawiec-core-xr8\/#breadcrumb\",\"itemListElement\":[{\"@type\":\"ListItem\",\"position\":1,\"name\":\"Strona g\u0142\u00f3wna\",\"item\":\"https:\/\/sks.surf\/sklep\/\"},{\"@type\":\"ListItem\",\"position\":2,\"name\":\"Shop\",\"item\":\"https:\/\/sks.surf\/sklep\/?page_id=44154\"},{\"@type\":\"ListItem\",\"position\":3,\"name\":\"Latawiec Core XR8\"}]},{\"@type\":\"WebSite\",\"@id\":\"https:\/\/sks.surf\/sklep\/#website\",\"url\":\"https:\/\/sks.surf\/sklep\/\",\"name\":\"SKS\",\"description\":\"Sklep Online\",\"publisher\":{\"@id\":\"https:\/\/sks.surf\/sklep\/#organization\"},\"potentialAction\":[{\"@type\":\"SearchAction\",\"target\":{\"@type\":\"EntryPoint\",\"urlTemplate\":\"https:\/\/sks.surf\/sklep\/?s={search_term_string}\"},\"query-input\":\"required name=search_term_string\"}],\"inLanguage\":\"pl-PL\"},{\"@type\":\"Organization\",\"@id\":\"https:\/\/sks.surf\/sklep\/#organization\",\"name\":\"SKS\",\"alternateName\":\"SKS - Sklep Online\",\"url\":\"https:\/\/sks.surf\/sklep\/\",\"logo\":{\"@type\":\"ImageObject\",\"inLanguage\":\"pl-PL\",\"@id\":\"https:\/\/sks.surf\/sklep\/#\/schema\/logo\/image\/\",\"url\":\"https:\/\/sks.surf\/sklep\/wp-content\/uploads\/2024\/04\/logo-sks-kwadrat.jpeg\",\"contentUrl\":\"https:\/\/sks.surf\/sklep\/wp-content\/uploads\/2024\/04\/logo-sks-kwadrat.jpeg\",\"width\":2000,\"height\":2000,\"caption\":\"SKS\"},\"image\":{\"@id\":\"https:\/\/sks.surf\/sklep\/#\/schema\/logo\/image\/\"},\"sameAs\":[\"https:\/\/www.facebook.com\/SurfingowyKlubSportowy\"]}]}<\/script>\n<!-- \/ Yoast SEO Premium plugin. -->","yoast_head_json":{"title":"Latawiec Core XR8","description":"Sklep Online KITE \u2022 WIND \u2022 SURF - dysponujemy szerokim wyborem asortymentu do Kitesurfingu, Windsurfingu i Surfing. Sprawd\u017a r\u00f3wnie\u017c nasze akcesoria. %","robots":{"index":"index","follow":"follow","max-snippet":"max-snippet:-1","max-image-preview":"max-image-preview:large","max-video-preview":"max-video-preview:-1"},"canonical":"https:\/\/sks.surf\/sklep\/produkt\/latawiec-core-xr8\/","og_locale":"pl_PL","og_type":"article","og_title":"Latawiec Core XR8","og_description":"Sklep Online KITE \u2022 WIND \u2022 SURF - dysponujemy szerokim wyborem asortymentu do Kitesurfingu, Windsurfingu i Surfing. Sprawd\u017a r\u00f3wnie\u017c nasze akcesoria.","og_url":"https:\/\/sks.surf\/sklep\/produkt\/latawiec-core-xr8\/","og_site_name":"SKS","article_publisher":"https:\/\/www.facebook.com\/SurfingowyKlubSportowy","article_modified_time":"2024-06-20T09:09:51+00:00","og_image":[{"width":715,"height":715,"url":"https:\/\/sks.surf\/sklep\/wp-content\/uploads\/2024\/06\/xr-media-1.png","type":"image\/png"}],"twitter_card":"summary_large_image","twitter_misc":{"Szacowany czas czytania":"1 minuta"},"schema":{"@context":"https:\/\/schema.org","@graph":[{"@type":"WebPage","@id":"https:\/\/sks.surf\/sklep\/produkt\/latawiec-core-xr8\/","url":"https:\/\/sks.surf\/sklep\/produkt\/latawiec-core-xr8\/","name":"Latawiec Core XR8","isPartOf":{"@id":"https:\/\/sks.surf\/sklep\/#website"},"primaryImageOfPage":{"@id":"https:\/\/sks.surf\/sklep\/produkt\/latawiec-core-xr8\/#primaryimage"},"image":{"@id":"https:\/\/sks.surf\/sklep\/produkt\/latawiec-core-xr8\/#primaryimage"},"thumbnailUrl":"https:\/\/sks.surf\/sklep\/wp-content\/uploads\/2024\/06\/xr-media-1.png","datePublished":"2024-06-06T10:50:18+00:00","dateModified":"2024-06-20T09:09:51+00:00","description":"Sklep Online KITE \u2022 WIND \u2022 SURF - dysponujemy szerokim wyborem asortymentu do Kitesurfingu, Windsurfingu i Surfing. Sprawd\u017a r\u00f3wnie\u017c nasze akcesoria. %","breadcrumb":{"@id":"https:\/\/sks.surf\/sklep\/produkt\/latawiec-core-xr8\/#breadcrumb"},"inLanguage":"pl-PL","potentialAction":[{"@type":"ReadAction","target":["https:\/\/sks.surf\/sklep\/produkt\/latawiec-core-xr8\/"]}]},{"@type":"ImageObject","inLanguage":"pl-PL","@id":"https:\/\/sks.surf\/sklep\/produkt\/latawiec-core-xr8\/#primaryimage","url":"https:\/\/sks.surf\/sklep\/wp-content\/uploads\/2024\/06\/xr-media-1.png","contentUrl":"https:\/\/sks.surf\/sklep\/wp-content\/uploads\/2024\/06\/xr-media-1.png","width":715,"height":715},{"@type":"BreadcrumbList","@id":"https:\/\/sks.surf\/sklep\/produkt\/latawiec-core-xr8\/#breadcrumb","itemListElement":[{"@type":"ListItem","position":1,"name":"Strona g\u0142\u00f3wna","item":"https:\/\/sks.surf\/sklep\/"},{"@type":"ListItem","position":2,"name":"Shop","item":"https:\/\/sks.surf\/sklep\/?page_id=44154"},{"@type":"ListItem","position":3,"name":"Latawiec Core XR8"}]},{"@type":"WebSite","@id":"https:\/\/sks.surf\/sklep\/#website","url":"https:\/\/sks.surf\/sklep\/","name":"SKS","description":"Sklep Online","publisher":{"@id":"https:\/\/sks.surf\/sklep\/#organization"},"potentialAction":[{"@type":"SearchAction","target":{"@type":"EntryPoint","urlTemplate":"https:\/\/sks.surf\/sklep\/?s={search_term_string}"},"query-input":"required name=search_term_string"}],"inLanguage":"pl-PL"},{"@type":"Organization","@id":"https:\/\/sks.surf\/sklep\/#organization","name":"SKS","alternateName":"SKS - Sklep Online","url":"https:\/\/sks.surf\/sklep\/","logo":{"@type":"ImageObject","inLanguage":"pl-PL","@id":"https:\/\/sks.surf\/sklep\/#\/schema\/logo\/image\/","url":"https:\/\/sks.surf\/sklep\/wp-content\/uploads\/2024\/04\/logo-sks-kwadrat.jpeg","contentUrl":"https:\/\/sks.surf\/sklep\/wp-content\/uploads\/2024\/04\/logo-sks-kwadrat.jpeg","width":2000,"height":2000,"caption":"SKS"},"image":{"@id":"https:\/\/sks.surf\/sklep\/#\/schema\/logo\/image\/"},"sameAs":["https:\/\/www.facebook.com\/SurfingowyKlubSportowy"]}]}},"_links":{"self":[{"href":"https:\/\/sks.surf\/sklep\/wp-json\/wp\/v2\/product\/49480"}],"collection":[{"href":"https:\/\/sks.surf\/sklep\/wp-json\/wp\/v2\/product"}],"about":[{"href":"https:\/\/sks.surf\/sklep\/wp-json\/wp\/v2\/types\/product"}],"version-history":[{"count":2,"href":"https:\/\/sks.surf\/sklep\/wp-json\/wp\/v2\/product\/49480\/revisions"}],"predecessor-version":[{"id":49622,"href":"https:\/\/sks.surf\/sklep\/wp-json\/wp\/v2\/product\/49480\/revisions\/49622"}],"wp:featuredmedia":[{"embeddable":true,"href":"https:\/\/sks.surf\/sklep\/wp-json\/wp\/v2\/media\/49481"}],"wp:attachment":[{"href":"https:\/\/sks.surf\/sklep\/wp-json\/wp\/v2\/media?parent=49480"}],"wp:term":[{"taxonomy":"product_cat","embeddable":true,"href":"https:\/\/sks.surf\/sklep\/wp-json\/wp\/v2\/product_cat?post=49480"},{"taxonomy":"product_tag","embeddable":true,"href":"https:\/\/sks.surf\/sklep\/wp-json\/wp\/v2\/product_tag?post=49480"}],"curies":[{"name":"wp","href":"https:\/\/api.w.org\/{rel}","templated":true}]}}