{"id":49521,"date":"2024-06-06T12:10:06","date_gmt":"2024-06-06T12:10:06","guid":{"rendered":"https:\/\/sks.surf\/sklep\/?post_type=product&#038;p=49521"},"modified":"2024-06-06T12:10:08","modified_gmt":"2024-06-06T12:10:08","slug":"deska-core-fusion-6","status":"publish","type":"product","link":"https:\/\/sks.surf\/sklep\/produkt\/deska-core-fusion-6\/","title":{"rendered":"Deska Core Fusion 6"},"content":{"rendered":"<p>TwinTip Fusion to totalny Bestseller CORE &#8211; teraz z niezwykle wydajnym splotem w\u0142\u00f3kna w\u0119glowego Cartan Carbon 2. Innowacyjna deska, kt\u00f3ra spe\u0142nia wszystkie wymagania pocz\u0105tkuj\u0105cych i zaawansowanych kajciarzy. Unikalne materia\u0142y i technologie, zapakowane w wyrafinowany kszta\u0142t sprawiaj\u0105, \u017ce jest to idealna deska dla wszystkich, wyr\u00f3\u017cniaj\u0105ca si\u0119 we wszystkich dyscyplinach.<\/p>\n<p>Fusion 6. generacji posiada w sobie DNA legendarnego Carved Imperator. Konstruktorzy po raz pierwszy zastosowali l\u017cejszy, mocniejszy i bardziej zr\u00f3wnowa\u017cony Cartan Carbon 2. Dzi\u0119ki zmniejszonej grubo\u015bci warstwy, w\u0119giel le\u017cy p\u0142asko na drewnianym rdzeniu, co skutkuje mniejszym zu\u017cyciem \u017cywicy i zwi\u0119kszon\u0105 wydajno\u015bci\u0105 pod wzgl\u0119dem sztywno\u015bci i wytrzyma\u0142o\u015bci. Formu\u0142a jest prosta: wy\u017csza zawarto\u015b\u0107 w\u0142\u00f3kien w laminacie przek\u0142ada si\u0119 na mniejsz\u0105 ilo\u015b\u0107 materia\u0142u, co zapewniaja doskona\u0142\u0105 wydajno\u015b\u0107 przy zachowaniu najni\u017cszej wagi.<\/p>\n<h3><strong>CARTAN\u00ae 2 CARBON<\/strong><\/h3>\n<p>Nowy Fusion 6 wygl\u0105da nadzwyczajnie. Jednak jego prawdziwa wyj\u0105tkowo\u015b\u0107 kryje si\u0119 wewn\u0105trz. Po raz pierwszy Fusion 6 wykorzystuje ca\u0142kowicie nowe w\u0142\u00f3kno w\u0119glowe, skrupulatnie opracowywane i testowane przez lata, kt\u00f3ra wynosi wydajno\u015b\u0107 w\u0142\u00f3kna Cartan Carbon na nowy, wy\u017cszy poziom. Ze wzgl\u0119du na mniejsz\u0105 grubo\u015b\u0107 warstwy, le\u017cy ona p\u0142asko na rdzeniu, jak kartka papieru. Zoptymalizowane \u015bcie\u017cki przep\u0142ywu przyczyniaj\u0105 si\u0119 do zmniejszenia zapotrzebowania na \u017cywic\u0119, co skutkuje wi\u0119ksz\u0105 wydajno\u015bci\u0105 pod wzgl\u0119dem sztywno\u015bci i wytrzyma\u0142o\u015bci. Formu\u0142a jest prosta: wy\u017csza zawarto\u015b\u0107 w\u0142\u00f3kien na zawarto\u015b\u0107 \u017cywicy. Rezultat: mniej materia\u0142u, wi\u0119ksza wydajno\u015b\u0107!<\/p>\n<h3><strong>NOWE FINY EQ<\/strong><\/h3>\n<p>Testowane i udoskonalane przez trzy lata. Ca\u0142kowicie przeprojektowane finy CORE EQ nie tylko wygl\u0105daj\u0105 wyj\u0105tkowo, ale tak\u017ce dzia\u0142aj\u0105. Szeroka podstawa fina przypominaj\u0105ca czo\u0142o bie\u0142ugi skutecznie zapobiega zasysaniu wody.<\/p>\n<p>W przeciwie\u0144stwie do standardowych fin\u00f3w, poziom przyczepno\u015bci pozostaje sta\u0142y wraz ze wzrostem pr\u0119dko\u015bci. Ta cecha znacznie u\u0142atwia wybicie nawet przy pe\u0142nej pr\u0119dko\u015bci. Dodatkowo zaokr\u0105glone przej\u015bcie mi\u0119dzy finem a desk\u0105 minimalizuje op\u00f3r, kt\u00f3ry wyst\u0119puje, gdy spotykaj\u0105 si\u0119 dwie powierzchnie.<\/p>\n<p>Finy Core EQ zosta\u0142y r\u00f3wnie\u017c zaprojektowane tak, aby by\u0142y jak najl\u017cejsze, dzi\u0119ki wydr\u0105\u017conemu wn\u0119trzu wa\u017c\u0105 oko\u0142o 30 procent mniej ni\u017c standardowe finy. Chropowata powierzchnia nie jest nieczystym wyko\u0144czeniem, ale techniczn\u0105 wisienk\u0105 na torcie: w burzliwych warunkach chropowato\u015b\u0107 minimalizuje zasysanie wody i zwi\u0119ksza manewrowo\u015b\u0107.<\/p>\n","protected":false},"excerpt":{"rendered":"<p>TwinTip Fusion to totalny Bestseller CORE &#8211; teraz z niezwykle wydajnym splotem w\u0142\u00f3kna w\u0119glowego Cartan Carbon 2. Innowacyjna deska, kt\u00f3ra spe\u0142nia wszystkie wymagania pocz\u0105tkuj\u0105cych i zaawansowanych kajciarzy. Unikalne materia\u0142y i technologie, zapakowane w wyrafinowany kszta\u0142t sprawiaj\u0105, \u017ce jest to idealna deska dla wszystkich, wyr\u00f3\u017cniaj\u0105ca si\u0119 we wszystkich dyscyplinach. Fusion 6. generacji posiada w sobie DNA [&hellip;]<\/p>\n","protected":false},"featured_media":49522,"template":"","meta":[],"product_cat":[219,216],"product_tag":[627,451,493,642,643,402],"yoast_head":"<!-- This site is optimized with the Yoast SEO Premium plugin v22.3 (Yoast SEO v22.6) - https:\/\/yoast.com\/wordpress\/plugins\/seo\/ -->\n<title>Deska Core Fusion 6<\/title>\n<meta name=\"description\" content=\"Sklep Online KITE \u2022 WIND \u2022 SURF - dysponujemy szerokim wyborem asortymentu do Kitesurfingu, Windsurfingu i Surfing. Sprawd\u017a r\u00f3wnie\u017c nasze akcesoria. %\" \/>\n<meta name=\"robots\" content=\"index, follow, max-snippet:-1, max-image-preview:large, max-video-preview:-1\" \/>\n<link rel=\"canonical\" href=\"https:\/\/sks.surf\/sklep\/produkt\/deska-core-fusion-6\/\" \/>\n<meta property=\"og:locale\" content=\"pl_PL\" \/>\n<meta property=\"og:type\" content=\"article\" \/>\n<meta property=\"og:title\" content=\"Deska Core Fusion 6\" \/>\n<meta property=\"og:description\" content=\"Sklep Online KITE \u2022 WIND \u2022 SURF - dysponujemy szerokim wyborem asortymentu do Kitesurfingu, Windsurfingu i Surfing. Sprawd\u017a r\u00f3wnie\u017c nasze akcesoria.\" \/>\n<meta property=\"og:url\" content=\"https:\/\/sks.surf\/sklep\/produkt\/deska-core-fusion-6\/\" \/>\n<meta property=\"og:site_name\" content=\"SKS\" \/>\n<meta property=\"article:publisher\" content=\"https:\/\/www.facebook.com\/SurfingowyKlubSportowy\" \/>\n<meta property=\"article:modified_time\" content=\"2024-06-06T12:10:08+00:00\" \/>\n<meta property=\"og:image\" content=\"https:\/\/sks.surf\/sklep\/wp-content\/uploads\/2024\/06\/fusion-media-1.png\" \/>\n\t<meta property=\"og:image:width\" content=\"722\" \/>\n\t<meta property=\"og:image:height\" content=\"778\" \/>\n\t<meta property=\"og:image:type\" content=\"image\/png\" \/>\n<meta name=\"twitter:card\" content=\"summary_large_image\" \/>\n<meta name=\"twitter:label1\" content=\"Szacowany czas czytania\" \/>\n\t<meta name=\"twitter:data1\" content=\"2 minuty\" \/>\n<script type=\"application\/ld+json\" class=\"yoast-schema-graph\">{\"@context\":\"https:\/\/schema.org\",\"@graph\":[{\"@type\":\"WebPage\",\"@id\":\"https:\/\/sks.surf\/sklep\/produkt\/deska-core-fusion-6\/\",\"url\":\"https:\/\/sks.surf\/sklep\/produkt\/deska-core-fusion-6\/\",\"name\":\"Deska Core Fusion 6\",\"isPartOf\":{\"@id\":\"https:\/\/sks.surf\/sklep\/#website\"},\"primaryImageOfPage\":{\"@id\":\"https:\/\/sks.surf\/sklep\/produkt\/deska-core-fusion-6\/#primaryimage\"},\"image\":{\"@id\":\"https:\/\/sks.surf\/sklep\/produkt\/deska-core-fusion-6\/#primaryimage\"},\"thumbnailUrl\":\"https:\/\/sks.surf\/sklep\/wp-content\/uploads\/2024\/06\/fusion-media-1.png\",\"datePublished\":\"2024-06-06T12:10:06+00:00\",\"dateModified\":\"2024-06-06T12:10:08+00:00\",\"description\":\"Sklep Online KITE \u2022 WIND \u2022 SURF - dysponujemy szerokim wyborem asortymentu do Kitesurfingu, Windsurfingu i Surfing. Sprawd\u017a r\u00f3wnie\u017c nasze akcesoria. %\",\"breadcrumb\":{\"@id\":\"https:\/\/sks.surf\/sklep\/produkt\/deska-core-fusion-6\/#breadcrumb\"},\"inLanguage\":\"pl-PL\",\"potentialAction\":[{\"@type\":\"ReadAction\",\"target\":[\"https:\/\/sks.surf\/sklep\/produkt\/deska-core-fusion-6\/\"]}]},{\"@type\":\"ImageObject\",\"inLanguage\":\"pl-PL\",\"@id\":\"https:\/\/sks.surf\/sklep\/produkt\/deska-core-fusion-6\/#primaryimage\",\"url\":\"https:\/\/sks.surf\/sklep\/wp-content\/uploads\/2024\/06\/fusion-media-1.png\",\"contentUrl\":\"https:\/\/sks.surf\/sklep\/wp-content\/uploads\/2024\/06\/fusion-media-1.png\",\"width\":722,\"height\":778},{\"@type\":\"BreadcrumbList\",\"@id\":\"https:\/\/sks.surf\/sklep\/produkt\/deska-core-fusion-6\/#breadcrumb\",\"itemListElement\":[{\"@type\":\"ListItem\",\"position\":1,\"name\":\"Strona g\u0142\u00f3wna\",\"item\":\"https:\/\/sks.surf\/sklep\/\"},{\"@type\":\"ListItem\",\"position\":2,\"name\":\"Shop\",\"item\":\"https:\/\/sks.surf\/sklep\/?page_id=44154\"},{\"@type\":\"ListItem\",\"position\":3,\"name\":\"Deska Core Fusion 6\"}]},{\"@type\":\"WebSite\",\"@id\":\"https:\/\/sks.surf\/sklep\/#website\",\"url\":\"https:\/\/sks.surf\/sklep\/\",\"name\":\"SKS\",\"description\":\"Sklep Online\",\"publisher\":{\"@id\":\"https:\/\/sks.surf\/sklep\/#organization\"},\"potentialAction\":[{\"@type\":\"SearchAction\",\"target\":{\"@type\":\"EntryPoint\",\"urlTemplate\":\"https:\/\/sks.surf\/sklep\/?s={search_term_string}\"},\"query-input\":\"required name=search_term_string\"}],\"inLanguage\":\"pl-PL\"},{\"@type\":\"Organization\",\"@id\":\"https:\/\/sks.surf\/sklep\/#organization\",\"name\":\"SKS\",\"alternateName\":\"SKS - Sklep Online\",\"url\":\"https:\/\/sks.surf\/sklep\/\",\"logo\":{\"@type\":\"ImageObject\",\"inLanguage\":\"pl-PL\",\"@id\":\"https:\/\/sks.surf\/sklep\/#\/schema\/logo\/image\/\",\"url\":\"https:\/\/sks.surf\/sklep\/wp-content\/uploads\/2024\/04\/logo-sks-kwadrat.jpeg\",\"contentUrl\":\"https:\/\/sks.surf\/sklep\/wp-content\/uploads\/2024\/04\/logo-sks-kwadrat.jpeg\",\"width\":2000,\"height\":2000,\"caption\":\"SKS\"},\"image\":{\"@id\":\"https:\/\/sks.surf\/sklep\/#\/schema\/logo\/image\/\"},\"sameAs\":[\"https:\/\/www.facebook.com\/SurfingowyKlubSportowy\"]}]}<\/script>\n<!-- \/ Yoast SEO Premium plugin. -->","yoast_head_json":{"title":"Deska Core Fusion 6","description":"Sklep Online KITE \u2022 WIND \u2022 SURF - dysponujemy szerokim wyborem asortymentu do Kitesurfingu, Windsurfingu i Surfing. Sprawd\u017a r\u00f3wnie\u017c nasze akcesoria. %","robots":{"index":"index","follow":"follow","max-snippet":"max-snippet:-1","max-image-preview":"max-image-preview:large","max-video-preview":"max-video-preview:-1"},"canonical":"https:\/\/sks.surf\/sklep\/produkt\/deska-core-fusion-6\/","og_locale":"pl_PL","og_type":"article","og_title":"Deska Core Fusion 6","og_description":"Sklep Online KITE \u2022 WIND \u2022 SURF - dysponujemy szerokim wyborem asortymentu do Kitesurfingu, Windsurfingu i Surfing. Sprawd\u017a r\u00f3wnie\u017c nasze akcesoria.","og_url":"https:\/\/sks.surf\/sklep\/produkt\/deska-core-fusion-6\/","og_site_name":"SKS","article_publisher":"https:\/\/www.facebook.com\/SurfingowyKlubSportowy","article_modified_time":"2024-06-06T12:10:08+00:00","og_image":[{"width":722,"height":778,"url":"https:\/\/sks.surf\/sklep\/wp-content\/uploads\/2024\/06\/fusion-media-1.png","type":"image\/png"}],"twitter_card":"summary_large_image","twitter_misc":{"Szacowany czas czytania":"2 minuty"},"schema":{"@context":"https:\/\/schema.org","@graph":[{"@type":"WebPage","@id":"https:\/\/sks.surf\/sklep\/produkt\/deska-core-fusion-6\/","url":"https:\/\/sks.surf\/sklep\/produkt\/deska-core-fusion-6\/","name":"Deska Core Fusion 6","isPartOf":{"@id":"https:\/\/sks.surf\/sklep\/#website"},"primaryImageOfPage":{"@id":"https:\/\/sks.surf\/sklep\/produkt\/deska-core-fusion-6\/#primaryimage"},"image":{"@id":"https:\/\/sks.surf\/sklep\/produkt\/deska-core-fusion-6\/#primaryimage"},"thumbnailUrl":"https:\/\/sks.surf\/sklep\/wp-content\/uploads\/2024\/06\/fusion-media-1.png","datePublished":"2024-06-06T12:10:06+00:00","dateModified":"2024-06-06T12:10:08+00:00","description":"Sklep Online KITE \u2022 WIND \u2022 SURF - dysponujemy szerokim wyborem asortymentu do Kitesurfingu, Windsurfingu i Surfing. Sprawd\u017a r\u00f3wnie\u017c nasze akcesoria. %","breadcrumb":{"@id":"https:\/\/sks.surf\/sklep\/produkt\/deska-core-fusion-6\/#breadcrumb"},"inLanguage":"pl-PL","potentialAction":[{"@type":"ReadAction","target":["https:\/\/sks.surf\/sklep\/produkt\/deska-core-fusion-6\/"]}]},{"@type":"ImageObject","inLanguage":"pl-PL","@id":"https:\/\/sks.surf\/sklep\/produkt\/deska-core-fusion-6\/#primaryimage","url":"https:\/\/sks.surf\/sklep\/wp-content\/uploads\/2024\/06\/fusion-media-1.png","contentUrl":"https:\/\/sks.surf\/sklep\/wp-content\/uploads\/2024\/06\/fusion-media-1.png","width":722,"height":778},{"@type":"BreadcrumbList","@id":"https:\/\/sks.surf\/sklep\/produkt\/deska-core-fusion-6\/#breadcrumb","itemListElement":[{"@type":"ListItem","position":1,"name":"Strona g\u0142\u00f3wna","item":"https:\/\/sks.surf\/sklep\/"},{"@type":"ListItem","position":2,"name":"Shop","item":"https:\/\/sks.surf\/sklep\/?page_id=44154"},{"@type":"ListItem","position":3,"name":"Deska Core Fusion 6"}]},{"@type":"WebSite","@id":"https:\/\/sks.surf\/sklep\/#website","url":"https:\/\/sks.surf\/sklep\/","name":"SKS","description":"Sklep Online","publisher":{"@id":"https:\/\/sks.surf\/sklep\/#organization"},"potentialAction":[{"@type":"SearchAction","target":{"@type":"EntryPoint","urlTemplate":"https:\/\/sks.surf\/sklep\/?s={search_term_string}"},"query-input":"required name=search_term_string"}],"inLanguage":"pl-PL"},{"@type":"Organization","@id":"https:\/\/sks.surf\/sklep\/#organization","name":"SKS","alternateName":"SKS - Sklep Online","url":"https:\/\/sks.surf\/sklep\/","logo":{"@type":"ImageObject","inLanguage":"pl-PL","@id":"https:\/\/sks.surf\/sklep\/#\/schema\/logo\/image\/","url":"https:\/\/sks.surf\/sklep\/wp-content\/uploads\/2024\/04\/logo-sks-kwadrat.jpeg","contentUrl":"https:\/\/sks.surf\/sklep\/wp-content\/uploads\/2024\/04\/logo-sks-kwadrat.jpeg","width":2000,"height":2000,"caption":"SKS"},"image":{"@id":"https:\/\/sks.surf\/sklep\/#\/schema\/logo\/image\/"},"sameAs":["https:\/\/www.facebook.com\/SurfingowyKlubSportowy"]}]}},"_links":{"self":[{"href":"https:\/\/sks.surf\/sklep\/wp-json\/wp\/v2\/product\/49521"}],"collection":[{"href":"https:\/\/sks.surf\/sklep\/wp-json\/wp\/v2\/product"}],"about":[{"href":"https:\/\/sks.surf\/sklep\/wp-json\/wp\/v2\/types\/product"}],"version-history":[{"count":1,"href":"https:\/\/sks.surf\/sklep\/wp-json\/wp\/v2\/product\/49521\/revisions"}],"predecessor-version":[{"id":49530,"href":"https:\/\/sks.surf\/sklep\/wp-json\/wp\/v2\/product\/49521\/revisions\/49530"}],"wp:featuredmedia":[{"embeddable":true,"href":"https:\/\/sks.surf\/sklep\/wp-json\/wp\/v2\/media\/49522"}],"wp:attachment":[{"href":"https:\/\/sks.surf\/sklep\/wp-json\/wp\/v2\/media?parent=49521"}],"wp:term":[{"taxonomy":"product_cat","embeddable":true,"href":"https:\/\/sks.surf\/sklep\/wp-json\/wp\/v2\/product_cat?post=49521"},{"taxonomy":"product_tag","embeddable":true,"href":"https:\/\/sks.surf\/sklep\/wp-json\/wp\/v2\/product_tag?post=49521"}],"curies":[{"name":"wp","href":"https:\/\/api.w.org\/{rel}","templated":true}]}}