{"id":49820,"date":"2024-07-11T14:42:00","date_gmt":"2024-07-11T14:42:00","guid":{"rendered":"https:\/\/sks.surf\/sklep\/?post_type=product&#038;p=49820"},"modified":"2024-07-11T14:42:01","modified_gmt":"2024-07-11T14:42:01","slug":"bar-naish-55cm-torque-2","status":"publish","type":"product","link":"https:\/\/sks.surf\/sklep\/produkt\/bar-naish-55cm-torque-2\/","title":{"rendered":"Bar Naish 55cm Torque 2"},"content":{"rendered":"<p>\u015arodkowa cz\u0119\u015b\u0107 baru z twardego anodyzowanego aluminium lotniczego i wk\u0142adka Nylatron w po\u0142\u0105czeniu z lini\u0105 wyko\u0144czenia pokryt\u0105 PU zapewniaj\u0105 p\u0142ynny ruch dr\u0105\u017cka i ochron\u0119 linki wyko\u0144czenia przed zu\u017cyciem.<br \/>\nDodatkowo kr\u0119tlik pozwala na niemal bezwysi\u0142kow\u0105 organizacj\u0119 linek, aby zredukowa\u0107 skr\u0119ty.<br \/>\nSystem posiada r\u00f3wnie\u017c trym nad barem, zapewniaj\u0105cy riderowi pe\u0142n\u0105 kontrol\u0119 nad trymem latawca.<br \/>\nUsprawniona regulacja d\u0142ugo\u015bci dr\u0105\u017cka pozwala na precyzyjne dostrojenie pr\u0119dko\u015bci skr\u0119tu latawca.<br \/>\nWysokiej jako\u015bci konstrukcja, zaawansowane funkcje bezpiecze\u0144stwa i \u0142atwa w obs\u0142udze konstrukcja powy\u017cej baru sprawiaj\u0105, \u017ce system kontroli Torque 2 + Torque QR jest idealnym wyborem dla ka\u017cdego ridera poszukuj\u0105cego niezawodnego systemu sterowania, kt\u00f3ry dotrzyma kroku jego potrzebom.<\/p>\n","protected":false},"excerpt":{"rendered":"<p>\u015arodkowa cz\u0119\u015b\u0107 baru z twardego anodyzowanego aluminium lotniczego i wk\u0142adka Nylatron w po\u0142\u0105czeniu z lini\u0105 wyko\u0144czenia pokryt\u0105 PU zapewniaj\u0105 p\u0142ynny ruch dr\u0105\u017cka i ochron\u0119 linki wyko\u0144czenia przed zu\u017cyciem. Dodatkowo kr\u0119tlik pozwala na niemal bezwysi\u0142kow\u0105 organizacj\u0119 linek, aby zredukowa\u0107 skr\u0119ty. System posiada r\u00f3wnie\u017c trym nad barem, zapewniaj\u0105cy riderowi pe\u0142n\u0105 kontrol\u0119 nad trymem latawca. Usprawniona regulacja d\u0142ugo\u015bci [&hellip;]<\/p>\n","protected":false},"featured_media":49821,"template":"","meta":[],"product_cat":[220,216],"product_tag":[447,681,682,402,668],"yoast_head":"<!-- This site is optimized with the Yoast SEO Premium plugin v22.3 (Yoast SEO v22.6) - https:\/\/yoast.com\/wordpress\/plugins\/seo\/ -->\n<title>Bar Naish 55cm Torque 2<\/title>\n<meta name=\"description\" content=\"Sklep Online KITE \u2022 WIND \u2022 SURF - dysponujemy szerokim wyborem asortymentu do Kitesurfingu, Windsurfingu i Surfing. Sprawd\u017a r\u00f3wnie\u017c nasze akcesoria. %\" \/>\n<meta name=\"robots\" content=\"index, follow, max-snippet:-1, max-image-preview:large, max-video-preview:-1\" \/>\n<link rel=\"canonical\" href=\"https:\/\/sks.surf\/sklep\/produkt\/bar-naish-55cm-torque-2\/\" \/>\n<meta property=\"og:locale\" content=\"pl_PL\" \/>\n<meta property=\"og:type\" content=\"article\" \/>\n<meta property=\"og:title\" content=\"Bar Naish 55cm Torque 2\" \/>\n<meta property=\"og:description\" content=\"Sklep Online KITE \u2022 WIND \u2022 SURF - dysponujemy szerokim wyborem asortymentu do Kitesurfingu, Windsurfingu i Surfing. Sprawd\u017a r\u00f3wnie\u017c nasze akcesoria.\" \/>\n<meta property=\"og:url\" content=\"https:\/\/sks.surf\/sklep\/produkt\/bar-naish-55cm-torque-2\/\" \/>\n<meta property=\"og:site_name\" content=\"SKS\" \/>\n<meta property=\"article:publisher\" content=\"https:\/\/www.facebook.com\/SurfingowyKlubSportowy\" \/>\n<meta property=\"article:modified_time\" content=\"2024-07-11T14:42:01+00:00\" \/>\n<meta property=\"og:image\" content=\"https:\/\/sks.surf\/sklep\/wp-content\/uploads\/2024\/07\/naish-55cm-torque-2-t1-qr-2023-bar.jpg\" \/>\n\t<meta property=\"og:image:width\" content=\"900\" \/>\n\t<meta property=\"og:image:height\" content=\"962\" \/>\n\t<meta property=\"og:image:type\" content=\"image\/jpeg\" \/>\n<meta name=\"twitter:card\" content=\"summary_large_image\" \/>\n<meta name=\"twitter:label1\" content=\"Szacowany czas czytania\" \/>\n\t<meta name=\"twitter:data1\" content=\"1 minuta\" \/>\n<script type=\"application\/ld+json\" class=\"yoast-schema-graph\">{\"@context\":\"https:\/\/schema.org\",\"@graph\":[{\"@type\":\"WebPage\",\"@id\":\"https:\/\/sks.surf\/sklep\/produkt\/bar-naish-55cm-torque-2\/\",\"url\":\"https:\/\/sks.surf\/sklep\/produkt\/bar-naish-55cm-torque-2\/\",\"name\":\"Bar Naish 55cm Torque 2\",\"isPartOf\":{\"@id\":\"https:\/\/sks.surf\/sklep\/#website\"},\"primaryImageOfPage\":{\"@id\":\"https:\/\/sks.surf\/sklep\/produkt\/bar-naish-55cm-torque-2\/#primaryimage\"},\"image\":{\"@id\":\"https:\/\/sks.surf\/sklep\/produkt\/bar-naish-55cm-torque-2\/#primaryimage\"},\"thumbnailUrl\":\"https:\/\/sks.surf\/sklep\/wp-content\/uploads\/2024\/07\/naish-55cm-torque-2-t1-qr-2023-bar.jpg\",\"datePublished\":\"2024-07-11T14:42:00+00:00\",\"dateModified\":\"2024-07-11T14:42:01+00:00\",\"description\":\"Sklep Online KITE \u2022 WIND \u2022 SURF - dysponujemy szerokim wyborem asortymentu do Kitesurfingu, Windsurfingu i Surfing. Sprawd\u017a r\u00f3wnie\u017c nasze akcesoria. %\",\"breadcrumb\":{\"@id\":\"https:\/\/sks.surf\/sklep\/produkt\/bar-naish-55cm-torque-2\/#breadcrumb\"},\"inLanguage\":\"pl-PL\",\"potentialAction\":[{\"@type\":\"ReadAction\",\"target\":[\"https:\/\/sks.surf\/sklep\/produkt\/bar-naish-55cm-torque-2\/\"]}]},{\"@type\":\"ImageObject\",\"inLanguage\":\"pl-PL\",\"@id\":\"https:\/\/sks.surf\/sklep\/produkt\/bar-naish-55cm-torque-2\/#primaryimage\",\"url\":\"https:\/\/sks.surf\/sklep\/wp-content\/uploads\/2024\/07\/naish-55cm-torque-2-t1-qr-2023-bar.jpg\",\"contentUrl\":\"https:\/\/sks.surf\/sklep\/wp-content\/uploads\/2024\/07\/naish-55cm-torque-2-t1-qr-2023-bar.jpg\",\"width\":900,\"height\":962},{\"@type\":\"BreadcrumbList\",\"@id\":\"https:\/\/sks.surf\/sklep\/produkt\/bar-naish-55cm-torque-2\/#breadcrumb\",\"itemListElement\":[{\"@type\":\"ListItem\",\"position\":1,\"name\":\"Strona g\u0142\u00f3wna\",\"item\":\"https:\/\/sks.surf\/sklep\/\"},{\"@type\":\"ListItem\",\"position\":2,\"name\":\"Shop\",\"item\":\"https:\/\/sks.surf\/sklep\/?page_id=44154\"},{\"@type\":\"ListItem\",\"position\":3,\"name\":\"Bar Naish 55cm Torque 2\"}]},{\"@type\":\"WebSite\",\"@id\":\"https:\/\/sks.surf\/sklep\/#website\",\"url\":\"https:\/\/sks.surf\/sklep\/\",\"name\":\"SKS\",\"description\":\"Sklep Online\",\"publisher\":{\"@id\":\"https:\/\/sks.surf\/sklep\/#organization\"},\"potentialAction\":[{\"@type\":\"SearchAction\",\"target\":{\"@type\":\"EntryPoint\",\"urlTemplate\":\"https:\/\/sks.surf\/sklep\/?s={search_term_string}\"},\"query-input\":\"required name=search_term_string\"}],\"inLanguage\":\"pl-PL\"},{\"@type\":\"Organization\",\"@id\":\"https:\/\/sks.surf\/sklep\/#organization\",\"name\":\"SKS\",\"alternateName\":\"SKS - Sklep Online\",\"url\":\"https:\/\/sks.surf\/sklep\/\",\"logo\":{\"@type\":\"ImageObject\",\"inLanguage\":\"pl-PL\",\"@id\":\"https:\/\/sks.surf\/sklep\/#\/schema\/logo\/image\/\",\"url\":\"https:\/\/sks.surf\/sklep\/wp-content\/uploads\/2024\/04\/logo-sks-kwadrat.jpeg\",\"contentUrl\":\"https:\/\/sks.surf\/sklep\/wp-content\/uploads\/2024\/04\/logo-sks-kwadrat.jpeg\",\"width\":2000,\"height\":2000,\"caption\":\"SKS\"},\"image\":{\"@id\":\"https:\/\/sks.surf\/sklep\/#\/schema\/logo\/image\/\"},\"sameAs\":[\"https:\/\/www.facebook.com\/SurfingowyKlubSportowy\"]}]}<\/script>\n<!-- \/ Yoast SEO Premium plugin. -->","yoast_head_json":{"title":"Bar Naish 55cm Torque 2","description":"Sklep Online KITE \u2022 WIND \u2022 SURF - dysponujemy szerokim wyborem asortymentu do Kitesurfingu, Windsurfingu i Surfing. Sprawd\u017a r\u00f3wnie\u017c nasze akcesoria. %","robots":{"index":"index","follow":"follow","max-snippet":"max-snippet:-1","max-image-preview":"max-image-preview:large","max-video-preview":"max-video-preview:-1"},"canonical":"https:\/\/sks.surf\/sklep\/produkt\/bar-naish-55cm-torque-2\/","og_locale":"pl_PL","og_type":"article","og_title":"Bar Naish 55cm Torque 2","og_description":"Sklep Online KITE \u2022 WIND \u2022 SURF - dysponujemy szerokim wyborem asortymentu do Kitesurfingu, Windsurfingu i Surfing. Sprawd\u017a r\u00f3wnie\u017c nasze akcesoria.","og_url":"https:\/\/sks.surf\/sklep\/produkt\/bar-naish-55cm-torque-2\/","og_site_name":"SKS","article_publisher":"https:\/\/www.facebook.com\/SurfingowyKlubSportowy","article_modified_time":"2024-07-11T14:42:01+00:00","og_image":[{"width":900,"height":962,"url":"https:\/\/sks.surf\/sklep\/wp-content\/uploads\/2024\/07\/naish-55cm-torque-2-t1-qr-2023-bar.jpg","type":"image\/jpeg"}],"twitter_card":"summary_large_image","twitter_misc":{"Szacowany czas czytania":"1 minuta"},"schema":{"@context":"https:\/\/schema.org","@graph":[{"@type":"WebPage","@id":"https:\/\/sks.surf\/sklep\/produkt\/bar-naish-55cm-torque-2\/","url":"https:\/\/sks.surf\/sklep\/produkt\/bar-naish-55cm-torque-2\/","name":"Bar Naish 55cm Torque 2","isPartOf":{"@id":"https:\/\/sks.surf\/sklep\/#website"},"primaryImageOfPage":{"@id":"https:\/\/sks.surf\/sklep\/produkt\/bar-naish-55cm-torque-2\/#primaryimage"},"image":{"@id":"https:\/\/sks.surf\/sklep\/produkt\/bar-naish-55cm-torque-2\/#primaryimage"},"thumbnailUrl":"https:\/\/sks.surf\/sklep\/wp-content\/uploads\/2024\/07\/naish-55cm-torque-2-t1-qr-2023-bar.jpg","datePublished":"2024-07-11T14:42:00+00:00","dateModified":"2024-07-11T14:42:01+00:00","description":"Sklep Online KITE \u2022 WIND \u2022 SURF - dysponujemy szerokim wyborem asortymentu do Kitesurfingu, Windsurfingu i Surfing. Sprawd\u017a r\u00f3wnie\u017c nasze akcesoria. %","breadcrumb":{"@id":"https:\/\/sks.surf\/sklep\/produkt\/bar-naish-55cm-torque-2\/#breadcrumb"},"inLanguage":"pl-PL","potentialAction":[{"@type":"ReadAction","target":["https:\/\/sks.surf\/sklep\/produkt\/bar-naish-55cm-torque-2\/"]}]},{"@type":"ImageObject","inLanguage":"pl-PL","@id":"https:\/\/sks.surf\/sklep\/produkt\/bar-naish-55cm-torque-2\/#primaryimage","url":"https:\/\/sks.surf\/sklep\/wp-content\/uploads\/2024\/07\/naish-55cm-torque-2-t1-qr-2023-bar.jpg","contentUrl":"https:\/\/sks.surf\/sklep\/wp-content\/uploads\/2024\/07\/naish-55cm-torque-2-t1-qr-2023-bar.jpg","width":900,"height":962},{"@type":"BreadcrumbList","@id":"https:\/\/sks.surf\/sklep\/produkt\/bar-naish-55cm-torque-2\/#breadcrumb","itemListElement":[{"@type":"ListItem","position":1,"name":"Strona g\u0142\u00f3wna","item":"https:\/\/sks.surf\/sklep\/"},{"@type":"ListItem","position":2,"name":"Shop","item":"https:\/\/sks.surf\/sklep\/?page_id=44154"},{"@type":"ListItem","position":3,"name":"Bar Naish 55cm Torque 2"}]},{"@type":"WebSite","@id":"https:\/\/sks.surf\/sklep\/#website","url":"https:\/\/sks.surf\/sklep\/","name":"SKS","description":"Sklep Online","publisher":{"@id":"https:\/\/sks.surf\/sklep\/#organization"},"potentialAction":[{"@type":"SearchAction","target":{"@type":"EntryPoint","urlTemplate":"https:\/\/sks.surf\/sklep\/?s={search_term_string}"},"query-input":"required name=search_term_string"}],"inLanguage":"pl-PL"},{"@type":"Organization","@id":"https:\/\/sks.surf\/sklep\/#organization","name":"SKS","alternateName":"SKS - Sklep Online","url":"https:\/\/sks.surf\/sklep\/","logo":{"@type":"ImageObject","inLanguage":"pl-PL","@id":"https:\/\/sks.surf\/sklep\/#\/schema\/logo\/image\/","url":"https:\/\/sks.surf\/sklep\/wp-content\/uploads\/2024\/04\/logo-sks-kwadrat.jpeg","contentUrl":"https:\/\/sks.surf\/sklep\/wp-content\/uploads\/2024\/04\/logo-sks-kwadrat.jpeg","width":2000,"height":2000,"caption":"SKS"},"image":{"@id":"https:\/\/sks.surf\/sklep\/#\/schema\/logo\/image\/"},"sameAs":["https:\/\/www.facebook.com\/SurfingowyKlubSportowy"]}]}},"_links":{"self":[{"href":"https:\/\/sks.surf\/sklep\/wp-json\/wp\/v2\/product\/49820"}],"collection":[{"href":"https:\/\/sks.surf\/sklep\/wp-json\/wp\/v2\/product"}],"about":[{"href":"https:\/\/sks.surf\/sklep\/wp-json\/wp\/v2\/types\/product"}],"version-history":[{"count":1,"href":"https:\/\/sks.surf\/sklep\/wp-json\/wp\/v2\/product\/49820\/revisions"}],"predecessor-version":[{"id":49824,"href":"https:\/\/sks.surf\/sklep\/wp-json\/wp\/v2\/product\/49820\/revisions\/49824"}],"wp:featuredmedia":[{"embeddable":true,"href":"https:\/\/sks.surf\/sklep\/wp-json\/wp\/v2\/media\/49821"}],"wp:attachment":[{"href":"https:\/\/sks.surf\/sklep\/wp-json\/wp\/v2\/media?parent=49820"}],"wp:term":[{"taxonomy":"product_cat","embeddable":true,"href":"https:\/\/sks.surf\/sklep\/wp-json\/wp\/v2\/product_cat?post=49820"},{"taxonomy":"product_tag","embeddable":true,"href":"https:\/\/sks.surf\/sklep\/wp-json\/wp\/v2\/product_tag?post=49820"}],"curies":[{"name":"wp","href":"https:\/\/api.w.org\/{rel}","templated":true}]}}