{"id":50076,"date":"2024-08-05T12:06:17","date_gmt":"2024-08-05T12:06:17","guid":{"rendered":"https:\/\/sks.surf\/sklep\/?post_type=product&#038;p=50076"},"modified":"2024-08-06T10:44:38","modified_gmt":"2024-08-06T10:44:38","slug":"deska-wing-foil-jp-australia-s-winger-pro-2024","status":"publish","type":"product","link":"https:\/\/sks.surf\/sklep\/produkt\/deska-wing-foil-jp-australia-s-winger-pro-2024\/","title":{"rendered":"Deska wing foil JP-Australia S-Winger PRO 2024"},"content":{"rendered":"<div>Ta seria desek zosta\u0142a stworzona z my\u015bl\u0105 o prone foilingu, tow-foilingu oraz wing foilu na falach przy \u015brednich i silnych wiatrach. To niezb\u0119dny wyb\u00f3r dla zaawansowanych rider\u00f3w, kt\u00f3rzy chc\u0105 przenie\u015b\u0107 swoje umiej\u0119tno\u015bci na nowy, bardziej ekstremalny poziom.<\/div>\n<div><\/div>\n<div>Deska S-Winger, kt\u00f3rej &#8222;S&#8221; oznacza &#8222;Surf&#8221;, jest znana tak\u017ce jako Soul Surfer! To najbardziej charakterystyczny model w swojej kategorii. Dzi\u0119ki lekkiej konstrukcji, zaokr\u0105glonym i podci\u0119tym kraw\u0119dziom (chined rails), wyprofilowanemu dziobowi i rufie z nisk\u0105 przeciwwag\u0105, S-Winger doskonale sprawdza si\u0119 w ciasnych zakr\u0119tach o ma\u0142ym promieniu. Oferuje wyj\u0105tkow\u0105 responsywno\u015b\u0107 oraz bezpo\u015brednie wyczucie foila. G\u0142adka linia rockera u\u0142atwia starty i pozwala na szybkie odbicie od wody w przypadku niekontrolowanych tuchdown&#8217;\u00f3w lub styku z grzbietem fali.<\/div>\n<div><\/div>\n<div>D\u0142ugie szyny w systemie Foil Track z wype\u0142nieniem od pok\u0142adu do dna zapewniaj\u0105 solidne po\u0142\u0105czenie z foilem oraz du\u017c\u0105 mo\u017cliwo\u015b\u0107 dopasowania ustawie\u0144 do preferencji u\u017cytkownika. Pok\u0142ad i dno deski wykonane s\u0105 w technologii PVC-sandwich, a boki wzmocnione materia\u0142em Innegra, co w po\u0142\u0105czeniu ze szczotkowanym wyko\u0144czeniem daje optymalny balans pomi\u0119dzy wytrzyma\u0142o\u015bci\u0105 a wag\u0105.<\/div>\n<div><\/div>\n<div>Zaawansowane w\u0142a\u015bciwo\u015bci techniczne oraz dba\u0142o\u015b\u0107 o ka\u017cdy detal czyni\u0105 S-Winger&#8217;a idealnym wyborem do r\u00f3\u017cnorodnych form foilowania na falach.<\/div>\n","protected":false},"excerpt":{"rendered":"<p>Ta seria desek zosta\u0142a stworzona z my\u015bl\u0105 o prone foilingu, tow-foilingu oraz wing foilu na falach przy \u015brednich i silnych wiatrach. To niezb\u0119dny wyb\u00f3r dla zaawansowanych rider\u00f3w, kt\u00f3rzy chc\u0105 przenie\u015b\u0107 swoje umiej\u0119tno\u015bci na nowy, bardziej ekstremalny poziom. Deska S-Winger, kt\u00f3rej &#8222;S&#8221; oznacza &#8222;Surf&#8221;, jest znana tak\u017ce jako Soul Surfer! To najbardziej charakterystyczny model w swojej [&hellip;]<\/p>\n","protected":false},"featured_media":50077,"template":"","meta":[],"product_cat":[231,229],"product_tag":[762,456,747,758,585,763,735,736,759,761,757,760,416,501],"yoast_head":"<!-- This site is optimized with the Yoast SEO Premium plugin v22.3 (Yoast SEO v22.6) - https:\/\/yoast.com\/wordpress\/plugins\/seo\/ -->\n<title>Deska wing foil JP-Australia S-Winger PRO 2024<\/title>\n<meta name=\"description\" content=\"Sklep Online KITE \u2022 WIND \u2022 SURF - dysponujemy szerokim wyborem asortymentu do Kitesurfingu, Windsurfingu i Surfing. Sprawd\u017a r\u00f3wnie\u017c nasze akcesoria. %\" \/>\n<meta name=\"robots\" content=\"index, follow, max-snippet:-1, max-image-preview:large, max-video-preview:-1\" \/>\n<link rel=\"canonical\" href=\"https:\/\/sks.surf\/sklep\/produkt\/deska-wing-foil-jp-australia-s-winger-pro-2024\/\" \/>\n<meta property=\"og:locale\" content=\"pl_PL\" \/>\n<meta property=\"og:type\" content=\"article\" \/>\n<meta property=\"og:title\" content=\"Deska wing foil JP-Australia S-Winger PRO 2024\" \/>\n<meta property=\"og:description\" content=\"Sklep Online KITE \u2022 WIND \u2022 SURF - dysponujemy szerokim wyborem asortymentu do Kitesurfingu, Windsurfingu i Surfing. Sprawd\u017a r\u00f3wnie\u017c nasze akcesoria.\" \/>\n<meta property=\"og:url\" content=\"https:\/\/sks.surf\/sklep\/produkt\/deska-wing-foil-jp-australia-s-winger-pro-2024\/\" \/>\n<meta property=\"og:site_name\" content=\"SKS\" \/>\n<meta property=\"article:publisher\" content=\"https:\/\/www.facebook.com\/SurfingowyKlubSportowy\" \/>\n<meta property=\"article:modified_time\" content=\"2024-08-06T10:44:38+00:00\" \/>\n<meta property=\"og:image\" content=\"https:\/\/sks.surf\/sklep\/wp-content\/uploads\/2024\/08\/S-WINGER-MEDIA-1.jpg\" \/>\n\t<meta property=\"og:image:width\" content=\"555\" \/>\n\t<meta property=\"og:image:height\" content=\"555\" \/>\n\t<meta property=\"og:image:type\" content=\"image\/jpeg\" \/>\n<meta name=\"twitter:card\" content=\"summary_large_image\" \/>\n<meta name=\"twitter:label1\" content=\"Szacowany czas czytania\" \/>\n\t<meta name=\"twitter:data1\" content=\"1 minuta\" \/>\n<script type=\"application\/ld+json\" class=\"yoast-schema-graph\">{\"@context\":\"https:\/\/schema.org\",\"@graph\":[{\"@type\":\"WebPage\",\"@id\":\"https:\/\/sks.surf\/sklep\/produkt\/deska-wing-foil-jp-australia-s-winger-pro-2024\/\",\"url\":\"https:\/\/sks.surf\/sklep\/produkt\/deska-wing-foil-jp-australia-s-winger-pro-2024\/\",\"name\":\"Deska wing foil JP-Australia S-Winger PRO 2024\",\"isPartOf\":{\"@id\":\"https:\/\/sks.surf\/sklep\/#website\"},\"primaryImageOfPage\":{\"@id\":\"https:\/\/sks.surf\/sklep\/produkt\/deska-wing-foil-jp-australia-s-winger-pro-2024\/#primaryimage\"},\"image\":{\"@id\":\"https:\/\/sks.surf\/sklep\/produkt\/deska-wing-foil-jp-australia-s-winger-pro-2024\/#primaryimage\"},\"thumbnailUrl\":\"https:\/\/sks.surf\/sklep\/wp-content\/uploads\/2024\/08\/S-WINGER-MEDIA-1.jpg\",\"datePublished\":\"2024-08-05T12:06:17+00:00\",\"dateModified\":\"2024-08-06T10:44:38+00:00\",\"description\":\"Sklep Online KITE \u2022 WIND \u2022 SURF - dysponujemy szerokim wyborem asortymentu do Kitesurfingu, Windsurfingu i Surfing. Sprawd\u017a r\u00f3wnie\u017c nasze akcesoria. %\",\"breadcrumb\":{\"@id\":\"https:\/\/sks.surf\/sklep\/produkt\/deska-wing-foil-jp-australia-s-winger-pro-2024\/#breadcrumb\"},\"inLanguage\":\"pl-PL\",\"potentialAction\":[{\"@type\":\"ReadAction\",\"target\":[\"https:\/\/sks.surf\/sklep\/produkt\/deska-wing-foil-jp-australia-s-winger-pro-2024\/\"]}]},{\"@type\":\"ImageObject\",\"inLanguage\":\"pl-PL\",\"@id\":\"https:\/\/sks.surf\/sklep\/produkt\/deska-wing-foil-jp-australia-s-winger-pro-2024\/#primaryimage\",\"url\":\"https:\/\/sks.surf\/sklep\/wp-content\/uploads\/2024\/08\/S-WINGER-MEDIA-1.jpg\",\"contentUrl\":\"https:\/\/sks.surf\/sklep\/wp-content\/uploads\/2024\/08\/S-WINGER-MEDIA-1.jpg\",\"width\":555,\"height\":555},{\"@type\":\"BreadcrumbList\",\"@id\":\"https:\/\/sks.surf\/sklep\/produkt\/deska-wing-foil-jp-australia-s-winger-pro-2024\/#breadcrumb\",\"itemListElement\":[{\"@type\":\"ListItem\",\"position\":1,\"name\":\"Strona g\u0142\u00f3wna\",\"item\":\"https:\/\/sks.surf\/sklep\/\"},{\"@type\":\"ListItem\",\"position\":2,\"name\":\"Shop\",\"item\":\"https:\/\/sks.surf\/sklep\/?page_id=44154\"},{\"@type\":\"ListItem\",\"position\":3,\"name\":\"Deska wing foil JP-Australia S-Winger PRO 2024\"}]},{\"@type\":\"WebSite\",\"@id\":\"https:\/\/sks.surf\/sklep\/#website\",\"url\":\"https:\/\/sks.surf\/sklep\/\",\"name\":\"SKS\",\"description\":\"Sklep Online\",\"publisher\":{\"@id\":\"https:\/\/sks.surf\/sklep\/#organization\"},\"potentialAction\":[{\"@type\":\"SearchAction\",\"target\":{\"@type\":\"EntryPoint\",\"urlTemplate\":\"https:\/\/sks.surf\/sklep\/?s={search_term_string}\"},\"query-input\":\"required name=search_term_string\"}],\"inLanguage\":\"pl-PL\"},{\"@type\":\"Organization\",\"@id\":\"https:\/\/sks.surf\/sklep\/#organization\",\"name\":\"SKS\",\"alternateName\":\"SKS - Sklep Online\",\"url\":\"https:\/\/sks.surf\/sklep\/\",\"logo\":{\"@type\":\"ImageObject\",\"inLanguage\":\"pl-PL\",\"@id\":\"https:\/\/sks.surf\/sklep\/#\/schema\/logo\/image\/\",\"url\":\"https:\/\/sks.surf\/sklep\/wp-content\/uploads\/2024\/04\/logo-sks-kwadrat.jpeg\",\"contentUrl\":\"https:\/\/sks.surf\/sklep\/wp-content\/uploads\/2024\/04\/logo-sks-kwadrat.jpeg\",\"width\":2000,\"height\":2000,\"caption\":\"SKS\"},\"image\":{\"@id\":\"https:\/\/sks.surf\/sklep\/#\/schema\/logo\/image\/\"},\"sameAs\":[\"https:\/\/www.facebook.com\/SurfingowyKlubSportowy\"]}]}<\/script>\n<!-- \/ Yoast SEO Premium plugin. -->","yoast_head_json":{"title":"Deska wing foil JP-Australia S-Winger PRO 2024","description":"Sklep Online KITE \u2022 WIND \u2022 SURF - dysponujemy szerokim wyborem asortymentu do Kitesurfingu, Windsurfingu i Surfing. Sprawd\u017a r\u00f3wnie\u017c nasze akcesoria. %","robots":{"index":"index","follow":"follow","max-snippet":"max-snippet:-1","max-image-preview":"max-image-preview:large","max-video-preview":"max-video-preview:-1"},"canonical":"https:\/\/sks.surf\/sklep\/produkt\/deska-wing-foil-jp-australia-s-winger-pro-2024\/","og_locale":"pl_PL","og_type":"article","og_title":"Deska wing foil JP-Australia S-Winger PRO 2024","og_description":"Sklep Online KITE \u2022 WIND \u2022 SURF - dysponujemy szerokim wyborem asortymentu do Kitesurfingu, Windsurfingu i Surfing. Sprawd\u017a r\u00f3wnie\u017c nasze akcesoria.","og_url":"https:\/\/sks.surf\/sklep\/produkt\/deska-wing-foil-jp-australia-s-winger-pro-2024\/","og_site_name":"SKS","article_publisher":"https:\/\/www.facebook.com\/SurfingowyKlubSportowy","article_modified_time":"2024-08-06T10:44:38+00:00","og_image":[{"width":555,"height":555,"url":"https:\/\/sks.surf\/sklep\/wp-content\/uploads\/2024\/08\/S-WINGER-MEDIA-1.jpg","type":"image\/jpeg"}],"twitter_card":"summary_large_image","twitter_misc":{"Szacowany czas czytania":"1 minuta"},"schema":{"@context":"https:\/\/schema.org","@graph":[{"@type":"WebPage","@id":"https:\/\/sks.surf\/sklep\/produkt\/deska-wing-foil-jp-australia-s-winger-pro-2024\/","url":"https:\/\/sks.surf\/sklep\/produkt\/deska-wing-foil-jp-australia-s-winger-pro-2024\/","name":"Deska wing foil JP-Australia S-Winger PRO 2024","isPartOf":{"@id":"https:\/\/sks.surf\/sklep\/#website"},"primaryImageOfPage":{"@id":"https:\/\/sks.surf\/sklep\/produkt\/deska-wing-foil-jp-australia-s-winger-pro-2024\/#primaryimage"},"image":{"@id":"https:\/\/sks.surf\/sklep\/produkt\/deska-wing-foil-jp-australia-s-winger-pro-2024\/#primaryimage"},"thumbnailUrl":"https:\/\/sks.surf\/sklep\/wp-content\/uploads\/2024\/08\/S-WINGER-MEDIA-1.jpg","datePublished":"2024-08-05T12:06:17+00:00","dateModified":"2024-08-06T10:44:38+00:00","description":"Sklep Online KITE \u2022 WIND \u2022 SURF - dysponujemy szerokim wyborem asortymentu do Kitesurfingu, Windsurfingu i Surfing. Sprawd\u017a r\u00f3wnie\u017c nasze akcesoria. %","breadcrumb":{"@id":"https:\/\/sks.surf\/sklep\/produkt\/deska-wing-foil-jp-australia-s-winger-pro-2024\/#breadcrumb"},"inLanguage":"pl-PL","potentialAction":[{"@type":"ReadAction","target":["https:\/\/sks.surf\/sklep\/produkt\/deska-wing-foil-jp-australia-s-winger-pro-2024\/"]}]},{"@type":"ImageObject","inLanguage":"pl-PL","@id":"https:\/\/sks.surf\/sklep\/produkt\/deska-wing-foil-jp-australia-s-winger-pro-2024\/#primaryimage","url":"https:\/\/sks.surf\/sklep\/wp-content\/uploads\/2024\/08\/S-WINGER-MEDIA-1.jpg","contentUrl":"https:\/\/sks.surf\/sklep\/wp-content\/uploads\/2024\/08\/S-WINGER-MEDIA-1.jpg","width":555,"height":555},{"@type":"BreadcrumbList","@id":"https:\/\/sks.surf\/sklep\/produkt\/deska-wing-foil-jp-australia-s-winger-pro-2024\/#breadcrumb","itemListElement":[{"@type":"ListItem","position":1,"name":"Strona g\u0142\u00f3wna","item":"https:\/\/sks.surf\/sklep\/"},{"@type":"ListItem","position":2,"name":"Shop","item":"https:\/\/sks.surf\/sklep\/?page_id=44154"},{"@type":"ListItem","position":3,"name":"Deska wing foil JP-Australia S-Winger PRO 2024"}]},{"@type":"WebSite","@id":"https:\/\/sks.surf\/sklep\/#website","url":"https:\/\/sks.surf\/sklep\/","name":"SKS","description":"Sklep Online","publisher":{"@id":"https:\/\/sks.surf\/sklep\/#organization"},"potentialAction":[{"@type":"SearchAction","target":{"@type":"EntryPoint","urlTemplate":"https:\/\/sks.surf\/sklep\/?s={search_term_string}"},"query-input":"required name=search_term_string"}],"inLanguage":"pl-PL"},{"@type":"Organization","@id":"https:\/\/sks.surf\/sklep\/#organization","name":"SKS","alternateName":"SKS - Sklep Online","url":"https:\/\/sks.surf\/sklep\/","logo":{"@type":"ImageObject","inLanguage":"pl-PL","@id":"https:\/\/sks.surf\/sklep\/#\/schema\/logo\/image\/","url":"https:\/\/sks.surf\/sklep\/wp-content\/uploads\/2024\/04\/logo-sks-kwadrat.jpeg","contentUrl":"https:\/\/sks.surf\/sklep\/wp-content\/uploads\/2024\/04\/logo-sks-kwadrat.jpeg","width":2000,"height":2000,"caption":"SKS"},"image":{"@id":"https:\/\/sks.surf\/sklep\/#\/schema\/logo\/image\/"},"sameAs":["https:\/\/www.facebook.com\/SurfingowyKlubSportowy"]}]}},"_links":{"self":[{"href":"https:\/\/sks.surf\/sklep\/wp-json\/wp\/v2\/product\/50076"}],"collection":[{"href":"https:\/\/sks.surf\/sklep\/wp-json\/wp\/v2\/product"}],"about":[{"href":"https:\/\/sks.surf\/sklep\/wp-json\/wp\/v2\/types\/product"}],"version-history":[{"count":1,"href":"https:\/\/sks.surf\/sklep\/wp-json\/wp\/v2\/product\/50076\/revisions"}],"predecessor-version":[{"id":50084,"href":"https:\/\/sks.surf\/sklep\/wp-json\/wp\/v2\/product\/50076\/revisions\/50084"}],"wp:featuredmedia":[{"embeddable":true,"href":"https:\/\/sks.surf\/sklep\/wp-json\/wp\/v2\/media\/50077"}],"wp:attachment":[{"href":"https:\/\/sks.surf\/sklep\/wp-json\/wp\/v2\/media?parent=50076"}],"wp:term":[{"taxonomy":"product_cat","embeddable":true,"href":"https:\/\/sks.surf\/sklep\/wp-json\/wp\/v2\/product_cat?post=50076"},{"taxonomy":"product_tag","embeddable":true,"href":"https:\/\/sks.surf\/sklep\/wp-json\/wp\/v2\/product_tag?post=50076"}],"curies":[{"name":"wp","href":"https:\/\/api.w.org\/{rel}","templated":true}]}}